
{"id":4878,"date":"2024-09-21T08:09:27","date_gmt":"2024-09-21T07:09:27","guid":{"rendered":"https:\/\/sugardaddyplanet.com\/?page_id=4878"},"modified":"2025-11-06T11:17:44","modified_gmt":"2025-11-06T11:17:44","slug":"om-oss","status":"publish","type":"page","link":"https:\/\/sugardaddyplanet.com\/sv\/about-us\/","title":{"rendered":"Om oss"},"content":{"rendered":"<p><strong><a href=\"https:\/\/sugardaddyplanet.com\/sv\/\">Sugar Daddy Planet<\/a> grundades 2025 som en sammanslagning av flera lokala dejtingsajter. <\/strong>Efter omfattande feedback fr\u00e5n anv\u00e4ndare i olika l\u00e4nder och efter att Polaris Nexus f\u00f6rv\u00e4rvat dessa lokala webbplatser, togs beslutet att enhetligg\u00f6ra dem. D\u00e4rmed f\u00f6ddes Sugar Daddy Planet ur det amerikanska f\u00f6retaget Polaris Nexus. Tack vare v\u00e5rt enkla registreringssystem, ett helt lokalt community och smarta \u00e5tg\u00e4rder mot spam, erbjuder vi en unik upplevelse d\u00e4r anv\u00e4ndare kan hitta \u00e4kta kontakter n\u00e4ra hemmet.<\/p>\n\n\n\n<h2 class=\"wp-block-heading has-text-align-center\">V\u00e5ra v\u00e4rderingar<\/h2>\n\n\n\n<p>Efter f\u00f6rv\u00e4rvet av de olika sociala n\u00e4tverken \u00e5tog sig Polaris Nexus att forts\u00e4tta v\u00e4rna om de v\u00e4rderingar som gjorde alla lokala webbplatser till plattformar <strong>av k\u00e4rlek, \u00e4rlighet och anst\u00e4ndighet<\/strong>. D\u00e4rf\u00f6r \u00e4r v\u00e5rt \u00e5tagande att detta samh\u00e4lle f\u00f6rblir ett sunt samh\u00e4lle, som uppr\u00e4tth\u00e5ller de ursprungliga v\u00e4rderingarna:<\/p>\n\n\n\n<div class=\"wp-block-stackable-columns stk-block-columns stk-block stk-8742b59\" data-block-id=\"8742b59\"><div class=\"stk-row stk-inner-blocks stk-block-content stk-content-align stk-8742b59-column\">\n<div class=\"wp-block-stackable-column stk-block-column stk-column stk-block stk-25f475f\" data-v=\"4\" data-block-id=\"25f475f\"><div class=\"stk-column-wrapper stk-block-column__content stk-container stk-25f475f-container stk--no-background stk--no-padding\"><div class=\"stk-block-content stk-inner-blocks stk-25f475f-inner-blocks\">\n<h3 class=\"wp-block-heading has-text-align-center\">S\u00e4kerhet<\/h3>\n\n\n\n<p>Vi implementerar h\u00f6gsta m\u00f6jliga s\u00e4kerhetsstandarder p\u00e5 v\u00e5r webbplats, i full \u00f6verensst\u00e4mmelse med dataskyddsbest\u00e4mmelserna.<br>Vi bek\u00e4mpar aktivt spam, falska profiler och vilseledande inneh\u00e5ll. V\u00e5r pl.<\/p>\n\n\n\n<h3 class=\"wp-block-heading has-text-align-center\">Tillit<\/h3>\n\n\n\n<p>Vi erbjuder full support, tydlig kommunikation och fullst\u00e4ndig transparens.<br>V\u00e5r <a href=\"https:\/\/sugardaddyplanet.com\/sv\/hjalpcenter-och-vanliga-fragor\/\">hj\u00e4lpcentret inneh\u00e5ller vanliga fr\u00e5gor<\/a> och m\u00f6jligheten att kontakta oss direkt vid eventuella funderingar eller fr\u00e5gor.<\/p>\n<\/div><\/div><\/div>\n\n\n\n<div class=\"wp-block-stackable-column stk-block-column stk-column stk-block stk-a0df324\" data-v=\"4\" data-block-id=\"a0df324\"><div class=\"stk-column-wrapper stk-block-column__content stk-container stk-a0df324-container stk--no-background stk--no-padding\"><div class=\"stk-block-content stk-inner-blocks stk-a0df324-inner-blocks\">\n<h3 class=\"wp-block-heading has-text-align-center\">Utbildning<\/h3>\n\n\n\n<p>Vi str\u00e4var efter att f\u00f6rklara och fr\u00e4mja verklig f\u00f6rst\u00e5else f\u00f6r socker dating, socker pappa och socker baby. N\u00e4r n\u00e5gon g\u00e5r med vet de exakt vad detta samh\u00e4lle handlar om.<br>Vi \u00f6kar ocks\u00e5 medvetenheten kring alternativa livsstilar och relationer, och positionerar sugar dating som ett s\u00e4tt att f\u00f6rb\u00e4ttra livet, ut\u00f6ka din sociala krets och njuta av nya upplevelser \u2013 inte som en sista utv\u00e4g.<\/p>\n\n\n\n<h3 class=\"wp-block-heading has-text-align-center\">\u00d6ppenhet<\/h3>\n\n\n\n<p>Fr\u00e5n v\u00e5rt betalsystem till v\u00e5rt <a href=\"https:\/\/sugardaddyplanet.com\/sv\/privacy-policy-page\/\">integritets- och medlemskapspolicyer<\/a>, tillhandah\u00e5ller vi korrekt och fullst\u00e4ndig information.<br><\/p>\n<\/div><\/div><\/div>\n<\/div><\/div>\n\n\n\n<h2 class=\"wp-block-heading has-text-align-center\">Vad g\u00f6r oss annorlunda?<\/h2>\n\n\n\n<div class=\"wp-block-stackable-columns stk-block-columns stk-block stk-0bc0431\" data-block-id=\"0bc0431\"><div class=\"stk-row stk-inner-blocks stk-block-content stk-content-align stk-0bc0431-column\">\n<div class=\"wp-block-stackable-column stk-block-column stk-column stk-block stk-b9cb707\" data-v=\"4\" data-block-id=\"b9cb707\"><div class=\"stk-column-wrapper stk-block-column__content stk-container stk-b9cb707-container stk--no-background stk--no-padding\"><div class=\"stk-block-content stk-inner-blocks stk-b9cb707-inner-blocks\">\n<h3 class=\"wp-block-heading has-text-align-center\">Lokalsamh\u00e4llet<\/h3>\n\n\n\n<p>V\u00e5ra medlemmar \u00e4r 100% World-baserade \u2014 inga irriterande botmeddelanden eller falska profiler fr\u00e5n utlandet. Tr\u00e4ffa m\u00e4nniskor n\u00e4ra dig, utan distraktioner.<\/p>\n<\/div><\/div><\/div>\n\n\n\n<div class=\"wp-block-stackable-column stk-block-column stk-column stk-block stk-6d01bdc\" data-v=\"4\" data-block-id=\"6d01bdc\"><div class=\"stk-column-wrapper stk-block-column__content stk-container stk-6d01bdc-container stk--no-background stk--no-padding\"><div class=\"stk-block-content stk-inner-blocks stk-6d01bdc-inner-blocks\">\n<h3 class=\"wp-block-heading has-text-align-center\">Diskretion<\/h3>\n\n\n\n<p>Din integritet \u00e4r v\u00e5r prioritet. Inga st\u00e4ndiga pop-ups, inga \u00e4ndl\u00f6sa e-posterbjudanden. Du har kontrollen \u2013 aviseringar \u00e4r valfria och helt anpassningsbara.<\/p>\n<\/div><\/div><\/div>\n\n\n\n<div class=\"wp-block-stackable-column stk-block-column stk-column stk-block stk-49cc98e\" data-v=\"4\" data-block-id=\"49cc98e\"><div class=\"stk-column-wrapper stk-block-column__content stk-container stk-49cc98e-container stk--no-background stk--no-padding\"><div class=\"stk-block-content stk-inner-blocks stk-49cc98e-inner-blocks\">\n<h3 class=\"wp-block-heading has-text-align-center\">L\u00e4tt att anv\u00e4nda<\/h3>\n\n\n\n<p>Inga betala-per-meddelande-knep eller f\u00f6rvirrande kreditsystem. Om du \u00e4r en sugar baby, \u00e4r det gratis att chatta. Om du \u00e4r en sugar daddy betalar du en enkel m\u00e5nadsavgift \u2013 inga bindningar, du kan s\u00e4ga upp dig n\u00e4r som helst.<\/p>\n<\/div><\/div><\/div>\n<\/div><\/div>\n\n\n\n<h2 class=\"wp-block-heading has-text-align-center\">V\u00e5rt \u00e5tagande gentemot samh\u00e4llet<\/h2>\n\n\n\n<div class=\"wp-block-stackable-columns stk-block-columns stk-block stk-fed4f4c\" data-block-id=\"fed4f4c\"><div class=\"stk-row stk-inner-blocks stk-block-content stk-content-align stk-fed4f4c-column\">\n<div class=\"wp-block-stackable-column stk-block-column stk-column stk-block stk-cde7a34\" data-v=\"4\" data-block-id=\"cde7a34\"><div class=\"stk-column-wrapper stk-block-column__content stk-container stk-cde7a34-container stk--no-background stk--no-padding\"><div class=\"stk-block-content stk-inner-blocks stk-cde7a34-inner-blocks\">\n<h3 class=\"wp-block-heading has-text-align-center\">S\u00e4kra och positiva upplevelser<\/h3>\n\n\n\n<p>Vi \u00e4r helt engagerade i s\u00e4kerheten och v\u00e4lbefinnandet f\u00f6r v\u00e5rt samh\u00e4lle. Baserat p\u00e5 \u00e5terkoppling fr\u00e5n bloggar och insikter fr\u00e5n anv\u00e4ndare f\u00f6rb\u00e4ttrar vi oss st\u00e4ndigt f\u00f6r att s\u00e4kerst\u00e4lla en respektfull och genuin milj\u00f6.<\/p>\n<\/div><\/div><\/div>\n\n\n\n<div class=\"wp-block-stackable-column stk-block-column stk-column stk-block stk-5c888d3\" data-v=\"4\" data-block-id=\"5c888d3\"><div class=\"stk-column-wrapper stk-block-column__content stk-container stk-5c888d3-container stk--no-background stk--no-padding\"><div class=\"stk-block-content stk-inner-blocks stk-5c888d3-inner-blocks\">\n<h3 class=\"wp-block-heading has-text-align-center\">Kontinuerlig f\u00f6rb\u00e4ttring<\/h3>\n\n\n\n<p>Anv\u00e4ndarfeedback driver oss. Vi lyssnar p\u00e5 v\u00e5ra medlemmar och anv\u00e4nder era f\u00f6rslag f\u00f6r att g\u00f6ra v\u00e5r plattform \u00e4nnu b\u00e4ttre.<br>V\u00e5rt engagerade support- och modereringsteam finns alltid h\u00e4r f\u00f6r att hj\u00e4lpa till.<\/p>\n<\/div><\/div><\/div>\n\n\n\n<div class=\"wp-block-stackable-column stk-block-column stk-column stk-block stk-0d54d3e\" data-v=\"4\" data-block-id=\"0d54d3e\"><div class=\"stk-column-wrapper stk-block-column__content stk-container stk-0d54d3e-container stk--no-background stk--no-padding\"><div class=\"stk-block-content stk-inner-blocks stk-0d54d3e-inner-blocks\">\n<h3 class=\"wp-block-heading has-text-align-center\">Socialt ansvarstagande<\/h3>\n\n\n\n<p>Vi st\u00f6der aktivt en s\u00e4krare digital kultur. Vi samarbetar med informationskampanjer och initiativ som fr\u00e4mjar ansvarsfullt beteende online.<br>Vi st\u00f6der ocks\u00e5 kampen mot m\u00e4nniskohandel och samarbetar med icke-statliga organisationer f\u00f6r att vara i linje med deras v\u00e4rderingar och st\u00f6dja deras uppdrag.<\/p>\n<\/div><\/div><\/div>\n<\/div><\/div>\n\n\n\n<h2 class=\"wp-block-heading has-text-align-center\">Framtidsutsikter<\/h2>\n\n\n\n<h3 class=\"wp-block-heading has-text-align-center\">Kontinuerlig innovation<\/h3>\n\n\n\n<p>Vi utvecklas hela tiden. Fr\u00e5n smartare profilverifiering till avancerade integritetsverktyg str\u00e4var vi efter att erbjuda en exceptionell anv\u00e4ndarupplevelse.<br>Vi h\u00e5ller oss uppdaterade med tekniska innovationer och marknadstrender f\u00f6r att m\u00f6ta dina f\u00f6rv\u00e4ntningar.<\/p>\n\n\n\n<h3 class=\"wp-block-heading has-text-align-center\">Stark n\u00e4rvaro i v\u00e4rlden<\/h3>\n\n\n\n<p>Sugar Daddy Planet str\u00e4var efter att vara den ledande plattformen f\u00f6r dem som s\u00f6ker relationer med \u00e4ldre vuxna i en autentisk och \u00e4kta milj\u00f6. V\u00e5rt fokus \u00e4r internationellt och anpassar sig till olika kulturer och l\u00e4nder. Vi f\u00f6rst\u00e5r att sugardating inte upplevs p\u00e5 samma s\u00e4tt \u00f6verallt, s\u00e5 vi modererar och ut\u00f6kar v\u00e5r blogg f\u00f6r att forts\u00e4tta utbilda genom internationellt relevanta artiklar.<\/p>\n\n\n\n<p class=\"has-text-align-center\">Din integritet, din upplevelse, dina regler \u2014 v\u00e4lkommen till <strong>Sugar Daddy Planet<\/strong>.<\/p>\n\n\n<div class=\"wp-block-image\">\n<figure class=\"aligncenter size-large\"><img decoding=\"async\" width=\"500\" height=\"101\" src=\"https:\/\/sugardaddyplanet.com\/wp-content\/uploads\/2025\/10\/logosugardaddyplanet-500x101.avif\" alt=\"Logotyp Sugar Daddy Planet\" class=\"wp-image-7765\" srcset=\"https:\/\/sugardaddyplanet.com\/wp-content\/uploads\/2025\/10\/logosugardaddyplanet-500x101.avif 500w, https:\/\/sugardaddyplanet.com\/wp-content\/uploads\/2025\/10\/logosugardaddyplanet-200x40.avif 200w, https:\/\/sugardaddyplanet.com\/wp-content\/uploads\/2025\/10\/logosugardaddyplanet-768x155.avif 768w, https:\/\/sugardaddyplanet.com\/wp-content\/uploads\/2025\/10\/logosugardaddyplanet-1536x309.avif 1536w, https:\/\/sugardaddyplanet.com\/wp-content\/uploads\/2025\/10\/logosugardaddyplanet-18x4.avif 18w, https:\/\/sugardaddyplanet.com\/wp-content\/uploads\/2025\/10\/logosugardaddyplanet-800x161.avif 800w, https:\/\/sugardaddyplanet.com\/wp-content\/uploads\/2025\/10\/logosugardaddyplanet-938x189.avif 938w, https:\/\/sugardaddyplanet.com\/wp-content\/uploads\/2025\/10\/logosugardaddyplanet.avif 1911w\" sizes=\"(max-width: 500px) 100vw, 500px\" \/><\/figure>\n<\/div>\n\n\n<p><\/p>","protected":false},"excerpt":{"rendered":"<p>Sugar Daddy Planet was founded in 2025 as a merger of several local dating sites. After extensive user feedback across various countries and following Polaris Nexus acquisition of these local sites, the decision was made to unify them. Thus, Sugar Daddy Planet was born from the American company Polaris Nexus. Thanks to our simple registration [&hellip;]<\/p>\n","protected":false},"author":1,"featured_media":0,"parent":0,"menu_order":0,"comment_status":"closed","ping_status":"closed","template":"","meta":{"pmpro_default_level":"","footnotes":""},"class_list":["post-4878","page","type-page","status-publish","hentry","pmpro-has-access"],"featured_image_urls":{"full":"","thumbnail":"","medium":"","medium_large":"","large":"","1536x1536":"","2048x2048":"","trp-custom-language-flag":"","rt_media_thumbnail":"","rt_media_activity_image":"","rt_media_single_image":"","rt_media_featured_image":"","post-thumbnail":"","blog_carousel":""},"post_excerpt_stackable":"<p>Sugar Daddy Planet was founded in 2025 as a merger of several local dating sites. After extensive user feedback across various countries and following Polaris Nexus acquisition of these local sites, the decision was made to unify them. Thus, Sugar Daddy Planet was born from the American company Polaris Nexus. Thanks to our simple registration system, a fully local community, and smart anti-spam measures, we offer a unique experience where users can find genuine connections close to home. Our Values Following the acquisition of the various social networks, Polaris Nexus committed to continuing to uphold the values \u200b\u200bthat made all&hellip;<\/p>\n","category_list":"","author_info":{"name":"Administrador","url":"https:\/\/sugardaddyplanet.com\/sv\/author\/poweb\/"},"comments_num":"0 comments","featured_image_urls_v2":{"full":"","thumbnail":"","medium":"","medium_large":"","large":"","1536x1536":"","2048x2048":"","trp-custom-language-flag":"","rt_media_thumbnail":"","rt_media_activity_image":"","rt_media_single_image":"","rt_media_featured_image":"","post-thumbnail":"","blog_carousel":""},"post_excerpt_stackable_v2":"<p>Sugar Daddy Planet was founded in 2025 as a merger of several local dating sites. After extensive user feedback across various countries and following Polaris Nexus acquisition of these local sites, the decision was made to unify them. Thus, Sugar Daddy Planet was born from the American company Polaris Nexus. Thanks to our simple registration system, a fully local community, and smart anti-spam measures, we offer a unique experience where users can find genuine connections close to home. Our Values Following the acquisition of the various social networks, Polaris Nexus committed to continuing to uphold the values \u200b\u200bthat made all&hellip;<\/p>\n","category_list_v2":"","author_info_v2":{"name":"Administrador","url":"https:\/\/sugardaddyplanet.com\/sv\/author\/poweb\/"},"comments_num_v2":"0 comments","yoast_head":"<!-- This site is optimized with the Yoast SEO plugin v27.5 - https:\/\/yoast.com\/product\/yoast-seo-wordpress\/ -->\n<title>About US<\/title>\n<meta name=\"robots\" content=\"index, follow, max-snippet:-1, max-image-preview:large, max-video-preview:-1\" \/>\n<link rel=\"canonical\" href=\"https:\/\/sugardaddyplanet.com\/sv\/om-oss\/\" \/>\n<meta property=\"og:locale\" content=\"sv_SE\" \/>\n<meta property=\"og:type\" content=\"article\" \/>\n<meta property=\"og:title\" content=\"About US\" \/>\n<meta property=\"og:description\" content=\"Sugar Daddy Planet was founded in 2025 as a merger of several local dating sites. After extensive user feedback across various countries and following Polaris Nexus acquisition of these local sites, the decision was made to unify them. Thus, Sugar Daddy Planet was born from the American company Polaris Nexus. Thanks to our simple registration [&hellip;]\" \/>\n<meta property=\"og:url\" content=\"https:\/\/sugardaddyplanet.com\/sv\/om-oss\/\" \/>\n<meta property=\"og:site_name\" content=\"Sugar Daddy Planet\" \/>\n<meta property=\"article:modified_time\" content=\"2025-11-06T11:17:44+00:00\" \/>\n<meta name=\"twitter:card\" content=\"summary_large_image\" \/>\n<meta name=\"twitter:label1\" content=\"Ber\u00e4knad l\u00e4stid\" \/>\n\t<meta name=\"twitter:data1\" content=\"3 minuter\" \/>\n<script type=\"application\/ld+json\" class=\"yoast-schema-graph\">{\"@context\":\"https:\\\/\\\/schema.org\",\"@graph\":[{\"@type\":\"WebPage\",\"@id\":\"https:\\\/\\\/sugardaddyplanet.com\\\/about-us\\\/\",\"url\":\"https:\\\/\\\/sugardaddyplanet.com\\\/about-us\\\/\",\"name\":\"About US\",\"isPartOf\":{\"@id\":\"https:\\\/\\\/sugardaddyplanet.com\\\/#website\"},\"primaryImageOfPage\":{\"@id\":\"https:\\\/\\\/sugardaddyplanet.com\\\/about-us\\\/#primaryimage\"},\"image\":{\"@id\":\"https:\\\/\\\/sugardaddyplanet.com\\\/about-us\\\/#primaryimage\"},\"thumbnailUrl\":\"https:\\\/\\\/sugardaddyplanet.com\\\/wp-content\\\/uploads\\\/2025\\\/10\\\/logosugardaddyplanet-500x101.avif\",\"datePublished\":\"2024-09-21T07:09:27+00:00\",\"dateModified\":\"2025-11-06T11:17:44+00:00\",\"breadcrumb\":{\"@id\":\"https:\\\/\\\/sugardaddyplanet.com\\\/about-us\\\/#breadcrumb\"},\"inLanguage\":\"sv-SE\",\"potentialAction\":[{\"@type\":\"ReadAction\",\"target\":[\"https:\\\/\\\/sugardaddyplanet.com\\\/about-us\\\/\"]}]},{\"@type\":\"ImageObject\",\"inLanguage\":\"sv-SE\",\"@id\":\"https:\\\/\\\/sugardaddyplanet.com\\\/about-us\\\/#primaryimage\",\"url\":\"https:\\\/\\\/sugardaddyplanet.com\\\/wp-content\\\/uploads\\\/2025\\\/10\\\/logosugardaddyplanet-500x101.avif\",\"contentUrl\":\"https:\\\/\\\/sugardaddyplanet.com\\\/wp-content\\\/uploads\\\/2025\\\/10\\\/logosugardaddyplanet-500x101.avif\"},{\"@type\":\"BreadcrumbList\",\"@id\":\"https:\\\/\\\/sugardaddyplanet.com\\\/about-us\\\/#breadcrumb\",\"itemListElement\":[{\"@type\":\"ListItem\",\"position\":1,\"name\":\"Home\",\"item\":\"https:\\\/\\\/sugardaddyplanet.com\\\/\"},{\"@type\":\"ListItem\",\"position\":2,\"name\":\"About US\"}]},{\"@type\":\"WebSite\",\"@id\":\"https:\\\/\\\/sugardaddyplanet.com\\\/#website\",\"url\":\"https:\\\/\\\/sugardaddyplanet.com\\\/\",\"name\":\"Sugar Daddy Planet\",\"description\":\"World social network for sugar daddies and sugar babies.\",\"publisher\":{\"@id\":\"https:\\\/\\\/sugardaddyplanet.com\\\/#organization\"},\"potentialAction\":[{\"@type\":\"SearchAction\",\"target\":{\"@type\":\"EntryPoint\",\"urlTemplate\":\"https:\\\/\\\/sugardaddyplanet.com\\\/?s={search_term_string}\"},\"query-input\":{\"@type\":\"PropertyValueSpecification\",\"valueRequired\":true,\"valueName\":\"search_term_string\"}}],\"inLanguage\":\"sv-SE\"},{\"@type\":\"Organization\",\"@id\":\"https:\\\/\\\/sugardaddyplanet.com\\\/#organization\",\"name\":\"Sugar Daddy Planet\",\"url\":\"https:\\\/\\\/sugardaddyplanet.com\\\/\",\"logo\":{\"@type\":\"ImageObject\",\"inLanguage\":\"sv-SE\",\"@id\":\"https:\\\/\\\/sugardaddyplanet.com\\\/#\\\/schema\\\/logo\\\/image\\\/\",\"url\":\"\",\"contentUrl\":\"\",\"caption\":\"Sugar Daddy Planet\"},\"image\":{\"@id\":\"https:\\\/\\\/sugardaddyplanet.com\\\/#\\\/schema\\\/logo\\\/image\\\/\"}}]}<\/script>\n<!-- \/ Yoast SEO plugin. -->","yoast_head_json":{"title":"Om oss","robots":{"index":"index","follow":"follow","max-snippet":"max-snippet:-1","max-image-preview":"max-image-preview:large","max-video-preview":"max-video-preview:-1"},"canonical":"https:\/\/sugardaddyplanet.com\/sv\/om-oss\/","og_locale":"sv_SE","og_type":"article","og_title":"About US","og_description":"Sugar Daddy Planet was founded in 2025 as a merger of several local dating sites. After extensive user feedback across various countries and following Polaris Nexus acquisition of these local sites, the decision was made to unify them. Thus, Sugar Daddy Planet was born from the American company Polaris Nexus. Thanks to our simple registration [&hellip;]","og_url":"https:\/\/sugardaddyplanet.com\/sv\/om-oss\/","og_site_name":"Sugar Daddy Planet","article_modified_time":"2025-11-06T11:17:44+00:00","twitter_card":"summary_large_image","twitter_misc":{"Ber\u00e4knad l\u00e4stid":"3 minuter"},"schema":{"@context":"https:\/\/schema.org","@graph":[{"@type":"WebPage","@id":"https:\/\/sugardaddyplanet.com\/about-us\/","url":"https:\/\/sugardaddyplanet.com\/about-us\/","name":"Om oss","isPartOf":{"@id":"https:\/\/sugardaddyplanet.com\/#website"},"primaryImageOfPage":{"@id":"https:\/\/sugardaddyplanet.com\/about-us\/#primaryimage"},"image":{"@id":"https:\/\/sugardaddyplanet.com\/about-us\/#primaryimage"},"thumbnailUrl":"https:\/\/sugardaddyplanet.com\/wp-content\/uploads\/2025\/10\/logosugardaddyplanet-500x101.avif","datePublished":"2024-09-21T07:09:27+00:00","dateModified":"2025-11-06T11:17:44+00:00","breadcrumb":{"@id":"https:\/\/sugardaddyplanet.com\/about-us\/#breadcrumb"},"inLanguage":"sv-SE","potentialAction":[{"@type":"ReadAction","target":["https:\/\/sugardaddyplanet.com\/about-us\/"]}]},{"@type":"ImageObject","inLanguage":"sv-SE","@id":"https:\/\/sugardaddyplanet.com\/about-us\/#primaryimage","url":"https:\/\/sugardaddyplanet.com\/wp-content\/uploads\/2025\/10\/logosugardaddyplanet-500x101.avif","contentUrl":"https:\/\/sugardaddyplanet.com\/wp-content\/uploads\/2025\/10\/logosugardaddyplanet-500x101.avif"},{"@type":"BreadcrumbList","@id":"https:\/\/sugardaddyplanet.com\/about-us\/#breadcrumb","itemListElement":[{"@type":"ListItem","position":1,"name":"Home","item":"https:\/\/sugardaddyplanet.com\/"},{"@type":"ListItem","position":2,"name":"About US"}]},{"@type":"WebSite","@id":"https:\/\/sugardaddyplanet.com\/#website","url":"https:\/\/sugardaddyplanet.com\/","name":"Sugar Daddy Planet","description":"V\u00e4rldens sociala n\u00e4tverk f\u00f6r sugar daddies och sugar babies.","publisher":{"@id":"https:\/\/sugardaddyplanet.com\/#organization"},"potentialAction":[{"@type":"SearchAction","target":{"@type":"EntryPoint","urlTemplate":"https:\/\/sugardaddyplanet.com\/?s={search_term_string}"},"query-input":{"@type":"PropertyValueSpecification","valueRequired":true,"valueName":"search_term_string"}}],"inLanguage":"sv-SE"},{"@type":"Organization","@id":"https:\/\/sugardaddyplanet.com\/#organization","name":"Sugar Daddy Planet","url":"https:\/\/sugardaddyplanet.com\/","logo":{"@type":"ImageObject","inLanguage":"sv-SE","@id":"https:\/\/sugardaddyplanet.com\/#\/schema\/logo\/image\/","url":"","contentUrl":"","caption":"Sugar Daddy Planet"},"image":{"@id":"https:\/\/sugardaddyplanet.com\/#\/schema\/logo\/image\/"}}]}},"_links":{"self":[{"href":"https:\/\/sugardaddyplanet.com\/sv\/wp-json\/wp\/v2\/pages\/4878","targetHints":{"allow":["GET"]}}],"collection":[{"href":"https:\/\/sugardaddyplanet.com\/sv\/wp-json\/wp\/v2\/pages"}],"about":[{"href":"https:\/\/sugardaddyplanet.com\/sv\/wp-json\/wp\/v2\/types\/page"}],"author":[{"embeddable":true,"href":"https:\/\/sugardaddyplanet.com\/sv\/wp-json\/wp\/v2\/users\/1"}],"replies":[{"embeddable":true,"href":"https:\/\/sugardaddyplanet.com\/sv\/wp-json\/wp\/v2\/comments?post=4878"}],"version-history":[{"count":0,"href":"https:\/\/sugardaddyplanet.com\/sv\/wp-json\/wp\/v2\/pages\/4878\/revisions"}],"wp:attachment":[{"href":"https:\/\/sugardaddyplanet.com\/sv\/wp-json\/wp\/v2\/media?parent=4878"}],"curies":[{"name":"wp","href":"https:\/\/api.w.org\/{rel}","templated":true}]}}