
{"id":595,"date":"2018-08-07T15:53:43","date_gmt":"2018-08-07T15:53:43","guid":{"rendered":"https:\/\/sugardaddyplanet.com\/?page_id=595"},"modified":"2025-10-16T13:48:51","modified_gmt":"2025-10-16T12:48:51","slug":"blog-sladkor","status":"publish","type":"page","link":"https:\/\/sugardaddyplanet.com\/sl\/blog-sugar\/","title":{"rendered":"Blog"},"content":{"rendered":"<div class=\"wp-block-ugb-blog-posts ugb-blog-posts ugb-5c495c2 ugb-blog-posts--v2 ugb-blog-posts--design-basic ugb-blog-posts--columns-3 ugb-main-block\"><div class=\"ugb-inner-block\"><div class=\"ugb-block-content\"><article class=\"ugb-blog-posts__item\"><div class=\"ugb-blog-posts__content\"><figure class=\"ugb-blog-posts__featured-image ugb--shadow-3\"><a href=\"https:\/\/sugardaddyplanet.com\/sl\/how-to-talk-about-expectations-without-sounding-transactional\/\"><img decoding=\"async\" width=\"980\" height=\"653\" src=\"https:\/\/sugardaddyplanet.com\/wp-content\/uploads\/2026\/03\/image-undefined-25.avif\" class=\"attachment-large size-large wp-post-image\" alt=\"Two people having coffee conversation about relationship expectations\" srcset=\"https:\/\/sugardaddyplanet.com\/wp-content\/uploads\/2026\/03\/image-undefined-25.avif 1296w, https:\/\/sugardaddyplanet.com\/wp-content\/uploads\/2026\/03\/image-undefined-25-500x333.avif 500w, https:\/\/sugardaddyplanet.com\/wp-content\/uploads\/2026\/03\/image-undefined-25-150x100.avif 150w, https:\/\/sugardaddyplanet.com\/wp-content\/uploads\/2026\/03\/image-undefined-25-768x512.avif 768w, https:\/\/sugardaddyplanet.com\/wp-content\/uploads\/2026\/03\/image-undefined-25-18x12.avif 18w, https:\/\/sugardaddyplanet.com\/wp-content\/uploads\/2026\/03\/image-undefined-25-800x533.avif 800w, https:\/\/sugardaddyplanet.com\/wp-content\/uploads\/2026\/03\/image-undefined-25-938x625.avif 938w\" sizes=\"(max-width: 980px) 100vw, 980px\" \/><\/a><\/figure><h3 class=\"ugb-blog-posts__title\"><a href=\"https:\/\/sugardaddyplanet.com\/sl\/how-to-talk-about-expectations-without-sounding-transactional\/\">How to Talk About Expectations Without Sounding Transactional<\/a><\/h3><div class=\"ugb-blog-posts__excerpt\"><p>Discussing what you hope to get out of a relationship can feel tricky, especially when you want to keep things genuine and connected. In sugar dating arrangements, where mutual benefits often play a central role,&#8230;<\/div><p class=\"ugb-blog-posts__readmore\"><a href=\"https:\/\/sugardaddyplanet.com\/sl\/how-to-talk-about-expectations-without-sounding-transactional\/\">Preberi ve\u010d<\/a><\/p><\/div><\/article><article class=\"ugb-blog-posts__item\"><div class=\"ugb-blog-posts__content\"><figure class=\"ugb-blog-posts__featured-image ugb--shadow-3\"><a href=\"https:\/\/sugardaddyplanet.com\/sl\/my-sugar-daddy-is-falling-in-love-with-me-how-should-i-react\/\"><img decoding=\"async\" width=\"980\" height=\"535\" src=\"https:\/\/sugardaddyplanet.com\/wp-content\/uploads\/2026\/03\/image-undefined-20.avif\" class=\"attachment-large size-large wp-post-image\" alt=\"Pametni telefon, ki prikazuje \u010dustveno besedilno sporo\u010dilo na marmornati povr\u0161ini\" srcset=\"https:\/\/sugardaddyplanet.com\/wp-content\/uploads\/2026\/03\/image-undefined-20.avif 1408w, https:\/\/sugardaddyplanet.com\/wp-content\/uploads\/2026\/03\/image-undefined-20-500x273.avif 500w, https:\/\/sugardaddyplanet.com\/wp-content\/uploads\/2026\/03\/image-undefined-20-150x82.avif 150w, https:\/\/sugardaddyplanet.com\/wp-content\/uploads\/2026\/03\/image-undefined-20-768x419.avif 768w, https:\/\/sugardaddyplanet.com\/wp-content\/uploads\/2026\/03\/image-undefined-20-18x10.avif 18w, https:\/\/sugardaddyplanet.com\/wp-content\/uploads\/2026\/03\/image-undefined-20-800x436.avif 800w, https:\/\/sugardaddyplanet.com\/wp-content\/uploads\/2026\/03\/image-undefined-20-938x512.avif 938w\" sizes=\"(max-width: 980px) 100vw, 980px\" \/><\/a><\/figure><h3 class=\"ugb-blog-posts__title\"><a href=\"https:\/\/sugardaddyplanet.com\/sl\/my-sugar-daddy-is-falling-in-love-with-me-how-should-i-react\/\">Moj Sugar Daddy se zaljublja vame: Kako naj odreagiram?<\/a><\/h3><div class=\"ugb-blog-posts__excerpt\"><p>Gre za situacijo, ki lahko v svetu sladkega zmenkarstva preseneti kogar koli. U\u017eivali ste v ugodnostih \u2013 elegantnih ve\u010derjah, spontanih izletih, iskrenih pogovorih \u2013 in nenadoma se stvari obrnejo. Va\u0161 sugar daddy\u2026<\/div><p class=\"ugb-blog-posts__readmore\"><a href=\"https:\/\/sugardaddyplanet.com\/sl\/my-sugar-daddy-is-falling-in-love-with-me-how-should-i-react\/\">Preberi ve\u010d<\/a><\/p><\/div><\/article><article class=\"ugb-blog-posts__item\"><div class=\"ugb-blog-posts__content\"><figure class=\"ugb-blog-posts__featured-image ugb--shadow-3\"><a href=\"https:\/\/sugardaddyplanet.com\/sl\/how-to-spot-a-fake-sugar-daddy-15-red-flags-you-cant-ignore\/\"><img decoding=\"async\" width=\"980\" height=\"535\" src=\"https:\/\/sugardaddyplanet.com\/wp-content\/uploads\/2026\/03\/image-undefined-10.avif\" class=\"attachment-large size-large wp-post-image\" alt=\"Rde\u010de zastavice, ki simbolizirajo znake za opozorilo in previdnost v odnosih\" srcset=\"https:\/\/sugardaddyplanet.com\/wp-content\/uploads\/2026\/03\/image-undefined-10.avif 1408w, https:\/\/sugardaddyplanet.com\/wp-content\/uploads\/2026\/03\/image-undefined-10-500x273.avif 500w, https:\/\/sugardaddyplanet.com\/wp-content\/uploads\/2026\/03\/image-undefined-10-150x82.avif 150w, https:\/\/sugardaddyplanet.com\/wp-content\/uploads\/2026\/03\/image-undefined-10-768x419.avif 768w, https:\/\/sugardaddyplanet.com\/wp-content\/uploads\/2026\/03\/image-undefined-10-18x10.avif 18w, https:\/\/sugardaddyplanet.com\/wp-content\/uploads\/2026\/03\/image-undefined-10-800x436.avif 800w, https:\/\/sugardaddyplanet.com\/wp-content\/uploads\/2026\/03\/image-undefined-10-938x512.avif 938w\" sizes=\"(max-width: 980px) 100vw, 980px\" \/><\/a><\/figure><h3 class=\"ugb-blog-posts__title\"><a href=\"https:\/\/sugardaddyplanet.com\/sl\/how-to-spot-a-fake-sugar-daddy-15-red-flags-you-cant-ignore\/\">Kako prepoznati la\u017enega sugar daddy-ja: 15 rde\u010dih zastavic, ki jih ne morete spregledati<\/a><\/h3><div class=\"ugb-blog-posts__excerpt\"><p>Svet sugar dating ponuja resni\u010dne prilo\u017enosti za obojestransko koristne povezave, vendar je tudi prostor, kjer delujejo prevaranti. Po podatkih FTC so romanti\u010dne prevare predstavljale ve\u010d kot $1,3 milijarde prijavljenih izgub v...<\/div><p class=\"ugb-blog-posts__readmore\"><a href=\"https:\/\/sugardaddyplanet.com\/sl\/how-to-spot-a-fake-sugar-daddy-15-red-flags-you-cant-ignore\/\">Preberi ve\u010d<\/a><\/p><\/div><\/article><article class=\"ugb-blog-posts__item\"><div class=\"ugb-blog-posts__content\"><figure class=\"ugb-blog-posts__featured-image ugb--shadow-3\"><a href=\"https:\/\/sugardaddyplanet.com\/sl\/what-is-sugar-dating-complete-guide-2025\/\"><img decoding=\"async\" width=\"720\" height=\"960\" src=\"https:\/\/sugardaddyplanet.com\/wp-content\/uploads\/2026\/02\/imagen-1-1.avif\" class=\"attachment-large size-large wp-post-image\" alt=\"\u017denska brska po aplikaciji za sugar dating na telefonu v kavarni\" srcset=\"https:\/\/sugardaddyplanet.com\/wp-content\/uploads\/2026\/02\/imagen-1-1.avif 720w, https:\/\/sugardaddyplanet.com\/wp-content\/uploads\/2026\/02\/imagen-1-1-375x500.avif 375w, https:\/\/sugardaddyplanet.com\/wp-content\/uploads\/2026\/02\/imagen-1-1-113x150.avif 113w, https:\/\/sugardaddyplanet.com\/wp-content\/uploads\/2026\/02\/imagen-1-1-9x12.avif 9w\" sizes=\"(max-width: 720px) 100vw, 720px\" \/><\/a><\/figure><h3 class=\"ugb-blog-posts__title\"><a href=\"https:\/\/sugardaddyplanet.com\/sl\/what-is-sugar-dating-complete-guide-2025\/\">Kaj je sugar dating: popoln vodnik 2025<\/a><\/h3><div class=\"ugb-blog-posts__excerpt\"><p>Sladke zmenkarije so se razvile v priznano obliko sodobne dinamike odnosov, kjer se posamezniki povezujejo na podlagi medsebojnih interesov, dru\u017eenja in izmenjanih izku\u0161enj. V svojem bistvu gre za sklepanje vezi, ki pogosto zdru\u017eujejo mentorstvo, pustolov\u0161\u010dine,\u2026<\/div><p class=\"ugb-blog-posts__readmore\"><a href=\"https:\/\/sugardaddyplanet.com\/sl\/what-is-sugar-dating-complete-guide-2025\/\">Preberi ve\u010d<\/a><\/p><\/div><\/article><\/div><\/div><\/div>","protected":false},"excerpt":{"rendered":"<p>How to Talk About Expectations Without Sounding Transactional Discussing what you hope to get out of a relationship can feel tricky, especially when you want to keep things genuine and connected. In sugar dating arrangements, where mutual benefits often play a central role,&#8230; Leer M\u00e1s My Sugar Daddy Is Falling in Love With Me: How [&hellip;]<\/p>\n","protected":false},"author":1,"featured_media":0,"parent":0,"menu_order":0,"comment_status":"closed","ping_status":"closed","template":"","meta":{"pmpro_default_level":"","footnotes":""},"class_list":["post-595","page","type-page","status-publish","hentry","pmpro-has-access"],"featured_image_urls":{"full":"","thumbnail":"","medium":"","medium_large":"","large":"","1536x1536":"","2048x2048":"","trp-custom-language-flag":"","rt_media_thumbnail":"","rt_media_activity_image":"","rt_media_single_image":"","rt_media_featured_image":"","post-thumbnail":"","blog_carousel":""},"post_excerpt_stackable":"<p>How to Talk About Expectations Without Sounding TransactionalDiscussing what you hope to get out of a relationship can feel tricky, especially when you want to keep things genuine and connected. In sugar dating arrangements, where mutual benefits often play a central role,&#8230;Leer M\u00e1sMy Sugar Daddy Is Falling in Love With Me: How Should I React?It&#8217;s a situation that can catch anyone off guard in the world of sugar dating. You&#8217;ve been enjoying the perks \u2013 elegant dinners, spontaneous trips, genuine conversation \u2013 and suddenly, things shift. Your sugar daddy&#8230;Leer M\u00e1sHow to Spot a Fake Sugar Daddy: 15 Red Flags You&hellip;<\/p>\n","category_list":"","author_info":{"name":"Administrador","url":"https:\/\/sugardaddyplanet.com\/sl\/author\/poweb\/"},"comments_num":"0 comments","featured_image_urls_v2":{"full":"","thumbnail":"","medium":"","medium_large":"","large":"","1536x1536":"","2048x2048":"","trp-custom-language-flag":"","rt_media_thumbnail":"","rt_media_activity_image":"","rt_media_single_image":"","rt_media_featured_image":"","post-thumbnail":"","blog_carousel":""},"post_excerpt_stackable_v2":"<p>How to Talk About Expectations Without Sounding TransactionalDiscussing what you hope to get out of a relationship can feel tricky, especially when you want to keep things genuine and connected. In sugar dating arrangements, where mutual benefits often play a central role,&#8230;Leer M\u00e1sMy Sugar Daddy Is Falling in Love With Me: How Should I React?It&#8217;s a situation that can catch anyone off guard in the world of sugar dating. You&#8217;ve been enjoying the perks \u2013 elegant dinners, spontaneous trips, genuine conversation \u2013 and suddenly, things shift. Your sugar daddy&#8230;Leer M\u00e1sHow to Spot a Fake Sugar Daddy: 15 Red Flags You&hellip;<\/p>\n","category_list_v2":"","author_info_v2":{"name":"Administrador","url":"https:\/\/sugardaddyplanet.com\/sl\/author\/poweb\/"},"comments_num_v2":"0 comments","yoast_head":"<!-- This site is optimized with the Yoast SEO plugin v27.5 - https:\/\/yoast.com\/product\/yoast-seo-wordpress\/ -->\n<title>Blog<\/title>\n<meta name=\"robots\" content=\"index, follow, max-snippet:-1, max-image-preview:large, max-video-preview:-1\" \/>\n<link rel=\"canonical\" href=\"https:\/\/sugardaddyplanet.com\/sl\/blog-sladkor\/\" \/>\n<meta property=\"og:locale\" content=\"sl_SI\" \/>\n<meta property=\"og:type\" content=\"article\" \/>\n<meta property=\"og:title\" content=\"Blog\" \/>\n<meta property=\"og:description\" content=\"How to Talk About Expectations Without Sounding Transactional Discussing what you hope to get out of a relationship can feel tricky, especially when you want to keep things genuine and connected. In sugar dating arrangements, where mutual benefits often play a central role,&#8230; Leer M\u00e1s My Sugar Daddy Is Falling in Love With Me: How [&hellip;]\" \/>\n<meta property=\"og:url\" content=\"https:\/\/sugardaddyplanet.com\/sl\/blog-sladkor\/\" \/>\n<meta property=\"og:site_name\" content=\"Sugar Daddy Planet\" \/>\n<meta property=\"article:modified_time\" content=\"2025-10-16T12:48:51+00:00\" \/>\n<meta name=\"twitter:card\" content=\"summary_large_image\" \/>\n<script type=\"application\/ld+json\" class=\"yoast-schema-graph\">{\"@context\":\"https:\\\/\\\/schema.org\",\"@graph\":[{\"@type\":\"WebPage\",\"@id\":\"https:\\\/\\\/sugardaddyplanet.com\\\/blog-sugar\\\/\",\"url\":\"https:\\\/\\\/sugardaddyplanet.com\\\/blog-sugar\\\/\",\"name\":\"Blog\",\"isPartOf\":{\"@id\":\"https:\\\/\\\/sugardaddyplanet.com\\\/#website\"},\"datePublished\":\"2018-08-07T15:53:43+00:00\",\"dateModified\":\"2025-10-16T12:48:51+00:00\",\"breadcrumb\":{\"@id\":\"https:\\\/\\\/sugardaddyplanet.com\\\/blog-sugar\\\/#breadcrumb\"},\"inLanguage\":\"sl-SI\",\"potentialAction\":[{\"@type\":\"ReadAction\",\"target\":[\"https:\\\/\\\/sugardaddyplanet.com\\\/blog-sugar\\\/\"]}]},{\"@type\":\"BreadcrumbList\",\"@id\":\"https:\\\/\\\/sugardaddyplanet.com\\\/blog-sugar\\\/#breadcrumb\",\"itemListElement\":[{\"@type\":\"ListItem\",\"position\":1,\"name\":\"Home\",\"item\":\"https:\\\/\\\/sugardaddyplanet.com\\\/\"},{\"@type\":\"ListItem\",\"position\":2,\"name\":\"Blog\"}]},{\"@type\":\"WebSite\",\"@id\":\"https:\\\/\\\/sugardaddyplanet.com\\\/#website\",\"url\":\"https:\\\/\\\/sugardaddyplanet.com\\\/\",\"name\":\"Sugar Daddy Planet\",\"description\":\"World social network for sugar daddies and sugar babies.\",\"publisher\":{\"@id\":\"https:\\\/\\\/sugardaddyplanet.com\\\/#organization\"},\"potentialAction\":[{\"@type\":\"SearchAction\",\"target\":{\"@type\":\"EntryPoint\",\"urlTemplate\":\"https:\\\/\\\/sugardaddyplanet.com\\\/?s={search_term_string}\"},\"query-input\":{\"@type\":\"PropertyValueSpecification\",\"valueRequired\":true,\"valueName\":\"search_term_string\"}}],\"inLanguage\":\"sl-SI\"},{\"@type\":\"Organization\",\"@id\":\"https:\\\/\\\/sugardaddyplanet.com\\\/#organization\",\"name\":\"Sugar Daddy Planet\",\"url\":\"https:\\\/\\\/sugardaddyplanet.com\\\/\",\"logo\":{\"@type\":\"ImageObject\",\"inLanguage\":\"sl-SI\",\"@id\":\"https:\\\/\\\/sugardaddyplanet.com\\\/#\\\/schema\\\/logo\\\/image\\\/\",\"url\":\"\",\"contentUrl\":\"\",\"caption\":\"Sugar Daddy Planet\"},\"image\":{\"@id\":\"https:\\\/\\\/sugardaddyplanet.com\\\/#\\\/schema\\\/logo\\\/image\\\/\"}}]}<\/script>\n<!-- \/ Yoast SEO plugin. -->","yoast_head_json":{"title":"Blog","robots":{"index":"index","follow":"follow","max-snippet":"max-snippet:-1","max-image-preview":"max-image-preview:large","max-video-preview":"max-video-preview:-1"},"canonical":"https:\/\/sugardaddyplanet.com\/sl\/blog-sladkor\/","og_locale":"sl_SI","og_type":"article","og_title":"Blog","og_description":"How to Talk About Expectations Without Sounding Transactional Discussing what you hope to get out of a relationship can feel tricky, especially when you want to keep things genuine and connected. In sugar dating arrangements, where mutual benefits often play a central role,&#8230; Leer M\u00e1s My Sugar Daddy Is Falling in Love With Me: How [&hellip;]","og_url":"https:\/\/sugardaddyplanet.com\/sl\/blog-sladkor\/","og_site_name":"Sugar Daddy Planet","article_modified_time":"2025-10-16T12:48:51+00:00","twitter_card":"summary_large_image","schema":{"@context":"https:\/\/schema.org","@graph":[{"@type":"WebPage","@id":"https:\/\/sugardaddyplanet.com\/blog-sugar\/","url":"https:\/\/sugardaddyplanet.com\/blog-sugar\/","name":"Blog","isPartOf":{"@id":"https:\/\/sugardaddyplanet.com\/#website"},"datePublished":"2018-08-07T15:53:43+00:00","dateModified":"2025-10-16T12:48:51+00:00","breadcrumb":{"@id":"https:\/\/sugardaddyplanet.com\/blog-sugar\/#breadcrumb"},"inLanguage":"sl-SI","potentialAction":[{"@type":"ReadAction","target":["https:\/\/sugardaddyplanet.com\/blog-sugar\/"]}]},{"@type":"BreadcrumbList","@id":"https:\/\/sugardaddyplanet.com\/blog-sugar\/#breadcrumb","itemListElement":[{"@type":"ListItem","position":1,"name":"Home","item":"https:\/\/sugardaddyplanet.com\/"},{"@type":"ListItem","position":2,"name":"Blog"}]},{"@type":"WebSite","@id":"https:\/\/sugardaddyplanet.com\/#website","url":"https:\/\/sugardaddyplanet.com\/","name":"Sugar Daddy Planet","description":"Svetovno dru\u017eabno omre\u017eje za sladkorne o\u010dete in sladkorne dojen\u010dke.","publisher":{"@id":"https:\/\/sugardaddyplanet.com\/#organization"},"potentialAction":[{"@type":"SearchAction","target":{"@type":"EntryPoint","urlTemplate":"https:\/\/sugardaddyplanet.com\/?s={search_term_string}"},"query-input":{"@type":"PropertyValueSpecification","valueRequired":true,"valueName":"search_term_string"}}],"inLanguage":"sl-SI"},{"@type":"Organization","@id":"https:\/\/sugardaddyplanet.com\/#organization","name":"Sugar Daddy Planet","url":"https:\/\/sugardaddyplanet.com\/","logo":{"@type":"ImageObject","inLanguage":"sl-SI","@id":"https:\/\/sugardaddyplanet.com\/#\/schema\/logo\/image\/","url":"","contentUrl":"","caption":"Sugar Daddy Planet"},"image":{"@id":"https:\/\/sugardaddyplanet.com\/#\/schema\/logo\/image\/"}}]}},"_links":{"self":[{"href":"https:\/\/sugardaddyplanet.com\/sl\/wp-json\/wp\/v2\/pages\/595","targetHints":{"allow":["GET"]}}],"collection":[{"href":"https:\/\/sugardaddyplanet.com\/sl\/wp-json\/wp\/v2\/pages"}],"about":[{"href":"https:\/\/sugardaddyplanet.com\/sl\/wp-json\/wp\/v2\/types\/page"}],"author":[{"embeddable":true,"href":"https:\/\/sugardaddyplanet.com\/sl\/wp-json\/wp\/v2\/users\/1"}],"replies":[{"embeddable":true,"href":"https:\/\/sugardaddyplanet.com\/sl\/wp-json\/wp\/v2\/comments?post=595"}],"version-history":[{"count":0,"href":"https:\/\/sugardaddyplanet.com\/sl\/wp-json\/wp\/v2\/pages\/595\/revisions"}],"wp:attachment":[{"href":"https:\/\/sugardaddyplanet.com\/sl\/wp-json\/wp\/v2\/media?parent=595"}],"curies":[{"name":"wp","href":"https:\/\/api.w.org\/{rel}","templated":true}]}}