
{"id":4878,"date":"2024-09-21T08:09:27","date_gmt":"2024-09-21T07:09:27","guid":{"rendered":"https:\/\/sugardaddyplanet.com\/?page_id=4878"},"modified":"2025-11-06T11:17:44","modified_gmt":"2025-11-06T11:17:44","slug":"o-nas","status":"publish","type":"page","link":"https:\/\/sugardaddyplanet.com\/sl\/about-us\/","title":{"rendered":"O nas"},"content":{"rendered":"<p><strong><a href=\"https:\/\/sugardaddyplanet.com\/sl\/\">Sugar Daddy Planet<\/a> ustanovljen leta 2025 kot zdru\u017eitev ve\u010d lokalnih spletnih strani za zmenke. <\/strong>Po obse\u017enih povratnih informacijah uporabnikov iz razli\u010dnih dr\u017eav in po prevzemu teh lokalnih spletnih mest s strani podjetja Polaris Nexus je bila sprejeta odlo\u010ditev, da jih poenotimo. Tako se je iz ameri\u0161kega podjetja Polaris Nexus rodil Sugar Daddy Planet. Zahvaljujo\u010d preprostemu sistemu registracije, popolnoma lokalni skupnosti in pametnim ukrepom proti ne\u017eeleni po\u0161ti ponujamo edinstveno izku\u0161njo, kjer lahko uporabniki najdejo pristne zveze blizu doma.<\/p>\n\n\n\n<h2 class=\"wp-block-heading has-text-align-center\">Na\u0161e vrednote<\/h2>\n\n\n\n<p>Dru\u017eba Polaris Nexus se je po prevzemu razli\u010dnih dru\u017eabnih omre\u017eij zavezala, da bo \u0161e naprej ohranjala vrednote, zaradi katerih so vse lokalne spletne platforme <strong>ljubezni, po\u0161tenosti in spodobnosti<\/strong>. Zato je na\u0161a zaveza, da ta skupnost ostane zdrava skupnost, ki se dr\u017ei za\u010detnih vrednot:<\/p>\n\n\n\n<div class=\"wp-block-stackable-columns stk-block-columns stk-block stk-8742b59\" data-block-id=\"8742b59\"><div class=\"stk-row stk-inner-blocks stk-block-content stk-content-align stk-8742b59-column\">\n<div class=\"wp-block-stackable-column stk-block-column stk-column stk-block stk-25f475f\" data-v=\"4\" data-block-id=\"25f475f\"><div class=\"stk-column-wrapper stk-block-column__content stk-container stk-25f475f-container stk--no-background stk--no-padding\"><div class=\"stk-block-content stk-inner-blocks stk-25f475f-inner-blocks\">\n<h3 class=\"wp-block-heading has-text-align-center\">Varnost<\/h3>\n\n\n\n<p>Na na\u0161i spletni strani izvajamo najvi\u0161je mo\u017ene varnostne standarde, v celoti skladne s predpisi o varstvu podatkov.<br>Aktivno se borimo proti ne\u017eeleni po\u0161ti, la\u017enim profilom in zavajajo\u010di vsebini. Na\u0161a platforma spodbuja varno spletno zmenkovanje \u2014 tako na na\u0161em spletnem mestu kot v \u0161ir\u0161em svetu \"sugar dating\".<\/p>\n\n\n\n<h3 class=\"wp-block-heading has-text-align-center\">Zaupanje<\/h3>\n\n\n\n<p>Nudimo popolno podporo, jasno komunikacijo in popolno preglednost.<br>Na\u0161 <a href=\"https:\/\/sugardaddyplanet.com\/sl\/help-center-and-faqs\/\">Sredi\u0161\u010de za pomo\u010d vklju\u010duje pogosta vpra\u0161anja.<\/a> in mo\u017enost, da nas neposredno kontaktirate za morebitne dvome ali vpra\u0161anja.<\/p>\n<\/div><\/div><\/div>\n\n\n\n<div class=\"wp-block-stackable-column stk-block-column stk-column stk-block stk-a0df324\" data-v=\"4\" data-block-id=\"a0df324\"><div class=\"stk-column-wrapper stk-block-column__content stk-container stk-a0df324-container stk--no-background stk--no-padding\"><div class=\"stk-block-content stk-inner-blocks stk-a0df324-inner-blocks\">\n<h3 class=\"wp-block-heading has-text-align-center\">Izobra\u017eevanje<\/h3>\n\n\n\n<p>Prizadevamo si razlo\u017eiti in spodbujati resni\u010dno razumevanje sladkornih zmenkov, sladkornega o\u010deta in sladkornega otroka. Ko se nam nekdo pridru\u017ei, to\u010dno ve, za kaj gre v tej skupnosti.<br>Pove\u010dujemo tudi ozave\u0161\u010denost o alternativnih \u017eivljenjskih slogih in odnosih ter sladko zmenkarstvo postavljamo kot na\u010din za izbolj\u0161anje \u017eivljenja, raz\u0161iritev dru\u017eabnega kroga in u\u017eivanje novih izku\u0161enj \u2013 ne kot zadnjo mo\u017enost.<\/p>\n\n\n\n<h3 class=\"wp-block-heading has-text-align-center\">Preglednost<\/h3>\n\n\n\n<p>Od na\u0161ega pla\u010dilnega sistema do na\u0161ega <a href=\"https:\/\/sugardaddyplanet.com\/sl\/spletna-stran-s-pravilnikom-o-zasebnosti\/\">politika zasebnosti in \u010dlanstva<\/a>, nudimo natan\u010dne in popolne informacije.<br><\/p>\n<\/div><\/div><\/div>\n<\/div><\/div>\n\n\n\n<h2 class=\"wp-block-heading has-text-align-center\">Kaj nas dela druga\u010dne?<\/h2>\n\n\n\n<div class=\"wp-block-stackable-columns stk-block-columns stk-block stk-0bc0431\" data-block-id=\"0bc0431\"><div class=\"stk-row stk-inner-blocks stk-block-content stk-content-align stk-0bc0431-column\">\n<div class=\"wp-block-stackable-column stk-block-column stk-column stk-block stk-b9cb707\" data-v=\"4\" data-block-id=\"b9cb707\"><div class=\"stk-column-wrapper stk-block-column__content stk-container stk-b9cb707-container stk--no-background stk--no-padding\"><div class=\"stk-block-content stk-inner-blocks stk-b9cb707-inner-blocks\">\n<h3 class=\"wp-block-heading has-text-align-center\">Lokalna skupnost<\/h3>\n\n\n\n<p>Na\u0161i \u010dlani so 100% iz sveta \u2013 brez nadle\u017enih sporo\u010dil robotov ali la\u017enih profilov iz tujine. Spoznajte ljudi v va\u0161i bli\u017eini, brez motenj.<\/p>\n<\/div><\/div><\/div>\n\n\n\n<div class=\"wp-block-stackable-column stk-block-column stk-column stk-block stk-6d01bdc\" data-v=\"4\" data-block-id=\"6d01bdc\"><div class=\"stk-column-wrapper stk-block-column__content stk-container stk-6d01bdc-container stk--no-background stk--no-padding\"><div class=\"stk-block-content stk-inner-blocks stk-6d01bdc-inner-blocks\">\n<h3 class=\"wp-block-heading has-text-align-center\">Diskretnost<\/h3>\n\n\n\n<p>Va\u0161a zasebnost je na\u0161a prednostna naloga. Brez nenehnih pojavnih oken, brez neprestanih ponudb po e-po\u0161ti. Vi imate nadzor \u2013 obvestila so neobvezna in popolnoma prilagodljiva.<\/p>\n<\/div><\/div><\/div>\n\n\n\n<div class=\"wp-block-stackable-column stk-block-column stk-column stk-block stk-49cc98e\" data-v=\"4\" data-block-id=\"49cc98e\"><div class=\"stk-column-wrapper stk-block-column__content stk-container stk-49cc98e-container stk--no-background stk--no-padding\"><div class=\"stk-block-content stk-inner-blocks stk-49cc98e-inner-blocks\">\n<h3 class=\"wp-block-heading has-text-align-center\">Enostaven za uporabo<\/h3>\n\n\n\n<p>Brez pla\u010dila za sporo\u010dilo ali zmede glede kreditnih sistemov. \u010ce ste sugar baby, je klepet brezpla\u010den. \u010ce ste sugar daddy, pla\u010date preprosto mese\u010dno naro\u010dnino \u2013 brez obveznosti, lahko jo prekli\u010dete kadarkoli.<\/p>\n<\/div><\/div><\/div>\n<\/div><\/div>\n\n\n\n<h2 class=\"wp-block-heading has-text-align-center\">Na\u0161a zaveza skupnosti<\/h2>\n\n\n\n<div class=\"wp-block-stackable-columns stk-block-columns stk-block stk-fed4f4c\" data-block-id=\"fed4f4c\"><div class=\"stk-row stk-inner-blocks stk-block-content stk-content-align stk-fed4f4c-column\">\n<div class=\"wp-block-stackable-column stk-block-column stk-column stk-block stk-cde7a34\" data-v=\"4\" data-block-id=\"cde7a34\"><div class=\"stk-column-wrapper stk-block-column__content stk-container stk-cde7a34-container stk--no-background stk--no-padding\"><div class=\"stk-block-content stk-inner-blocks stk-cde7a34-inner-blocks\">\n<h3 class=\"wp-block-heading has-text-align-center\">Varne in pozitivne izku\u0161nje<\/h3>\n\n\n\n<p>V celoti smo zavezani varnosti in dobremu po\u010dutju na\u0161e skupnosti. Na podlagi povratnih informacij iz blogov in spoznanj uporabnikov se nenehno izbolj\u0161ujemo, da bi zagotovili spo\u0161tljivo in pristno okolje.<\/p>\n<\/div><\/div><\/div>\n\n\n\n<div class=\"wp-block-stackable-column stk-block-column stk-column stk-block stk-5c888d3\" data-v=\"4\" data-block-id=\"5c888d3\"><div class=\"stk-column-wrapper stk-block-column__content stk-container stk-5c888d3-container stk--no-background stk--no-padding\"><div class=\"stk-block-content stk-inner-blocks stk-5c888d3-inner-blocks\">\n<h3 class=\"wp-block-heading has-text-align-center\">Nenehno izbolj\u0161evanje<\/h3>\n\n\n\n<p>Va\u0161e povratne informacije nas vodijo. Poslu\u0161amo na\u0161e \u010dlane in va\u0161e predloge uporabljamo za \u0161e bolj\u0161e izbolj\u0161anje na\u0161e platforme.<br>Na\u0161a predana ekipa za podporo in moderiranje vam je vedno pripravljena pomagati.<\/p>\n<\/div><\/div><\/div>\n\n\n\n<div class=\"wp-block-stackable-column stk-block-column stk-column stk-block stk-0d54d3e\" data-v=\"4\" data-block-id=\"0d54d3e\"><div class=\"stk-column-wrapper stk-block-column__content stk-container stk-0d54d3e-container stk--no-background stk--no-padding\"><div class=\"stk-block-content stk-inner-blocks stk-0d54d3e-inner-blocks\">\n<h3 class=\"wp-block-heading has-text-align-center\">Dru\u017ebena odgovornost<\/h3>\n\n\n\n<p>Aktivno podpiramo varnej\u0161o digitalno kulturo. Sodelujemo pri kampanjah za ozave\u0161\u010danje in pobudah, ki spodbujajo odgovorno vedenje na spletu.<br>Podpiramo tudi boj proti trgovini z ljudmi in sodelujemo z nevladnimi organizacijami, da bi ostali usklajeni z njihovimi vrednotami in podprli njihovo poslanstvo.<\/p>\n<\/div><\/div><\/div>\n<\/div><\/div>\n\n\n\n<h2 class=\"wp-block-heading has-text-align-center\">Pogled Naprej<\/h2>\n\n\n\n<h3 class=\"wp-block-heading has-text-align-center\">Nenehne inovacije<\/h3>\n\n\n\n<p>Nenehno se razvijamo. Od pametnej\u0161ega preverjanja profila do naprednih orodij za zasebnost, \u017eelimo ponuditi izjemno uporabni\u0161ko izku\u0161njo.<br>Posodabljamo se z novostmi na podro\u010dju tehnologije in tr\u017enimi trendi, da bi izpolnili va\u0161a pri\u010dakovanja.<\/p>\n\n\n\n<h3 class=\"wp-block-heading has-text-align-center\">Mo\u010dna svetovna prisotnost<\/h3>\n\n\n\n<p>Sugar Daddy Planet si prizadeva biti vodilna platforma za tiste, ki i\u0161\u010dejo odnose s starej\u0161imi odraslimi v avtenti\u010dnem in pristnem okolju. Na\u0161 fokus je mednaroden, prilagojen razli\u010dnim kulturam in dr\u017eavam. Zavedamo se, da se sugar dating povsod ne do\u017eivlja enako, zato moderiramo in \u0161irimo svoj blog, da bi \u0161e naprej izobra\u017eevali skozi mednarodno relevantne \u010dlanke.<\/p>\n\n\n\n<p class=\"has-text-align-center\">Va\u0161a zasebnost, va\u0161a izku\u0161nja, va\u0161a pravila \u2014 dobrodo\u0161li pri <strong>Sugar Daddy Planet<\/strong>.<\/p>\n\n\n<div class=\"wp-block-image\">\n<figure class=\"aligncenter size-large\"><img decoding=\"async\" width=\"500\" height=\"101\" src=\"https:\/\/sugardaddyplanet.com\/wp-content\/uploads\/2025\/10\/logosugardaddyplanet-500x101.avif\" alt=\"Logo Planet Sladkega O\u010dka\" class=\"wp-image-7765\" srcset=\"https:\/\/sugardaddyplanet.com\/wp-content\/uploads\/2025\/10\/logosugardaddyplanet-500x101.avif 500w, https:\/\/sugardaddyplanet.com\/wp-content\/uploads\/2025\/10\/logosugardaddyplanet-200x40.avif 200w, https:\/\/sugardaddyplanet.com\/wp-content\/uploads\/2025\/10\/logosugardaddyplanet-768x155.avif 768w, https:\/\/sugardaddyplanet.com\/wp-content\/uploads\/2025\/10\/logosugardaddyplanet-1536x309.avif 1536w, https:\/\/sugardaddyplanet.com\/wp-content\/uploads\/2025\/10\/logosugardaddyplanet-18x4.avif 18w, https:\/\/sugardaddyplanet.com\/wp-content\/uploads\/2025\/10\/logosugardaddyplanet-800x161.avif 800w, https:\/\/sugardaddyplanet.com\/wp-content\/uploads\/2025\/10\/logosugardaddyplanet-938x189.avif 938w, https:\/\/sugardaddyplanet.com\/wp-content\/uploads\/2025\/10\/logosugardaddyplanet.avif 1911w\" sizes=\"(max-width: 500px) 100vw, 500px\" \/><\/figure>\n<\/div>\n\n\n<p><\/p>","protected":false},"excerpt":{"rendered":"<p>Sugar Daddy Planet was founded in 2025 as a merger of several local dating sites. After extensive user feedback across various countries and following Polaris Nexus acquisition of these local sites, the decision was made to unify them. Thus, Sugar Daddy Planet was born from the American company Polaris Nexus. Thanks to our simple registration [&hellip;]<\/p>\n","protected":false},"author":1,"featured_media":0,"parent":0,"menu_order":0,"comment_status":"closed","ping_status":"closed","template":"","meta":{"pmpro_default_level":"","footnotes":""},"class_list":["post-4878","page","type-page","status-publish","hentry","pmpro-has-access"],"featured_image_urls":{"full":"","thumbnail":"","medium":"","medium_large":"","large":"","1536x1536":"","2048x2048":"","trp-custom-language-flag":"","rt_media_thumbnail":"","rt_media_activity_image":"","rt_media_single_image":"","rt_media_featured_image":"","post-thumbnail":"","blog_carousel":""},"post_excerpt_stackable":"<p>Sugar Daddy Planet was founded in 2025 as a merger of several local dating sites. After extensive user feedback across various countries and following Polaris Nexus acquisition of these local sites, the decision was made to unify them. Thus, Sugar Daddy Planet was born from the American company Polaris Nexus. Thanks to our simple registration system, a fully local community, and smart anti-spam measures, we offer a unique experience where users can find genuine connections close to home. Our Values Following the acquisition of the various social networks, Polaris Nexus committed to continuing to uphold the values \u200b\u200bthat made all&hellip;<\/p>\n","category_list":"","author_info":{"name":"Administrador","url":"https:\/\/sugardaddyplanet.com\/sl\/author\/poweb\/"},"comments_num":"0 comments","featured_image_urls_v2":{"full":"","thumbnail":"","medium":"","medium_large":"","large":"","1536x1536":"","2048x2048":"","trp-custom-language-flag":"","rt_media_thumbnail":"","rt_media_activity_image":"","rt_media_single_image":"","rt_media_featured_image":"","post-thumbnail":"","blog_carousel":""},"post_excerpt_stackable_v2":"<p>Sugar Daddy Planet was founded in 2025 as a merger of several local dating sites. After extensive user feedback across various countries and following Polaris Nexus acquisition of these local sites, the decision was made to unify them. Thus, Sugar Daddy Planet was born from the American company Polaris Nexus. Thanks to our simple registration system, a fully local community, and smart anti-spam measures, we offer a unique experience where users can find genuine connections close to home. Our Values Following the acquisition of the various social networks, Polaris Nexus committed to continuing to uphold the values \u200b\u200bthat made all&hellip;<\/p>\n","category_list_v2":"","author_info_v2":{"name":"Administrador","url":"https:\/\/sugardaddyplanet.com\/sl\/author\/poweb\/"},"comments_num_v2":"0 comments","yoast_head":"<!-- This site is optimized with the Yoast SEO plugin v27.5 - https:\/\/yoast.com\/product\/yoast-seo-wordpress\/ -->\n<title>About US<\/title>\n<meta name=\"robots\" content=\"index, follow, max-snippet:-1, max-image-preview:large, max-video-preview:-1\" \/>\n<link rel=\"canonical\" href=\"https:\/\/sugardaddyplanet.com\/sl\/o-nas\/\" \/>\n<meta property=\"og:locale\" content=\"sl_SI\" \/>\n<meta property=\"og:type\" content=\"article\" \/>\n<meta property=\"og:title\" content=\"About US\" \/>\n<meta property=\"og:description\" content=\"Sugar Daddy Planet was founded in 2025 as a merger of several local dating sites. After extensive user feedback across various countries and following Polaris Nexus acquisition of these local sites, the decision was made to unify them. Thus, Sugar Daddy Planet was born from the American company Polaris Nexus. Thanks to our simple registration [&hellip;]\" \/>\n<meta property=\"og:url\" content=\"https:\/\/sugardaddyplanet.com\/sl\/o-nas\/\" \/>\n<meta property=\"og:site_name\" content=\"Sugar Daddy Planet\" \/>\n<meta property=\"article:modified_time\" content=\"2025-11-06T11:17:44+00:00\" \/>\n<meta name=\"twitter:card\" content=\"summary_large_image\" \/>\n<meta name=\"twitter:label1\" content=\"Est. reading time\" \/>\n\t<meta name=\"twitter:data1\" content=\"3 minute\" \/>\n<script type=\"application\/ld+json\" class=\"yoast-schema-graph\">{\"@context\":\"https:\\\/\\\/schema.org\",\"@graph\":[{\"@type\":\"WebPage\",\"@id\":\"https:\\\/\\\/sugardaddyplanet.com\\\/about-us\\\/\",\"url\":\"https:\\\/\\\/sugardaddyplanet.com\\\/about-us\\\/\",\"name\":\"About US\",\"isPartOf\":{\"@id\":\"https:\\\/\\\/sugardaddyplanet.com\\\/#website\"},\"primaryImageOfPage\":{\"@id\":\"https:\\\/\\\/sugardaddyplanet.com\\\/about-us\\\/#primaryimage\"},\"image\":{\"@id\":\"https:\\\/\\\/sugardaddyplanet.com\\\/about-us\\\/#primaryimage\"},\"thumbnailUrl\":\"https:\\\/\\\/sugardaddyplanet.com\\\/wp-content\\\/uploads\\\/2025\\\/10\\\/logosugardaddyplanet-500x101.avif\",\"datePublished\":\"2024-09-21T07:09:27+00:00\",\"dateModified\":\"2025-11-06T11:17:44+00:00\",\"breadcrumb\":{\"@id\":\"https:\\\/\\\/sugardaddyplanet.com\\\/about-us\\\/#breadcrumb\"},\"inLanguage\":\"sl-SI\",\"potentialAction\":[{\"@type\":\"ReadAction\",\"target\":[\"https:\\\/\\\/sugardaddyplanet.com\\\/about-us\\\/\"]}]},{\"@type\":\"ImageObject\",\"inLanguage\":\"sl-SI\",\"@id\":\"https:\\\/\\\/sugardaddyplanet.com\\\/about-us\\\/#primaryimage\",\"url\":\"https:\\\/\\\/sugardaddyplanet.com\\\/wp-content\\\/uploads\\\/2025\\\/10\\\/logosugardaddyplanet-500x101.avif\",\"contentUrl\":\"https:\\\/\\\/sugardaddyplanet.com\\\/wp-content\\\/uploads\\\/2025\\\/10\\\/logosugardaddyplanet-500x101.avif\"},{\"@type\":\"BreadcrumbList\",\"@id\":\"https:\\\/\\\/sugardaddyplanet.com\\\/about-us\\\/#breadcrumb\",\"itemListElement\":[{\"@type\":\"ListItem\",\"position\":1,\"name\":\"Home\",\"item\":\"https:\\\/\\\/sugardaddyplanet.com\\\/\"},{\"@type\":\"ListItem\",\"position\":2,\"name\":\"About US\"}]},{\"@type\":\"WebSite\",\"@id\":\"https:\\\/\\\/sugardaddyplanet.com\\\/#website\",\"url\":\"https:\\\/\\\/sugardaddyplanet.com\\\/\",\"name\":\"Sugar Daddy Planet\",\"description\":\"World social network for sugar daddies and sugar babies.\",\"publisher\":{\"@id\":\"https:\\\/\\\/sugardaddyplanet.com\\\/#organization\"},\"potentialAction\":[{\"@type\":\"SearchAction\",\"target\":{\"@type\":\"EntryPoint\",\"urlTemplate\":\"https:\\\/\\\/sugardaddyplanet.com\\\/?s={search_term_string}\"},\"query-input\":{\"@type\":\"PropertyValueSpecification\",\"valueRequired\":true,\"valueName\":\"search_term_string\"}}],\"inLanguage\":\"sl-SI\"},{\"@type\":\"Organization\",\"@id\":\"https:\\\/\\\/sugardaddyplanet.com\\\/#organization\",\"name\":\"Sugar Daddy Planet\",\"url\":\"https:\\\/\\\/sugardaddyplanet.com\\\/\",\"logo\":{\"@type\":\"ImageObject\",\"inLanguage\":\"sl-SI\",\"@id\":\"https:\\\/\\\/sugardaddyplanet.com\\\/#\\\/schema\\\/logo\\\/image\\\/\",\"url\":\"\",\"contentUrl\":\"\",\"caption\":\"Sugar Daddy Planet\"},\"image\":{\"@id\":\"https:\\\/\\\/sugardaddyplanet.com\\\/#\\\/schema\\\/logo\\\/image\\\/\"}}]}<\/script>\n<!-- \/ Yoast SEO plugin. -->","yoast_head_json":{"title":"O nas","robots":{"index":"index","follow":"follow","max-snippet":"max-snippet:-1","max-image-preview":"max-image-preview:large","max-video-preview":"max-video-preview:-1"},"canonical":"https:\/\/sugardaddyplanet.com\/sl\/o-nas\/","og_locale":"sl_SI","og_type":"article","og_title":"About US","og_description":"Sugar Daddy Planet was founded in 2025 as a merger of several local dating sites. After extensive user feedback across various countries and following Polaris Nexus acquisition of these local sites, the decision was made to unify them. Thus, Sugar Daddy Planet was born from the American company Polaris Nexus. Thanks to our simple registration [&hellip;]","og_url":"https:\/\/sugardaddyplanet.com\/sl\/o-nas\/","og_site_name":"Sugar Daddy Planet","article_modified_time":"2025-11-06T11:17:44+00:00","twitter_card":"summary_large_image","twitter_misc":{"Est. reading time":"3 minute"},"schema":{"@context":"https:\/\/schema.org","@graph":[{"@type":"WebPage","@id":"https:\/\/sugardaddyplanet.com\/about-us\/","url":"https:\/\/sugardaddyplanet.com\/about-us\/","name":"O nas","isPartOf":{"@id":"https:\/\/sugardaddyplanet.com\/#website"},"primaryImageOfPage":{"@id":"https:\/\/sugardaddyplanet.com\/about-us\/#primaryimage"},"image":{"@id":"https:\/\/sugardaddyplanet.com\/about-us\/#primaryimage"},"thumbnailUrl":"https:\/\/sugardaddyplanet.com\/wp-content\/uploads\/2025\/10\/logosugardaddyplanet-500x101.avif","datePublished":"2024-09-21T07:09:27+00:00","dateModified":"2025-11-06T11:17:44+00:00","breadcrumb":{"@id":"https:\/\/sugardaddyplanet.com\/about-us\/#breadcrumb"},"inLanguage":"sl-SI","potentialAction":[{"@type":"ReadAction","target":["https:\/\/sugardaddyplanet.com\/about-us\/"]}]},{"@type":"ImageObject","inLanguage":"sl-SI","@id":"https:\/\/sugardaddyplanet.com\/about-us\/#primaryimage","url":"https:\/\/sugardaddyplanet.com\/wp-content\/uploads\/2025\/10\/logosugardaddyplanet-500x101.avif","contentUrl":"https:\/\/sugardaddyplanet.com\/wp-content\/uploads\/2025\/10\/logosugardaddyplanet-500x101.avif"},{"@type":"BreadcrumbList","@id":"https:\/\/sugardaddyplanet.com\/about-us\/#breadcrumb","itemListElement":[{"@type":"ListItem","position":1,"name":"Home","item":"https:\/\/sugardaddyplanet.com\/"},{"@type":"ListItem","position":2,"name":"About US"}]},{"@type":"WebSite","@id":"https:\/\/sugardaddyplanet.com\/#website","url":"https:\/\/sugardaddyplanet.com\/","name":"Sugar Daddy Planet","description":"Svetovno dru\u017eabno omre\u017eje za sladkorne o\u010dete in sladkorne dojen\u010dke.","publisher":{"@id":"https:\/\/sugardaddyplanet.com\/#organization"},"potentialAction":[{"@type":"SearchAction","target":{"@type":"EntryPoint","urlTemplate":"https:\/\/sugardaddyplanet.com\/?s={search_term_string}"},"query-input":{"@type":"PropertyValueSpecification","valueRequired":true,"valueName":"search_term_string"}}],"inLanguage":"sl-SI"},{"@type":"Organization","@id":"https:\/\/sugardaddyplanet.com\/#organization","name":"Sugar Daddy Planet","url":"https:\/\/sugardaddyplanet.com\/","logo":{"@type":"ImageObject","inLanguage":"sl-SI","@id":"https:\/\/sugardaddyplanet.com\/#\/schema\/logo\/image\/","url":"","contentUrl":"","caption":"Sugar Daddy Planet"},"image":{"@id":"https:\/\/sugardaddyplanet.com\/#\/schema\/logo\/image\/"}}]}},"_links":{"self":[{"href":"https:\/\/sugardaddyplanet.com\/sl\/wp-json\/wp\/v2\/pages\/4878","targetHints":{"allow":["GET"]}}],"collection":[{"href":"https:\/\/sugardaddyplanet.com\/sl\/wp-json\/wp\/v2\/pages"}],"about":[{"href":"https:\/\/sugardaddyplanet.com\/sl\/wp-json\/wp\/v2\/types\/page"}],"author":[{"embeddable":true,"href":"https:\/\/sugardaddyplanet.com\/sl\/wp-json\/wp\/v2\/users\/1"}],"replies":[{"embeddable":true,"href":"https:\/\/sugardaddyplanet.com\/sl\/wp-json\/wp\/v2\/comments?post=4878"}],"version-history":[{"count":0,"href":"https:\/\/sugardaddyplanet.com\/sl\/wp-json\/wp\/v2\/pages\/4878\/revisions"}],"wp:attachment":[{"href":"https:\/\/sugardaddyplanet.com\/sl\/wp-json\/wp\/v2\/media?parent=4878"}],"curies":[{"name":"wp","href":"https:\/\/api.w.org\/{rel}","templated":true}]}}