
{"id":6208,"date":"2025-08-21T08:05:08","date_gmt":"2025-08-21T07:05:08","guid":{"rendered":"https:\/\/sugardaddyplanet.com\/?page_id=6208"},"modified":"2025-08-23T06:04:01","modified_gmt":"2025-08-23T05:04:01","slug":"publikacne-standardy","status":"publish","type":"page","link":"https:\/\/sugardaddyplanet.com\/sk\/publication-standards\/","title":{"rendered":"Publika\u010dn\u00e9 normy"},"content":{"rendered":"<p>Na<a href=\"https:\/\/sugardaddyplanet.com\/sk\/blog-sugar\/\"> Blog Sugar Daddy Planet <\/a>uverej\u0148ujeme realistick\u00fd, u\u017eito\u010dn\u00fd a zodpovedn\u00fd obsah o <strong>s\u00falo\u017eenje s podporou financi\u00ed medzi dospel\u00fdmi (18+)<\/strong>.<br>Nes\u013eubujeme r\u00fdchle v\u00fdsledky ani idealizovan\u00e9 z\u00e1\u017eitky: nepred\u00e1vame my\u0161lienku \u201cza dva dni n\u00e1jdete milion\u00e1ra\u201d.\u201d<br>Zameriavame sa na zdrav\u00e9 o\u010dak\u00e1vania, trpezlivos\u0165, bezpe\u010dnos\u0165 a re\u0161pekt.<\/p>\n\n\n\n<h2 class=\"wp-block-heading\">Pre koho p\u00ed\u0161eme<\/h2>\n\n\n\n<ul class=\"wp-block-list\">\n<li>Mu\u017ei a \u017eeny, ktor\u00ed sa zauj\u00edmaj\u00fa o vz\u0165ahy medzi mu\u017emi a \u017eenami v r\u00e1mci na\u0161ej platformy.<\/li>\n\n\n\n<li>\u010citatelia h\u013eadaj\u00faci jasn\u00e9 inform\u00e1cie, bezpe\u010dnostn\u00e9 rady a praktick\u00e9 usmernenia.<\/li>\n<\/ul>\n\n\n\n<h2 class=\"wp-block-heading\">\u010co publikujeme<\/h2>\n\n\n\n<ul class=\"wp-block-list\">\n<li>N\u00e1vody a rady zalo\u017een\u00e9 na sk\u00fasenostiach a osved\u010den\u00fdch postupoch (napr. bezpe\u010dnos\u0165, ako vytvori\u0165 \u010destn\u00fd profil, prv\u00e9 stretnutia).<\/li>\n\n\n\n<li>Vzdel\u00e1vac\u00ed obsah o realistick\u00fdch o\u010dak\u00e1vaniach: randenie s cukrom si vy\u017eaduje \u010das a trpezlivos\u0165.<\/li>\n\n\n\n<li>\u010cl\u00e1nky o \u017eivotnom \u0161t\u00fdle a etikete, hranice, komunik\u00e1cia a s\u00fahlas.<\/li>\n\n\n\n<li>Aktualiz\u00e1cie z\u00e1sad, novinky o produktoch a pr\u00edslu\u0161n\u00e9 ozn\u00e1menia komunity.<\/li>\n<\/ul>\n\n\n\n<h2 class=\"wp-block-heading\">\u010co rob\u00edme <strong>NIE<\/strong> Publikova\u0165<\/h2>\n\n\n\n<ul class=\"wp-block-list\">\n<li>Zav\u00e1dzaj\u00face s\u013euby (\u201cpartner do 24 hod\u00edn\u201d, \u201czaru\u010den\u00ed milion\u00e1ri\u201d).<\/li>\n\n\n\n<li>Senz\u00e1cie alebo clickbait.<\/li>\n\n\n\n<li>Obsah sexu\u00e1lneho charakteru alebo materi\u00e1l, ktor\u00fd propaguje nez\u00e1konn\u00e9 spr\u00e1vanie.<\/li>\n\n\n\n<li>N\u00e1vody na zneu\u017e\u00edvanie, podvody alebo ak\u00e9ko\u013evek praktiky v rozpore s na\u0161imi z\u00e1sadami a z\u00e1konom.<\/li>\n<\/ul>\n\n\n\n<h2 class=\"wp-block-heading\">T\u00f3n a redak\u010dn\u00e9 \u0161tandardy<\/h2>\n\n\n\n<ul class=\"wp-block-list\">\n<li><strong>Realistick\u00fd a nie senza\u010dn\u00fd<\/strong>Uprednost\u0148ujeme u\u017eito\u010dnos\u0165 pred pozl\u00e1tkou.<\/li>\n\n\n\n<li><strong>Jasn\u00e9 a priame<\/strong>: zrozumite\u013en\u00fd jazyk bez m\u00e4t\u00facich eufemizmov.<\/li>\n\n\n\n<li><strong>Re\u0161pekt a s\u00fahlas<\/strong>V\u0161etky odpor\u00fa\u010dania s\u00fa zalo\u017een\u00e9 na leg\u00e1lnosti a slobodnej dohode medzi dospel\u00fdmi.<\/li>\n<\/ul>\n\n\n\n<h2 class=\"wp-block-heading\">Zdroje, overovanie a opravy<\/h2>\n\n\n\n<ul class=\"wp-block-list\">\n<li>V pr\u00edpade potreby porovn\u00e1vame \u00fadaje so spo\u013eahliv\u00fdmi zdrojmi (\u0161t\u00fadie, predpisy, organiz\u00e1cie).<\/li>\n\n\n\n<li>Uv\u00e1dzame d\u00e1tum aktualiz\u00e1cie a zv\u00fdraz\u0148ujeme relevantn\u00e9 zmeny.<\/li>\n\n\n\n<li>Ak zist\u00edte chybu, obr\u00e1\u0165te sa na na\u0161u <a href=\"https:\/\/sugardaddyplanet.com\/sk\/correction-policy\/\">Politika opr\u00e1v<\/a> a nap\u00ed\u0161te n\u00e1m na <strong>corrections@sugardaddyplanet.com<\/strong>.<\/li>\n<\/ul>\n\n\n\n<h2 class=\"wp-block-heading\">Redak\u010dn\u00e1 nez\u00e1vislos\u0165 a financovanie<\/h2>\n\n\n\n<ul class=\"wp-block-list\">\n<li>Reklama, pridru\u017eenie alebo sponzorstvo nie s\u00fa podmienkou na\u0161ich odpor\u00fa\u010dan\u00ed.<\/li>\n\n\n\n<li>Ak\u00fdko\u013evek sponzorovan\u00fd obsah alebo partnersk\u00e9 odkazy s\u00fa jasne ozna\u010den\u00e9.<\/li>\n\n\n\n<li>Viac inform\u00e1ci\u00ed n\u00e1jdete v <a href=\"https:\/\/sugardaddyplanet.com\/sk\/financovanie\/\">Inform\u00e1cie o vlastn\u00edctve a financovan\u00ed.<\/a><\/li>\n<\/ul>\n\n\n\n<h2 class=\"wp-block-heading\">Obr\u00e1zky, pr\u00edpady a s\u00fakromie<\/h2>\n\n\n\n<ul class=\"wp-block-list\">\n<li>Vyh\u00fdbame sa obrazom \u010di pr\u00edbehom, ktor\u00e9 romantizuj\u00fa rizik\u00e1 alebo vytv\u00e1raj\u00fa nerealistick\u00e9 o\u010dak\u00e1vania.<\/li>\n\n\n\n<li>Pr\u00edpadov\u00e9 \u0161t.<\/li>\n<\/ul>\n\n\n\n<h2 class=\"wp-block-heading\">Hranice a bezpe\u010dnos\u0165<\/h2>\n\n\n\n<ul class=\"wp-block-list\">\n<li>Nesprostredk\u00favame platby, nepodporujeme sexu\u00e1lne slu\u017eby ani nez\u00e1konn\u00e9 praktiky.<\/li>\n\n\n\n<li>Posil\u0148ujeme bezpe\u010dnostn\u00e9 posolstv\u00e1: predch\u00e1dzaj\u00face overenie, stretnutia na verejnosti, stanovenie hran\u00edc a pou\u017e\u00edvanie n\u00e1strojov na blokovanie\/nahlasovanie.<\/li>\n\n\n\n<li>Pre spr\u00e1vy alebo pomoc, pozrite si <a href=\"https:\/\/sugardaddyplanet.com\/sk\/aktivna-reakcia\/\">Politika akt\u00edvnej odozvy<\/a>.<\/li>\n<\/ul>\n\n\n\n<h2 class=\"wp-block-heading\">Aktualiz\u00e1cie<\/h2>\n\n\n\n<p>Posledn\u00e1 recenzia: <strong>20\/08\/2025<\/strong>.<br>Tieto z\u00e1sady m\u00f4\u017eeme aktualizova\u0165, aby sme zv\u00fd\u0161ili ich zrozumite\u013enos\u0165 a zos\u00faladili ich s na\u0161imi z\u00e1sadami.<\/p>","protected":false},"excerpt":{"rendered":"<p>On the Sugar Daddy Planet blog we publish realistic, useful, and responsible content about sugar dating between adults (18+).We do not promise quick results or idealised experiences: we do not sell the idea of \u201cyou will find a millionaire in two days.\u201dWe focus on healthy expectations, patience, safety, and respect. Who We Write For What [&hellip;]<\/p>\n","protected":false},"author":1,"featured_media":0,"parent":0,"menu_order":0,"comment_status":"closed","ping_status":"closed","template":"","meta":{"pmpro_default_level":"","footnotes":""},"class_list":["post-6208","page","type-page","status-publish","hentry","pmpro-has-access"],"featured_image_urls":{"full":"","thumbnail":"","medium":"","medium_large":"","large":"","1536x1536":"","2048x2048":"","trp-custom-language-flag":"","rt_media_thumbnail":"","rt_media_activity_image":"","rt_media_single_image":"","rt_media_featured_image":"","post-thumbnail":"","blog_carousel":""},"post_excerpt_stackable":"<p>On the Sugar Daddy Planet blog we publish realistic, useful, and responsible content about sugar dating between adults (18+).We do not promise quick results or idealised experiences: we do not sell the idea of \u201cyou will find a millionaire in two days.\u201dWe focus on healthy expectations, patience, safety, and respect. Who We Write For Adult men and women interested in man\u2194woman relationships within the framework of our platform. Readers seeking clear information, safety advice, and practical guidance. What We Publish Guides and advice based on experience and good practices (e.g., safety, how to create an honest profile, first meetings). Educational&hellip;<\/p>\n","category_list":"","author_info":{"name":"Administrador","url":"https:\/\/sugardaddyplanet.com\/sk\/author\/poweb\/"},"comments_num":"0 comments","featured_image_urls_v2":{"full":"","thumbnail":"","medium":"","medium_large":"","large":"","1536x1536":"","2048x2048":"","trp-custom-language-flag":"","rt_media_thumbnail":"","rt_media_activity_image":"","rt_media_single_image":"","rt_media_featured_image":"","post-thumbnail":"","blog_carousel":""},"post_excerpt_stackable_v2":"<p>On the Sugar Daddy Planet blog we publish realistic, useful, and responsible content about sugar dating between adults (18+).We do not promise quick results or idealised experiences: we do not sell the idea of \u201cyou will find a millionaire in two days.\u201dWe focus on healthy expectations, patience, safety, and respect. Who We Write For Adult men and women interested in man\u2194woman relationships within the framework of our platform. Readers seeking clear information, safety advice, and practical guidance. What We Publish Guides and advice based on experience and good practices (e.g., safety, how to create an honest profile, first meetings). Educational&hellip;<\/p>\n","category_list_v2":"","author_info_v2":{"name":"Administrador","url":"https:\/\/sugardaddyplanet.com\/sk\/author\/poweb\/"},"comments_num_v2":"0 comments","yoast_head":"<!-- This site is optimized with the Yoast SEO plugin v27.5 - https:\/\/yoast.com\/product\/yoast-seo-wordpress\/ -->\n<title>Publication Standards<\/title>\n<meta name=\"robots\" content=\"index, follow, max-snippet:-1, max-image-preview:large, max-video-preview:-1\" \/>\n<link rel=\"canonical\" href=\"https:\/\/sugardaddyplanet.com\/sk\/publikacne-standardy\/\" \/>\n<meta property=\"og:locale\" content=\"sk_SK\" \/>\n<meta property=\"og:type\" content=\"article\" \/>\n<meta property=\"og:title\" content=\"Publication Standards\" \/>\n<meta property=\"og:description\" content=\"On the Sugar Daddy Planet blog we publish realistic, useful, and responsible content about sugar dating between adults (18+).We do not promise quick results or idealised experiences: we do not sell the idea of \u201cyou will find a millionaire in two days.\u201dWe focus on healthy expectations, patience, safety, and respect. Who We Write For What [&hellip;]\" \/>\n<meta property=\"og:url\" content=\"https:\/\/sugardaddyplanet.com\/sk\/publikacne-standardy\/\" \/>\n<meta property=\"og:site_name\" content=\"Sugar Daddy Planet\" \/>\n<meta property=\"article:modified_time\" content=\"2025-08-23T05:04:01+00:00\" \/>\n<meta name=\"twitter:card\" content=\"summary_large_image\" \/>\n<meta name=\"twitter:label1\" content=\"Predpokladan\u00fd \u010das \u010d\u00edtania\" \/>\n\t<meta name=\"twitter:data1\" content=\"2 min\u00faty\" \/>\n<script type=\"application\/ld+json\" class=\"yoast-schema-graph\">{\"@context\":\"https:\\\/\\\/schema.org\",\"@graph\":[{\"@type\":\"WebPage\",\"@id\":\"https:\\\/\\\/sugardaddyplanet.com\\\/publication-standards\\\/\",\"url\":\"https:\\\/\\\/sugardaddyplanet.com\\\/publication-standards\\\/\",\"name\":\"Publication Standards\",\"isPartOf\":{\"@id\":\"https:\\\/\\\/sugardaddyplanet.com\\\/#website\"},\"datePublished\":\"2025-08-21T07:05:08+00:00\",\"dateModified\":\"2025-08-23T05:04:01+00:00\",\"breadcrumb\":{\"@id\":\"https:\\\/\\\/sugardaddyplanet.com\\\/publication-standards\\\/#breadcrumb\"},\"inLanguage\":\"sk-SK\",\"potentialAction\":[{\"@type\":\"ReadAction\",\"target\":[\"https:\\\/\\\/sugardaddyplanet.com\\\/publication-standards\\\/\"]}]},{\"@type\":\"BreadcrumbList\",\"@id\":\"https:\\\/\\\/sugardaddyplanet.com\\\/publication-standards\\\/#breadcrumb\",\"itemListElement\":[{\"@type\":\"ListItem\",\"position\":1,\"name\":\"Home\",\"item\":\"https:\\\/\\\/sugardaddyplanet.com\\\/\"},{\"@type\":\"ListItem\",\"position\":2,\"name\":\"Publication Standards\"}]},{\"@type\":\"WebSite\",\"@id\":\"https:\\\/\\\/sugardaddyplanet.com\\\/#website\",\"url\":\"https:\\\/\\\/sugardaddyplanet.com\\\/\",\"name\":\"Sugar Daddy Planet\",\"description\":\"World social network for sugar daddies and sugar babies.\",\"publisher\":{\"@id\":\"https:\\\/\\\/sugardaddyplanet.com\\\/#organization\"},\"potentialAction\":[{\"@type\":\"SearchAction\",\"target\":{\"@type\":\"EntryPoint\",\"urlTemplate\":\"https:\\\/\\\/sugardaddyplanet.com\\\/?s={search_term_string}\"},\"query-input\":{\"@type\":\"PropertyValueSpecification\",\"valueRequired\":true,\"valueName\":\"search_term_string\"}}],\"inLanguage\":\"sk-SK\"},{\"@type\":\"Organization\",\"@id\":\"https:\\\/\\\/sugardaddyplanet.com\\\/#organization\",\"name\":\"Sugar Daddy Planet\",\"url\":\"https:\\\/\\\/sugardaddyplanet.com\\\/\",\"logo\":{\"@type\":\"ImageObject\",\"inLanguage\":\"sk-SK\",\"@id\":\"https:\\\/\\\/sugardaddyplanet.com\\\/#\\\/schema\\\/logo\\\/image\\\/\",\"url\":\"\",\"contentUrl\":\"\",\"caption\":\"Sugar Daddy Planet\"},\"image\":{\"@id\":\"https:\\\/\\\/sugardaddyplanet.com\\\/#\\\/schema\\\/logo\\\/image\\\/\"}}]}<\/script>\n<!-- \/ Yoast SEO plugin. -->","yoast_head_json":{"title":"Publika\u010dn\u00e9 normy","robots":{"index":"index","follow":"follow","max-snippet":"max-snippet:-1","max-image-preview":"max-image-preview:large","max-video-preview":"max-video-preview:-1"},"canonical":"https:\/\/sugardaddyplanet.com\/sk\/publikacne-standardy\/","og_locale":"sk_SK","og_type":"article","og_title":"Publication Standards","og_description":"On the Sugar Daddy Planet blog we publish realistic, useful, and responsible content about sugar dating between adults (18+).We do not promise quick results or idealised experiences: we do not sell the idea of \u201cyou will find a millionaire in two days.\u201dWe focus on healthy expectations, patience, safety, and respect. Who We Write For What [&hellip;]","og_url":"https:\/\/sugardaddyplanet.com\/sk\/publikacne-standardy\/","og_site_name":"Sugar Daddy Planet","article_modified_time":"2025-08-23T05:04:01+00:00","twitter_card":"summary_large_image","twitter_misc":{"Predpokladan\u00fd \u010das \u010d\u00edtania":"2 min\u00faty"},"schema":{"@context":"https:\/\/schema.org","@graph":[{"@type":"WebPage","@id":"https:\/\/sugardaddyplanet.com\/publication-standards\/","url":"https:\/\/sugardaddyplanet.com\/publication-standards\/","name":"Publika\u010dn\u00e9 normy","isPartOf":{"@id":"https:\/\/sugardaddyplanet.com\/#website"},"datePublished":"2025-08-21T07:05:08+00:00","dateModified":"2025-08-23T05:04:01+00:00","breadcrumb":{"@id":"https:\/\/sugardaddyplanet.com\/publication-standards\/#breadcrumb"},"inLanguage":"sk-SK","potentialAction":[{"@type":"ReadAction","target":["https:\/\/sugardaddyplanet.com\/publication-standards\/"]}]},{"@type":"BreadcrumbList","@id":"https:\/\/sugardaddyplanet.com\/publication-standards\/#breadcrumb","itemListElement":[{"@type":"ListItem","position":1,"name":"Home","item":"https:\/\/sugardaddyplanet.com\/"},{"@type":"ListItem","position":2,"name":"Publication Standards"}]},{"@type":"WebSite","@id":"https:\/\/sugardaddyplanet.com\/#website","url":"https:\/\/sugardaddyplanet.com\/","name":"Sugar Daddy Planet","description":"Svetov\u00e1 soci\u00e1lna sie\u0165 pre sugar daddies a sugar babies.","publisher":{"@id":"https:\/\/sugardaddyplanet.com\/#organization"},"potentialAction":[{"@type":"SearchAction","target":{"@type":"EntryPoint","urlTemplate":"https:\/\/sugardaddyplanet.com\/?s={search_term_string}"},"query-input":{"@type":"PropertyValueSpecification","valueRequired":true,"valueName":"search_term_string"}}],"inLanguage":"sk-SK"},{"@type":"Organization","@id":"https:\/\/sugardaddyplanet.com\/#organization","name":"Sugar Daddy Planet","url":"https:\/\/sugardaddyplanet.com\/","logo":{"@type":"ImageObject","inLanguage":"sk-SK","@id":"https:\/\/sugardaddyplanet.com\/#\/schema\/logo\/image\/","url":"","contentUrl":"","caption":"Sugar Daddy Planet"},"image":{"@id":"https:\/\/sugardaddyplanet.com\/#\/schema\/logo\/image\/"}}]}},"_links":{"self":[{"href":"https:\/\/sugardaddyplanet.com\/sk\/wp-json\/wp\/v2\/pages\/6208","targetHints":{"allow":["GET"]}}],"collection":[{"href":"https:\/\/sugardaddyplanet.com\/sk\/wp-json\/wp\/v2\/pages"}],"about":[{"href":"https:\/\/sugardaddyplanet.com\/sk\/wp-json\/wp\/v2\/types\/page"}],"author":[{"embeddable":true,"href":"https:\/\/sugardaddyplanet.com\/sk\/wp-json\/wp\/v2\/users\/1"}],"replies":[{"embeddable":true,"href":"https:\/\/sugardaddyplanet.com\/sk\/wp-json\/wp\/v2\/comments?post=6208"}],"version-history":[{"count":0,"href":"https:\/\/sugardaddyplanet.com\/sk\/wp-json\/wp\/v2\/pages\/6208\/revisions"}],"wp:attachment":[{"href":"https:\/\/sugardaddyplanet.com\/sk\/wp-json\/wp\/v2\/media?parent=6208"}],"curies":[{"name":"wp","href":"https:\/\/api.w.org\/{rel}","templated":true}]}}