
{"id":2080,"date":"2018-12-24T11:18:13","date_gmt":"2018-12-24T11:18:13","guid":{"rendered":"https:\/\/sugardaddyplanet.com\/?page_id=2080"},"modified":"2025-06-09T09:32:44","modified_gmt":"2025-06-09T08:32:44","slug":"kontakt","status":"publish","type":"page","link":"https:\/\/sugardaddyplanet.com\/pl\/contact\/","title":{"rendered":"kontakt"},"content":{"rendered":"<p class=\"has-text-align-center\">\n<div class=\"wpcf7 no-js\" id=\"wpcf7-f4373-o1\" lang=\"en-US\" dir=\"ltr\" data-wpcf7-id=\"4373\">\n<div class=\"screen-reader-response\"><p role=\"status\" aria-live=\"polite\" aria-atomic=\"true\"><\/p> <ul><\/ul><\/div>\n<form action=\"\/pl\/wp-json\/wp\/v2\/pages\/2080#wpcf7-f4373-o1\" method=\"post\" class=\"wpcf7-form init\" aria-label=\"Contact form\" novalidate=\"novalidate\" data-status=\"init\" data-trp-original-action=\"\/pl\/wp-json\/wp\/v2\/pages\/2080#wpcf7-f4373-o1\">\n<fieldset class=\"hidden-fields-container\"><input type=\"hidden\" name=\"_wpcf7\" value=\"4373\" \/><input type=\"hidden\" name=\"_wpcf7_version\" value=\"6.1.5\" \/><input type=\"hidden\" name=\"_wpcf7_locale\" value=\"en_US\" \/><input type=\"hidden\" name=\"_wpcf7_unit_tag\" value=\"wpcf7-f4373-o1\" \/><input type=\"hidden\" name=\"_wpcf7_container_post\" value=\"0\" \/><input type=\"hidden\" name=\"_wpcf7_posted_data_hash\" value=\"\" \/><input type=\"hidden\" name=\"_wpcf7_recaptcha_response\" value=\"\" \/>\n<\/fieldset>\n<p><label> Twoje imi\u0119<br \/>\n<span class=\"wpcf7-form-control-wrap\" data-name=\"your-name\"><input size=\"40\" maxlength=\"400\" class=\"wpcf7-form-control wpcf7-text wpcf7-validates-as-required\" aria-required=\"true\" aria-invalid=\"false\" value=\"\" type=\"text\" name=\"your-name\" \/><\/span> <\/label>\n<\/p>\n<p><label> Tw\u00f3j e-mail<br \/>\n<span class=\"wpcf7-form-control-wrap\" data-name=\"your-email\"><input size=\"40\" maxlength=\"400\" class=\"wpcf7-form-control wpcf7-email wpcf7-validates-as-required wpcf7-text wpcf7-validates-as-email\" aria-required=\"true\" aria-invalid=\"false\" value=\"\" type=\"email\" name=\"your-email\" \/><\/span> <\/label>\n<\/p>\n<p><label> Temat<br \/>\n<span class=\"wpcf7-form-control-wrap\" data-name=\"your-subject\"><input size=\"40\" maxlength=\"400\" class=\"wpcf7-form-control wpcf7-text wpcf7-validates-as-required\" aria-required=\"true\" aria-invalid=\"false\" value=\"\" type=\"text\" name=\"your-subject\" \/><\/span> <\/label>\n<\/p>\n<p><label> Twoja wiadomo\u015b\u0107 (opcjonalnie)<br \/>\n<span class=\"wpcf7-form-control-wrap\" data-name=\"your-message\"><textarea cols=\"40\" rows=\"10\" maxlength=\"2000\" class=\"wpcf7-form-control wpcf7-textarea\" aria-invalid=\"false\" name=\"your-message\"><\/textarea><\/span> <\/label>\n<\/p>\n<p><input class=\"wpcf7-form-control wpcf7-submit has-spinner\" type=\"submit\" value=\"Wy\u015blij\" \/>\n<\/p><div class=\"wpcf7-response-output\" aria-hidden=\"true\"><\/div>\n<input type=\"hidden\" name=\"trp-form-language\" value=\"pl\"\/><\/form>\n<\/div>\n\n\n\n\n<p><strong data-start=\"77\" data-end=\"87\">E-mail:<\/strong><\/p>\n\n\n\n<p>info@sugardaddyplanet.com<\/p>\n\n\n\n<p>Dane, kt\u00f3rymi dzielisz si\u0119 z sugardaddyplanet.com za po\u015brednictwem poczty elektronicznej lub formularza kontaktowego, s\u0105 w pe\u0142ni poufne. Twoje informacje s\u0105 przechowywane w bazach danych Gmail za po\u015brednictwem us\u0142ugi poczty elektronicznej \u015bwiadczonej przez Google USA w\u0142a\u015bcicielowi witryny. Ponadto Twoje dane mog\u0105 by\u0107 przetwarzane r\u00f3wnie\u017c w bazie danych SiteGround S.L., naszego dostawcy hostingu. Wi\u0119cej informacji na temat administratora danych i sposobu, w jaki obs\u0142ugujemy dane osobowe, mo\u017cna znale\u017a\u0107 w naszej Polityce prywatno\u015bci.<\/p>","protected":false},"excerpt":{"rendered":"<p>Email: info@sugardaddyplanet.com The data you share with sugardaddyplanet.com via email or contact form is fully confidential. Your information is stored in Gmail databases through the email service provided by Google USA to the website owner. Additionally, your data may also be processed in the database of SiteGround S.L., our hosting provider. You can learn more [&hellip;]<\/p>\n","protected":false},"author":1,"featured_media":0,"parent":0,"menu_order":0,"comment_status":"closed","ping_status":"closed","template":"","meta":{"pmpro_default_level":"","footnotes":""},"class_list":["post-2080","page","type-page","status-publish","hentry","pmpro-has-access"],"featured_image_urls":{"full":"","thumbnail":"","medium":"","medium_large":"","large":"","1536x1536":"","2048x2048":"","trp-custom-language-flag":"","rt_media_thumbnail":"","rt_media_activity_image":"","rt_media_single_image":"","rt_media_featured_image":"","post-thumbnail":"","blog_carousel":""},"post_excerpt_stackable":"<p>Your name Your email Subject Your message (optional) Email: info@sugardaddyplanet.com The data you share with sugardaddyplanet.com via email or contact form is fully confidential. Your information is stored in Gmail databases through the email service provided by Google USA to the website owner. Additionally, your data may also be processed in the database of SiteGround S.L., our hosting provider. You can learn more about the data controller and how we handle personal information in our Privacy Policy.<\/p>\n","category_list":"","author_info":{"name":"Administrador","url":"https:\/\/sugardaddyplanet.com\/pl\/author\/poweb\/"},"comments_num":"0 comments","featured_image_urls_v2":{"full":"","thumbnail":"","medium":"","medium_large":"","large":"","1536x1536":"","2048x2048":"","trp-custom-language-flag":"","rt_media_thumbnail":"","rt_media_activity_image":"","rt_media_single_image":"","rt_media_featured_image":"","post-thumbnail":"","blog_carousel":""},"post_excerpt_stackable_v2":"<p>Your name Your email Subject Your message (optional) Email: info@sugardaddyplanet.com The data you share with sugardaddyplanet.com via email or contact form is fully confidential. Your information is stored in Gmail databases through the email service provided by Google USA to the website owner. Additionally, your data may also be processed in the database of SiteGround S.L., our hosting provider. You can learn more about the data controller and how we handle personal information in our Privacy Policy.<\/p>\n","category_list_v2":"","author_info_v2":{"name":"Administrador","url":"https:\/\/sugardaddyplanet.com\/pl\/author\/poweb\/"},"comments_num_v2":"0 comments","yoast_head":"<!-- This site is optimized with the Yoast SEO plugin v27.5 - https:\/\/yoast.com\/product\/yoast-seo-wordpress\/ -->\n<title>contact<\/title>\n<meta name=\"robots\" content=\"noindex, follow\" \/>\n<meta property=\"og:locale\" content=\"pl_PL\" \/>\n<meta property=\"og:type\" content=\"article\" \/>\n<meta property=\"og:title\" content=\"contact\" \/>\n<meta property=\"og:description\" content=\"Email: info@sugardaddyplanet.com The data you share with sugardaddyplanet.com via email or contact form is fully confidential. Your information is stored in Gmail databases through the email service provided by Google USA to the website owner. Additionally, your data may also be processed in the database of SiteGround S.L., our hosting provider. You can learn more [&hellip;]\" \/>\n<meta property=\"og:url\" content=\"https:\/\/sugardaddyplanet.com\/pl\/kontakt\/\" \/>\n<meta property=\"og:site_name\" content=\"Sugar Daddy Planet\" \/>\n<meta property=\"article:modified_time\" content=\"2025-06-09T08:32:44+00:00\" \/>\n<meta name=\"twitter:card\" content=\"summary_large_image\" \/>\n<meta name=\"twitter:label1\" content=\"Szacowany czas czytania\" \/>\n\t<meta name=\"twitter:data1\" content=\"1 minuta\" \/>\n<script type=\"application\/ld+json\" class=\"yoast-schema-graph\">{\"@context\":\"https:\\\/\\\/schema.org\",\"@graph\":[{\"@type\":\"WebPage\",\"@id\":\"https:\\\/\\\/sugardaddyplanet.com\\\/contact\\\/\",\"url\":\"https:\\\/\\\/sugardaddyplanet.com\\\/contact\\\/\",\"name\":\"contact\",\"isPartOf\":{\"@id\":\"https:\\\/\\\/sugardaddyplanet.com\\\/#website\"},\"datePublished\":\"2018-12-24T11:18:13+00:00\",\"dateModified\":\"2025-06-09T08:32:44+00:00\",\"breadcrumb\":{\"@id\":\"https:\\\/\\\/sugardaddyplanet.com\\\/contact\\\/#breadcrumb\"},\"inLanguage\":\"pl-PL\",\"potentialAction\":[{\"@type\":\"ReadAction\",\"target\":[\"https:\\\/\\\/sugardaddyplanet.com\\\/contact\\\/\"]}]},{\"@type\":\"BreadcrumbList\",\"@id\":\"https:\\\/\\\/sugardaddyplanet.com\\\/contact\\\/#breadcrumb\",\"itemListElement\":[{\"@type\":\"ListItem\",\"position\":1,\"name\":\"Home\",\"item\":\"https:\\\/\\\/sugardaddyplanet.com\\\/\"},{\"@type\":\"ListItem\",\"position\":2,\"name\":\"contact\"}]},{\"@type\":\"WebSite\",\"@id\":\"https:\\\/\\\/sugardaddyplanet.com\\\/#website\",\"url\":\"https:\\\/\\\/sugardaddyplanet.com\\\/\",\"name\":\"Sugar Daddy Planet\",\"description\":\"World social network for sugar daddies and sugar babies.\",\"publisher\":{\"@id\":\"https:\\\/\\\/sugardaddyplanet.com\\\/#organization\"},\"potentialAction\":[{\"@type\":\"SearchAction\",\"target\":{\"@type\":\"EntryPoint\",\"urlTemplate\":\"https:\\\/\\\/sugardaddyplanet.com\\\/?s={search_term_string}\"},\"query-input\":{\"@type\":\"PropertyValueSpecification\",\"valueRequired\":true,\"valueName\":\"search_term_string\"}}],\"inLanguage\":\"pl-PL\"},{\"@type\":\"Organization\",\"@id\":\"https:\\\/\\\/sugardaddyplanet.com\\\/#organization\",\"name\":\"Sugar Daddy Planet\",\"url\":\"https:\\\/\\\/sugardaddyplanet.com\\\/\",\"logo\":{\"@type\":\"ImageObject\",\"inLanguage\":\"pl-PL\",\"@id\":\"https:\\\/\\\/sugardaddyplanet.com\\\/#\\\/schema\\\/logo\\\/image\\\/\",\"url\":\"\",\"contentUrl\":\"\",\"caption\":\"Sugar Daddy Planet\"},\"image\":{\"@id\":\"https:\\\/\\\/sugardaddyplanet.com\\\/#\\\/schema\\\/logo\\\/image\\\/\"}}]}<\/script>\n<!-- \/ Yoast SEO plugin. -->","yoast_head_json":{"title":"kontakt","robots":{"index":"noindex","follow":"follow"},"og_locale":"pl_PL","og_type":"article","og_title":"contact","og_description":"Email: info@sugardaddyplanet.com The data you share with sugardaddyplanet.com via email or contact form is fully confidential. Your information is stored in Gmail databases through the email service provided by Google USA to the website owner. Additionally, your data may also be processed in the database of SiteGround S.L., our hosting provider. You can learn more [&hellip;]","og_url":"https:\/\/sugardaddyplanet.com\/pl\/kontakt\/","og_site_name":"Sugar Daddy Planet","article_modified_time":"2025-06-09T08:32:44+00:00","twitter_card":"summary_large_image","twitter_misc":{"Szacowany czas czytania":"1 minuta"},"schema":{"@context":"https:\/\/schema.org","@graph":[{"@type":"WebPage","@id":"https:\/\/sugardaddyplanet.com\/contact\/","url":"https:\/\/sugardaddyplanet.com\/contact\/","name":"kontakt","isPartOf":{"@id":"https:\/\/sugardaddyplanet.com\/#website"},"datePublished":"2018-12-24T11:18:13+00:00","dateModified":"2025-06-09T08:32:44+00:00","breadcrumb":{"@id":"https:\/\/sugardaddyplanet.com\/contact\/#breadcrumb"},"inLanguage":"pl-PL","potentialAction":[{"@type":"ReadAction","target":["https:\/\/sugardaddyplanet.com\/contact\/"]}]},{"@type":"BreadcrumbList","@id":"https:\/\/sugardaddyplanet.com\/contact\/#breadcrumb","itemListElement":[{"@type":"ListItem","position":1,"name":"Home","item":"https:\/\/sugardaddyplanet.com\/"},{"@type":"ListItem","position":2,"name":"contact"}]},{"@type":"WebSite","@id":"https:\/\/sugardaddyplanet.com\/#website","url":"https:\/\/sugardaddyplanet.com\/","name":"Sugar Daddy Planet","description":"\u015awiatowa sie\u0107 spo\u0142eczno\u015bciowa dla sugar daddies i sugar babies.","publisher":{"@id":"https:\/\/sugardaddyplanet.com\/#organization"},"potentialAction":[{"@type":"SearchAction","target":{"@type":"EntryPoint","urlTemplate":"https:\/\/sugardaddyplanet.com\/?s={search_term_string}"},"query-input":{"@type":"PropertyValueSpecification","valueRequired":true,"valueName":"search_term_string"}}],"inLanguage":"pl-PL"},{"@type":"Organization","@id":"https:\/\/sugardaddyplanet.com\/#organization","name":"Sugar Daddy Planet","url":"https:\/\/sugardaddyplanet.com\/","logo":{"@type":"ImageObject","inLanguage":"pl-PL","@id":"https:\/\/sugardaddyplanet.com\/#\/schema\/logo\/image\/","url":"","contentUrl":"","caption":"Sugar Daddy Planet"},"image":{"@id":"https:\/\/sugardaddyplanet.com\/#\/schema\/logo\/image\/"}}]}},"_links":{"self":[{"href":"https:\/\/sugardaddyplanet.com\/pl\/wp-json\/wp\/v2\/pages\/2080","targetHints":{"allow":["GET"]}}],"collection":[{"href":"https:\/\/sugardaddyplanet.com\/pl\/wp-json\/wp\/v2\/pages"}],"about":[{"href":"https:\/\/sugardaddyplanet.com\/pl\/wp-json\/wp\/v2\/types\/page"}],"author":[{"embeddable":true,"href":"https:\/\/sugardaddyplanet.com\/pl\/wp-json\/wp\/v2\/users\/1"}],"replies":[{"embeddable":true,"href":"https:\/\/sugardaddyplanet.com\/pl\/wp-json\/wp\/v2\/comments?post=2080"}],"version-history":[{"count":0,"href":"https:\/\/sugardaddyplanet.com\/pl\/wp-json\/wp\/v2\/pages\/2080\/revisions"}],"wp:attachment":[{"href":"https:\/\/sugardaddyplanet.com\/pl\/wp-json\/wp\/v2\/media?parent=2080"}],"curies":[{"name":"wp","href":"https:\/\/api.w.org\/{rel}","templated":true}]}}