
{"id":595,"date":"2018-08-07T15:53:43","date_gmt":"2018-08-07T15:53:43","guid":{"rendered":"https:\/\/sugardaddyplanet.com\/?page_id=595"},"modified":"2025-10-16T13:48:51","modified_gmt":"2025-10-16T12:48:51","slug":"blogs-par-cukuru","status":"publish","type":"page","link":"https:\/\/sugardaddyplanet.com\/lv\/blog-sugar\/","title":{"rendered":"Blogs"},"content":{"rendered":"<div class=\"wp-block-ugb-blog-posts ugb-blog-posts ugb-5c495c2 ugb-blog-posts--v2 ugb-blog-posts--design-basic ugb-blog-posts--columns-3 ugb-main-block\"><div class=\"ugb-inner-block\"><div class=\"ugb-block-content\"><article class=\"ugb-blog-posts__item\"><div class=\"ugb-blog-posts__content\"><figure class=\"ugb-blog-posts__featured-image ugb--shadow-3\"><a href=\"https:\/\/sugardaddyplanet.com\/lv\/how-to-talk-about-expectations-without-sounding-transactional\/\"><img decoding=\"async\" width=\"980\" height=\"653\" src=\"https:\/\/sugardaddyplanet.com\/wp-content\/uploads\/2026\/03\/image-undefined-25.avif\" class=\"attachment-large size-large wp-post-image\" alt=\"Two people having coffee conversation about relationship expectations\" srcset=\"https:\/\/sugardaddyplanet.com\/wp-content\/uploads\/2026\/03\/image-undefined-25.avif 1296w, https:\/\/sugardaddyplanet.com\/wp-content\/uploads\/2026\/03\/image-undefined-25-500x333.avif 500w, https:\/\/sugardaddyplanet.com\/wp-content\/uploads\/2026\/03\/image-undefined-25-150x100.avif 150w, https:\/\/sugardaddyplanet.com\/wp-content\/uploads\/2026\/03\/image-undefined-25-768x512.avif 768w, https:\/\/sugardaddyplanet.com\/wp-content\/uploads\/2026\/03\/image-undefined-25-18x12.avif 18w, https:\/\/sugardaddyplanet.com\/wp-content\/uploads\/2026\/03\/image-undefined-25-800x533.avif 800w, https:\/\/sugardaddyplanet.com\/wp-content\/uploads\/2026\/03\/image-undefined-25-938x625.avif 938w\" sizes=\"(max-width: 980px) 100vw, 980px\" \/><\/a><\/figure><h3 class=\"ugb-blog-posts__title\"><a href=\"https:\/\/sugardaddyplanet.com\/lv\/how-to-talk-about-expectations-without-sounding-transactional\/\">How to Talk About Expectations Without Sounding Transactional<\/a><\/h3><div class=\"ugb-blog-posts__excerpt\"><p>Discussing what you hope to get out of a relationship can feel tricky, especially when you want to keep things genuine and connected. In sugar dating arrangements, where mutual benefits often play a central role,&#8230;<\/div><p class=\"ugb-blog-posts__readmore\"><a href=\"https:\/\/sugardaddyplanet.com\/lv\/how-to-talk-about-expectations-without-sounding-transactional\/\">Uzziniet vair\u0101k<\/a><\/p><\/div><\/article><article class=\"ugb-blog-posts__item\"><div class=\"ugb-blog-posts__content\"><figure class=\"ugb-blog-posts__featured-image ugb--shadow-3\"><a href=\"https:\/\/sugardaddyplanet.com\/lv\/my-sugar-daddy-is-falling-in-love-with-me-how-should-i-react\/\"><img decoding=\"async\" width=\"980\" height=\"535\" src=\"https:\/\/sugardaddyplanet.com\/wp-content\/uploads\/2026\/03\/image-undefined-20.avif\" class=\"attachment-large size-large wp-post-image\" alt=\"Viedt\u0101lrunis, uz kura ekr\u0101na redzams emocion\u0101ls \u012bszi\u0146as zi\u0146ojums, uz marmora virsmas\" srcset=\"https:\/\/sugardaddyplanet.com\/wp-content\/uploads\/2026\/03\/image-undefined-20.avif 1408w, https:\/\/sugardaddyplanet.com\/wp-content\/uploads\/2026\/03\/image-undefined-20-500x273.avif 500w, https:\/\/sugardaddyplanet.com\/wp-content\/uploads\/2026\/03\/image-undefined-20-150x82.avif 150w, https:\/\/sugardaddyplanet.com\/wp-content\/uploads\/2026\/03\/image-undefined-20-768x419.avif 768w, https:\/\/sugardaddyplanet.com\/wp-content\/uploads\/2026\/03\/image-undefined-20-18x10.avif 18w, https:\/\/sugardaddyplanet.com\/wp-content\/uploads\/2026\/03\/image-undefined-20-800x436.avif 800w, https:\/\/sugardaddyplanet.com\/wp-content\/uploads\/2026\/03\/image-undefined-20-938x512.avif 938w\" sizes=\"(max-width: 980px) 100vw, 980px\" \/><\/a><\/figure><h3 class=\"ugb-blog-posts__title\"><a href=\"https:\/\/sugardaddyplanet.com\/lv\/my-sugar-daddy-is-falling-in-love-with-me-how-should-i-react\/\">Mans Sugar Daddy iem\u012blas man\u012b: K\u0101 man rea\u0123\u0113t?<\/a><\/h3><div class=\"ugb-blog-posts__excerpt\"><p>T\u0101 ir situ\u0101cija, kas var p\u0101rsteigt ikvienu \"sugar dating\" pasaul\u0113. J\u016bs baud\u0101t priek\u0161roc\u012bbas \u2013 elegantas vakari\u0146as, spont\u0101nus ce\u013cojumus, sirsn\u012bgas sarunas \u2013 un p\u0113k\u0161\u0146i viss main\u0101s. J\u016bsu \"sugar daddy\"...<\/div><p class=\"ugb-blog-posts__readmore\"><a href=\"https:\/\/sugardaddyplanet.com\/lv\/my-sugar-daddy-is-falling-in-love-with-me-how-should-i-react\/\">Uzziniet vair\u0101k<\/a><\/p><\/div><\/article><article class=\"ugb-blog-posts__item\"><div class=\"ugb-blog-posts__content\"><figure class=\"ugb-blog-posts__featured-image ugb--shadow-3\"><a href=\"https:\/\/sugardaddyplanet.com\/lv\/how-to-spot-a-fake-sugar-daddy-15-red-flags-you-cant-ignore\/\"><img decoding=\"async\" width=\"980\" height=\"535\" src=\"https:\/\/sugardaddyplanet.com\/wp-content\/uploads\/2026\/03\/image-undefined-10.avif\" class=\"attachment-large size-large wp-post-image\" alt=\"Sarkanie karogi, kas simboliz\u0113 br\u012bdin\u0101juma z\u012bmes un piesardz\u012bbu attiec\u012bb\u0101s\" srcset=\"https:\/\/sugardaddyplanet.com\/wp-content\/uploads\/2026\/03\/image-undefined-10.avif 1408w, https:\/\/sugardaddyplanet.com\/wp-content\/uploads\/2026\/03\/image-undefined-10-500x273.avif 500w, https:\/\/sugardaddyplanet.com\/wp-content\/uploads\/2026\/03\/image-undefined-10-150x82.avif 150w, https:\/\/sugardaddyplanet.com\/wp-content\/uploads\/2026\/03\/image-undefined-10-768x419.avif 768w, https:\/\/sugardaddyplanet.com\/wp-content\/uploads\/2026\/03\/image-undefined-10-18x10.avif 18w, https:\/\/sugardaddyplanet.com\/wp-content\/uploads\/2026\/03\/image-undefined-10-800x436.avif 800w, https:\/\/sugardaddyplanet.com\/wp-content\/uploads\/2026\/03\/image-undefined-10-938x512.avif 938w\" sizes=\"(max-width: 980px) 100vw, 980px\" \/><\/a><\/figure><h3 class=\"ugb-blog-posts__title\"><a href=\"https:\/\/sugardaddyplanet.com\/lv\/how-to-spot-a-fake-sugar-daddy-15-red-flags-you-cant-ignore\/\">K\u0101 paman\u012bt viltus cukura t\u0113ti: 15 sarkanie karodzi\u0146i, kurus nedr\u012bkst ignor\u0113t<\/a><\/h3><div class=\"ugb-blog-posts__excerpt\"><p>Cukura iepaz\u012b\u0161an\u0101s pasaule pied\u0101v\u0101 re\u0101las iesp\u0113jas abpus\u0113ji izdev\u012bg\u0101m attiec\u012bb\u0101m, ta\u010du t\u0101 ir ar\u012b vide, kur darbojas kr\u0101pnieki. Saska\u0146\u0101 ar FTC datiem, kr\u0101pniec\u012bba romantisk\u0101s attiec\u012bb\u0101s rad\u012bja vair\u0101k nek\u0101 $1,3 miljardus iekas\u0113to zaud\u0113jumu...<\/div><p class=\"ugb-blog-posts__readmore\"><a href=\"https:\/\/sugardaddyplanet.com\/lv\/how-to-spot-a-fake-sugar-daddy-15-red-flags-you-cant-ignore\/\">Uzziniet vair\u0101k<\/a><\/p><\/div><\/article><article class=\"ugb-blog-posts__item\"><div class=\"ugb-blog-posts__content\"><figure class=\"ugb-blog-posts__featured-image ugb--shadow-3\"><a href=\"https:\/\/sugardaddyplanet.com\/lv\/what-is-sugar-dating-complete-guide-2025\/\"><img decoding=\"async\" width=\"720\" height=\"960\" src=\"https:\/\/sugardaddyplanet.com\/wp-content\/uploads\/2026\/02\/imagen-1-1.avif\" class=\"attachment-large size-large wp-post-image\" alt=\"Sieviete kafejn\u012bc\u0101 p\u0101rl\u016bko telefona ekr\u0101n\u0101 cukura iepaz\u012b\u0161an\u0101s lietotni\" srcset=\"https:\/\/sugardaddyplanet.com\/wp-content\/uploads\/2026\/02\/imagen-1-1.avif 720w, https:\/\/sugardaddyplanet.com\/wp-content\/uploads\/2026\/02\/imagen-1-1-375x500.avif 375w, https:\/\/sugardaddyplanet.com\/wp-content\/uploads\/2026\/02\/imagen-1-1-113x150.avif 113w, https:\/\/sugardaddyplanet.com\/wp-content\/uploads\/2026\/02\/imagen-1-1-9x12.avif 9w\" sizes=\"(max-width: 720px) 100vw, 720px\" \/><\/a><\/figure><h3 class=\"ugb-blog-posts__title\"><a href=\"https:\/\/sugardaddyplanet.com\/lv\/what-is-sugar-dating-complete-guide-2025\/\">Cukura iepaz\u012b\u0161an\u0101s: Piln\u012bgs ce\u013cvedis 2025<\/a><\/h3><div class=\"ugb-blog-posts__excerpt\"><p>Cukura randi\u0146i ir k\u013cuvu\u0161i par atz\u012btu m\u016bsdienu attiec\u012bbu dinamikas formu, kur\u0101 cilv\u0113ki sav\u0101 starp\u0101 kontakt\u0113jas, pamatojoties uz kop\u012bg\u0101m interes\u0113m, draudz\u012bbu un kop\u012bgu pieredzi. T\u0101s b\u016bt\u012bba ir veidot saikni, kas bie\u017ei vien apvieno mentoringu, piedz\u012bvojumus,...<\/div><p class=\"ugb-blog-posts__readmore\"><a href=\"https:\/\/sugardaddyplanet.com\/lv\/what-is-sugar-dating-complete-guide-2025\/\">Uzziniet vair\u0101k<\/a><\/p><\/div><\/article><\/div><\/div><\/div>","protected":false},"excerpt":{"rendered":"<p>How to Talk About Expectations Without Sounding Transactional Discussing what you hope to get out of a relationship can feel tricky, especially when you want to keep things genuine and connected. In sugar dating arrangements, where mutual benefits often play a central role,&#8230; Leer M\u00e1s My Sugar Daddy Is Falling in Love With Me: How [&hellip;]<\/p>\n","protected":false},"author":1,"featured_media":0,"parent":0,"menu_order":0,"comment_status":"closed","ping_status":"closed","template":"","meta":{"pmpro_default_level":"","footnotes":""},"class_list":["post-595","page","type-page","status-publish","hentry","pmpro-has-access"],"featured_image_urls":{"full":"","thumbnail":"","medium":"","medium_large":"","large":"","1536x1536":"","2048x2048":"","trp-custom-language-flag":"","rt_media_thumbnail":"","rt_media_activity_image":"","rt_media_single_image":"","rt_media_featured_image":"","post-thumbnail":"","blog_carousel":""},"post_excerpt_stackable":"<p>How to Talk About Expectations Without Sounding TransactionalDiscussing what you hope to get out of a relationship can feel tricky, especially when you want to keep things genuine and connected. In sugar dating arrangements, where mutual benefits often play a central role,&#8230;Leer M\u00e1sMy Sugar Daddy Is Falling in Love With Me: How Should I React?It&#8217;s a situation that can catch anyone off guard in the world of sugar dating. You&#8217;ve been enjoying the perks \u2013 elegant dinners, spontaneous trips, genuine conversation \u2013 and suddenly, things shift. Your sugar daddy&#8230;Leer M\u00e1sHow to Spot a Fake Sugar Daddy: 15 Red Flags You&hellip;<\/p>\n","category_list":"","author_info":{"name":"Administrador","url":"https:\/\/sugardaddyplanet.com\/lv\/author\/poweb\/"},"comments_num":"0 comments","featured_image_urls_v2":{"full":"","thumbnail":"","medium":"","medium_large":"","large":"","1536x1536":"","2048x2048":"","trp-custom-language-flag":"","rt_media_thumbnail":"","rt_media_activity_image":"","rt_media_single_image":"","rt_media_featured_image":"","post-thumbnail":"","blog_carousel":""},"post_excerpt_stackable_v2":"<p>How to Talk About Expectations Without Sounding TransactionalDiscussing what you hope to get out of a relationship can feel tricky, especially when you want to keep things genuine and connected. In sugar dating arrangements, where mutual benefits often play a central role,&#8230;Leer M\u00e1sMy Sugar Daddy Is Falling in Love With Me: How Should I React?It&#8217;s a situation that can catch anyone off guard in the world of sugar dating. You&#8217;ve been enjoying the perks \u2013 elegant dinners, spontaneous trips, genuine conversation \u2013 and suddenly, things shift. Your sugar daddy&#8230;Leer M\u00e1sHow to Spot a Fake Sugar Daddy: 15 Red Flags You&hellip;<\/p>\n","category_list_v2":"","author_info_v2":{"name":"Administrador","url":"https:\/\/sugardaddyplanet.com\/lv\/author\/poweb\/"},"comments_num_v2":"0 comments","yoast_head":"<!-- This site is optimized with the Yoast SEO plugin v27.5 - https:\/\/yoast.com\/product\/yoast-seo-wordpress\/ -->\n<title>Blog<\/title>\n<meta name=\"robots\" content=\"index, follow, max-snippet:-1, max-image-preview:large, max-video-preview:-1\" \/>\n<link rel=\"canonical\" href=\"https:\/\/sugardaddyplanet.com\/lv\/blogs-par-cukuru\/\" \/>\n<meta property=\"og:locale\" content=\"lv_LV\" \/>\n<meta property=\"og:type\" content=\"article\" \/>\n<meta property=\"og:title\" content=\"Blog\" \/>\n<meta property=\"og:description\" content=\"How to Talk About Expectations Without Sounding Transactional Discussing what you hope to get out of a relationship can feel tricky, especially when you want to keep things genuine and connected. In sugar dating arrangements, where mutual benefits often play a central role,&#8230; Leer M\u00e1s My Sugar Daddy Is Falling in Love With Me: How [&hellip;]\" \/>\n<meta property=\"og:url\" content=\"https:\/\/sugardaddyplanet.com\/lv\/blogs-par-cukuru\/\" \/>\n<meta property=\"og:site_name\" content=\"Sugar Daddy Planet\" \/>\n<meta property=\"article:modified_time\" content=\"2025-10-16T12:48:51+00:00\" \/>\n<meta name=\"twitter:card\" content=\"summary_large_image\" \/>\n<script type=\"application\/ld+json\" class=\"yoast-schema-graph\">{\"@context\":\"https:\\\/\\\/schema.org\",\"@graph\":[{\"@type\":\"WebPage\",\"@id\":\"https:\\\/\\\/sugardaddyplanet.com\\\/blog-sugar\\\/\",\"url\":\"https:\\\/\\\/sugardaddyplanet.com\\\/blog-sugar\\\/\",\"name\":\"Blog\",\"isPartOf\":{\"@id\":\"https:\\\/\\\/sugardaddyplanet.com\\\/#website\"},\"datePublished\":\"2018-08-07T15:53:43+00:00\",\"dateModified\":\"2025-10-16T12:48:51+00:00\",\"breadcrumb\":{\"@id\":\"https:\\\/\\\/sugardaddyplanet.com\\\/blog-sugar\\\/#breadcrumb\"},\"inLanguage\":\"lv-LV\",\"potentialAction\":[{\"@type\":\"ReadAction\",\"target\":[\"https:\\\/\\\/sugardaddyplanet.com\\\/blog-sugar\\\/\"]}]},{\"@type\":\"BreadcrumbList\",\"@id\":\"https:\\\/\\\/sugardaddyplanet.com\\\/blog-sugar\\\/#breadcrumb\",\"itemListElement\":[{\"@type\":\"ListItem\",\"position\":1,\"name\":\"Home\",\"item\":\"https:\\\/\\\/sugardaddyplanet.com\\\/\"},{\"@type\":\"ListItem\",\"position\":2,\"name\":\"Blog\"}]},{\"@type\":\"WebSite\",\"@id\":\"https:\\\/\\\/sugardaddyplanet.com\\\/#website\",\"url\":\"https:\\\/\\\/sugardaddyplanet.com\\\/\",\"name\":\"Sugar Daddy Planet\",\"description\":\"World social network for sugar daddies and sugar babies.\",\"publisher\":{\"@id\":\"https:\\\/\\\/sugardaddyplanet.com\\\/#organization\"},\"potentialAction\":[{\"@type\":\"SearchAction\",\"target\":{\"@type\":\"EntryPoint\",\"urlTemplate\":\"https:\\\/\\\/sugardaddyplanet.com\\\/?s={search_term_string}\"},\"query-input\":{\"@type\":\"PropertyValueSpecification\",\"valueRequired\":true,\"valueName\":\"search_term_string\"}}],\"inLanguage\":\"lv-LV\"},{\"@type\":\"Organization\",\"@id\":\"https:\\\/\\\/sugardaddyplanet.com\\\/#organization\",\"name\":\"Sugar Daddy Planet\",\"url\":\"https:\\\/\\\/sugardaddyplanet.com\\\/\",\"logo\":{\"@type\":\"ImageObject\",\"inLanguage\":\"lv-LV\",\"@id\":\"https:\\\/\\\/sugardaddyplanet.com\\\/#\\\/schema\\\/logo\\\/image\\\/\",\"url\":\"\",\"contentUrl\":\"\",\"caption\":\"Sugar Daddy Planet\"},\"image\":{\"@id\":\"https:\\\/\\\/sugardaddyplanet.com\\\/#\\\/schema\\\/logo\\\/image\\\/\"}}]}<\/script>\n<!-- \/ Yoast SEO plugin. -->","yoast_head_json":{"title":"Blogs","robots":{"index":"index","follow":"follow","max-snippet":"max-snippet:-1","max-image-preview":"max-image-preview:large","max-video-preview":"max-video-preview:-1"},"canonical":"https:\/\/sugardaddyplanet.com\/lv\/blogs-par-cukuru\/","og_locale":"lv_LV","og_type":"article","og_title":"Blog","og_description":"How to Talk About Expectations Without Sounding Transactional Discussing what you hope to get out of a relationship can feel tricky, especially when you want to keep things genuine and connected. In sugar dating arrangements, where mutual benefits often play a central role,&#8230; Leer M\u00e1s My Sugar Daddy Is Falling in Love With Me: How [&hellip;]","og_url":"https:\/\/sugardaddyplanet.com\/lv\/blogs-par-cukuru\/","og_site_name":"Sugar Daddy Planet","article_modified_time":"2025-10-16T12:48:51+00:00","twitter_card":"summary_large_image","schema":{"@context":"https:\/\/schema.org","@graph":[{"@type":"WebPage","@id":"https:\/\/sugardaddyplanet.com\/blog-sugar\/","url":"https:\/\/sugardaddyplanet.com\/blog-sugar\/","name":"Blogs","isPartOf":{"@id":"https:\/\/sugardaddyplanet.com\/#website"},"datePublished":"2018-08-07T15:53:43+00:00","dateModified":"2025-10-16T12:48:51+00:00","breadcrumb":{"@id":"https:\/\/sugardaddyplanet.com\/blog-sugar\/#breadcrumb"},"inLanguage":"lv-LV","potentialAction":[{"@type":"ReadAction","target":["https:\/\/sugardaddyplanet.com\/blog-sugar\/"]}]},{"@type":"BreadcrumbList","@id":"https:\/\/sugardaddyplanet.com\/blog-sugar\/#breadcrumb","itemListElement":[{"@type":"ListItem","position":1,"name":"Home","item":"https:\/\/sugardaddyplanet.com\/"},{"@type":"ListItem","position":2,"name":"Blog"}]},{"@type":"WebSite","@id":"https:\/\/sugardaddyplanet.com\/#website","url":"https:\/\/sugardaddyplanet.com\/","name":"Sugar Daddy Planet","description":"Pasaules soci\u0101lais t\u012bkls cukura t\u0113tiem un cukura meiti\u0146\u0101m.","publisher":{"@id":"https:\/\/sugardaddyplanet.com\/#organization"},"potentialAction":[{"@type":"SearchAction","target":{"@type":"EntryPoint","urlTemplate":"https:\/\/sugardaddyplanet.com\/?s={search_term_string}"},"query-input":{"@type":"PropertyValueSpecification","valueRequired":true,"valueName":"search_term_string"}}],"inLanguage":"lv-LV"},{"@type":"Organization","@id":"https:\/\/sugardaddyplanet.com\/#organization","name":"Sugar Daddy Planet","url":"https:\/\/sugardaddyplanet.com\/","logo":{"@type":"ImageObject","inLanguage":"lv-LV","@id":"https:\/\/sugardaddyplanet.com\/#\/schema\/logo\/image\/","url":"","contentUrl":"","caption":"Sugar Daddy Planet"},"image":{"@id":"https:\/\/sugardaddyplanet.com\/#\/schema\/logo\/image\/"}}]}},"_links":{"self":[{"href":"https:\/\/sugardaddyplanet.com\/lv\/wp-json\/wp\/v2\/pages\/595","targetHints":{"allow":["GET"]}}],"collection":[{"href":"https:\/\/sugardaddyplanet.com\/lv\/wp-json\/wp\/v2\/pages"}],"about":[{"href":"https:\/\/sugardaddyplanet.com\/lv\/wp-json\/wp\/v2\/types\/page"}],"author":[{"embeddable":true,"href":"https:\/\/sugardaddyplanet.com\/lv\/wp-json\/wp\/v2\/users\/1"}],"replies":[{"embeddable":true,"href":"https:\/\/sugardaddyplanet.com\/lv\/wp-json\/wp\/v2\/comments?post=595"}],"version-history":[{"count":0,"href":"https:\/\/sugardaddyplanet.com\/lv\/wp-json\/wp\/v2\/pages\/595\/revisions"}],"wp:attachment":[{"href":"https:\/\/sugardaddyplanet.com\/lv\/wp-json\/wp\/v2\/media?parent=595"}],"curies":[{"name":"wp","href":"https:\/\/api.w.org\/{rel}","templated":true}]}}