
{"id":4878,"date":"2024-09-21T08:09:27","date_gmt":"2024-09-21T07:09:27","guid":{"rendered":"https:\/\/sugardaddyplanet.com\/?page_id=4878"},"modified":"2025-11-06T11:17:44","modified_gmt":"2025-11-06T11:17:44","slug":"meista","status":"publish","type":"page","link":"https:\/\/sugardaddyplanet.com\/fi\/about-us\/","title":{"rendered":"Tietoa meist\u00e4"},"content":{"rendered":"<p><strong><a href=\"https:\/\/sugardaddyplanet.com\/fi\/\">Sugar Daddy Planet<\/a> perustettiin vuonna 2025 useiden paikallisten deittisivustojen fuusiona. <\/strong>Laajan k\u00e4ytt\u00e4j\u00e4palautteen j\u00e4lkeen eri maista ja Polaris Nexuksen paikallisten sivustojen hankinnan my\u00f6t\u00e4 p\u00e4\u00e4t\u00f6s yhdist\u00e4\u00e4 ne tehtiin. N\u00e4in ollen Sugar Daddy Planet syntyi amerikkalaisesta yrityksest\u00e4 Polaris Nexus. Yksinkertaisen rekister\u00f6intij\u00e4rjestelm\u00e4mme, t\u00e4ysin paikallisen yhteis\u00f6n ja \u00e4lykk\u00e4iden roskapostintorjuntatoimenpiteidemme ansiosta tarjoamme ainutlaatuisen kokemuksen, jossa k\u00e4ytt\u00e4j\u00e4t voivat l\u00f6yt\u00e4\u00e4 aitoja yhteyksi\u00e4 l\u00e4hell\u00e4 kotia.<\/p>\n\n\n\n<h2 class=\"wp-block-heading has-text-align-center\">Arvomme<\/h2>\n\n\n\n<p>Ostettuaan erilaisia sosiaalisen median verkostoja Polaris Nexus sitoutui jatkamaan niiden arvojen yll\u00e4pit\u00e4mist\u00e4, jotka tekiv\u00e4t kaikista paikallisista verkkosivustoista alustoja. <strong>rakkauden, rehellisyyden ja s\u00e4\u00e4dyllisyyden<\/strong>. Siksi sitoumuksemme on, ett\u00e4 t\u00e4m\u00e4 yhteis\u00f6 pysyy terveen\u00e4 yhteis\u00f6n\u00e4, yll\u00e4pit\u00e4en alkuper\u00e4isi\u00e4 arvoja:<\/p>\n\n\n\n<div class=\"wp-block-stackable-columns stk-block-columns stk-block stk-8742b59\" data-block-id=\"8742b59\"><div class=\"stk-row stk-inner-blocks stk-block-content stk-content-align stk-8742b59-column\">\n<div class=\"wp-block-stackable-column stk-block-column stk-column stk-block stk-25f475f\" data-v=\"4\" data-block-id=\"25f475f\"><div class=\"stk-column-wrapper stk-block-column__content stk-container stk-25f475f-container stk--no-background stk--no-padding\"><div class=\"stk-block-content stk-inner-blocks stk-25f475f-inner-blocks\">\n<h3 class=\"wp-block-heading has-text-align-center\">Turvallisuus<\/h3>\n\n\n\n<p>Toteutamme korkeimmat mahdolliset turvallisuusstandardit verkkosivustollamme, t\u00e4ysin tietosuojas\u00e4\u00e4d\u00f6sten mukaisesti.<br>Taistelemme aktiivisesti roskapostia, v\u00e4\u00e4rennettyj\u00e4 profiileja ja harhaanjohtavaa sis\u00e4lt\u00f6\u00e4 vastaan. Alustamme edist\u00e4\u00e4 turvallista verkossa treffailua \u2013 sek\u00e4 sivustomme sis\u00e4ll\u00e4 ett\u00e4 laajemmassa sugar dating -maailmassa.<\/p>\n\n\n\n<h3 class=\"wp-block-heading has-text-align-center\">Luottamus<\/h3>\n\n\n\n<p>Tarjoamme t\u00e4yden tuen, selke\u00e4n viestinn\u00e4n ja t\u00e4ydellisen avoimuuden.<br>Meid\u00e4n <a href=\"https:\/\/sugardaddyplanet.com\/fi\/help-center-and-faqs\/\">ohjekeskus sis\u00e4lt\u00e4\u00e4 usein kysytyt kysymykset<\/a> ja mahdollisuus ottaa meihin suoraan yhteytt\u00e4 kaikissa ep\u00e4selvyyksiss\u00e4 tai kysymyksiss\u00e4.<\/p>\n<\/div><\/div><\/div>\n\n\n\n<div class=\"wp-block-stackable-column stk-block-column stk-column stk-block stk-a0df324\" data-v=\"4\" data-block-id=\"a0df324\"><div class=\"stk-column-wrapper stk-block-column__content stk-container stk-a0df324-container stk--no-background stk--no-padding\"><div class=\"stk-block-content stk-inner-blocks stk-a0df324-inner-blocks\">\n<h3 class=\"wp-block-heading has-text-align-center\">Koulutus<\/h3>\n\n\n\n<p>Pyrimme selitt\u00e4m\u00e4\u00e4n ja edist\u00e4m\u00e4\u00e4n todellista ymm\u00e4rryst\u00e4 sokerideittailusta, sokeritissist\u00e4 ja sokkeribeibist\u00e4. Kun joku liittyy, h\u00e4n tiet\u00e4\u00e4 tarkalleen, mist\u00e4 yhteis\u00f6ss\u00e4 on kyse.<br>Levit\u00e4mme my\u00f6s tietoa vaihtoehtoisista el\u00e4m\u00e4ntyyleist\u00e4 ja ihmissuhteista, ja esittelemme sokerideittailun tapana parantaa el\u00e4m\u00e4\u00e4, laajentaa sosiaalista piiri\u00e4si ja nauttia uusista kokemuksista \u2013 ei viimeisen\u00e4 oljenkortena.<\/p>\n\n\n\n<h3 class=\"wp-block-heading has-text-align-center\">Avoimuus<\/h3>\n\n\n\n<p>Maksuj\u00e4rjestelm\u00e4st\u00e4mme meid\u00e4n <a href=\"https:\/\/sugardaddyplanet.com\/fi\/privacy-policy-page\/\">yksityisyys- ja j\u00e4senyyss\u00e4\u00e4nn\u00f6t<\/a>, tarjoamme t\u00e4sm\u00e4llist\u00e4 ja kattavaa tietoa.<br><\/p>\n<\/div><\/div><\/div>\n<\/div><\/div>\n\n\n\n<h2 class=\"wp-block-heading has-text-align-center\">Mik\u00e4 tekee meist\u00e4 erilaisia?<\/h2>\n\n\n\n<div class=\"wp-block-stackable-columns stk-block-columns stk-block stk-0bc0431\" data-block-id=\"0bc0431\"><div class=\"stk-row stk-inner-blocks stk-block-content stk-content-align stk-0bc0431-column\">\n<div class=\"wp-block-stackable-column stk-block-column stk-column stk-block stk-b9cb707\" data-v=\"4\" data-block-id=\"b9cb707\"><div class=\"stk-column-wrapper stk-block-column__content stk-container stk-b9cb707-container stk--no-background stk--no-padding\"><div class=\"stk-block-content stk-inner-blocks stk-b9cb707-inner-blocks\">\n<h3 class=\"wp-block-heading has-text-align-center\">Paikallisyhteis\u00f6<\/h3>\n\n\n\n<p>J\u00e4senemme ovat 100 %% maailmasta \u2013 ei \u00e4rsytt\u00e4vi\u00e4 bottiviestej\u00e4 tai huijaajaprofiileja ulkomailta. Tapaa ihmisi\u00e4 l\u00e4hell\u00e4si ilman h\u00e4iri\u00f6tekij\u00f6it\u00e4.<\/p>\n<\/div><\/div><\/div>\n\n\n\n<div class=\"wp-block-stackable-column stk-block-column stk-column stk-block stk-6d01bdc\" data-v=\"4\" data-block-id=\"6d01bdc\"><div class=\"stk-column-wrapper stk-block-column__content stk-container stk-6d01bdc-container stk--no-background stk--no-padding\"><div class=\"stk-block-content stk-inner-blocks stk-6d01bdc-inner-blocks\">\n<h3 class=\"wp-block-heading has-text-align-center\">Hienotunteisuus<\/h3>\n\n\n\n<p>Yksityisyytesi on etusijalla. Ei jatkuvia ponnahdusikkunoita, ei loputtomia s\u00e4hk\u00f6postitarjouksia. Sin\u00e4 hallitset - ilmoitukset ovat valinnaisia ja t\u00e4ysin mukautettavissa.<\/p>\n<\/div><\/div><\/div>\n\n\n\n<div class=\"wp-block-stackable-column stk-block-column stk-column stk-block stk-49cc98e\" data-v=\"4\" data-block-id=\"49cc98e\"><div class=\"stk-column-wrapper stk-block-column__content stk-container stk-49cc98e-container stk--no-background stk--no-padding\"><div class=\"stk-block-content stk-inner-blocks stk-49cc98e-inner-blocks\">\n<h3 class=\"wp-block-heading has-text-align-center\">Helppok\u00e4ytt\u00f6inen<\/h3>\n\n\n\n<p>Ei pikamaksuja viesteist\u00e4 tai sekavia krediittij\u00e4rjestelmi\u00e4. Jos olet sokerilapsi, keskustelu on ilmaista. Jos olet sokerimamma tai -pappa, maksat yksinkertaisen kuukausimaksun \u2014 ei sitoumuksia, voit peruuttaa milloin tahansa.<\/p>\n<\/div><\/div><\/div>\n<\/div><\/div>\n\n\n\n<h2 class=\"wp-block-heading has-text-align-center\">Sitoutumisemme yhteis\u00f6\u00f6n<\/h2>\n\n\n\n<div class=\"wp-block-stackable-columns stk-block-columns stk-block stk-fed4f4c\" data-block-id=\"fed4f4c\"><div class=\"stk-row stk-inner-blocks stk-block-content stk-content-align stk-fed4f4c-column\">\n<div class=\"wp-block-stackable-column stk-block-column stk-column stk-block stk-cde7a34\" data-v=\"4\" data-block-id=\"cde7a34\"><div class=\"stk-column-wrapper stk-block-column__content stk-container stk-cde7a34-container stk--no-background stk--no-padding\"><div class=\"stk-block-content stk-inner-blocks stk-cde7a34-inner-blocks\">\n<h3 class=\"wp-block-heading has-text-align-center\">Turvallisia ja positiivisia kokemuksia<\/h3>\n\n\n\n<p>Olemme t\u00e4ysin sitoutuneet yhteis\u00f6mme turvallisuuteen ja hyvinvointiin. Blogipalautteen ja k\u00e4ytt\u00e4j\u00e4ymm\u00e4rryksen perusteella parannamme jatkuvasti varmistaaksemme kunnioittavan ja aidon ymp\u00e4rist\u00f6n.<\/p>\n<\/div><\/div><\/div>\n\n\n\n<div class=\"wp-block-stackable-column stk-block-column stk-column stk-block stk-5c888d3\" data-v=\"4\" data-block-id=\"5c888d3\"><div class=\"stk-column-wrapper stk-block-column__content stk-container stk-5c888d3-container stk--no-background stk--no-padding\"><div class=\"stk-block-content stk-inner-blocks stk-5c888d3-inner-blocks\">\n<h3 class=\"wp-block-heading has-text-align-center\">Jatkuva parantaminen<\/h3>\n\n\n\n<p>Asiakaspalaute ajaa meit\u00e4 eteenp\u00e4in. Kuuntelemme j\u00e4seni\u00e4mme ja k\u00e4yt\u00e4mme ehdotuksianne tehd\u00e4ksemme alustastamme entist\u00e4 paremman.<br>Omistautunut tuki- ja moderointitiimimme on aina valmis auttamaan.<\/p>\n<\/div><\/div><\/div>\n\n\n\n<div class=\"wp-block-stackable-column stk-block-column stk-column stk-block stk-0d54d3e\" data-v=\"4\" data-block-id=\"0d54d3e\"><div class=\"stk-column-wrapper stk-block-column__content stk-container stk-0d54d3e-container stk--no-background stk--no-padding\"><div class=\"stk-block-content stk-inner-blocks stk-0d54d3e-inner-blocks\">\n<h3 class=\"wp-block-heading has-text-align-center\">Yhteiskuntavastuu<\/h3>\n\n\n\n<p>Tuemme aktiivisesti turvallisempaa digikulttuuria. Teemme yhteisty\u00f6t\u00e4 tiedotuskampanjoiden ja aloitteiden kanssa, jotka edist\u00e4v\u00e4t vastuullista verkko-k\u00e4ytt\u00e4ytymist\u00e4.<br>Tuemme my\u00f6s ihmiskaupan vastaista taistelua ja teemme yhteisty\u00f6t\u00e4 kansalaisj\u00e4rjest\u00f6jen kanssa pysy\u00e4ksemme linjassa niiden arvojen kanssa ja tukeaksemme niiden teht\u00e4v\u00e4\u00e4.<\/p>\n<\/div><\/div><\/div>\n<\/div><\/div>\n\n\n\n<h2 class=\"wp-block-heading has-text-align-center\">Tulevaisuudenn\u00e4kym\u00e4t<\/h2>\n\n\n\n<h3 class=\"wp-block-heading has-text-align-center\">Jatkuva innovointi<\/h3>\n\n\n\n<p>Kehity.<br>Pysymme ajan tasalla teknologiainnovaatioiden ja markkinatrendien kanssa t\u00e4ytt\u00e4\u00e4ksemme odotuksesi.<\/p>\n\n\n\n<h3 class=\"wp-block-heading has-text-align-center\">Vahva maailmanlaajuinen l\u00e4sn\u00e4olo<\/h3>\n\n\n\n<p>Sugar Daddy Planet pyrkii olemaan johtava alusta niille, jotka etsiv\u00e4t suhteita vanhempiin aikuisiin aidossa ja oikeassa ymp\u00e4rist\u00f6ss\u00e4. Keskitymme kansainv\u00e4lisesti ja sopeudumme eri kulttuureihin ja maihin. Ymm\u00e4rr\u00e4mme, ett\u00e4 sokeritreffikokemukset eiv\u00e4t ole samanlaisia kaikkialla, joten moderoimme ja laajennamme blogiamme tarjotaksemme jatkuvasti koulutusta kansainv\u00e4lisesti relevanttien artikkelien avulla.<\/p>\n\n\n\n<p class=\"has-text-align-center\">Sinun yksityisyytesi, sinun kokemuksesi, sinun s\u00e4\u00e4nt\u00f6si \u2014 tervetuloa <strong>Sugar Daddy Planet<\/strong>.<\/p>\n\n\n<div class=\"wp-block-image\">\n<figure class=\"aligncenter size-large\"><img decoding=\"async\" width=\"500\" height=\"101\" src=\"https:\/\/sugardaddyplanet.com\/wp-content\/uploads\/2025\/10\/logosugardaddyplanet-500x101.avif\" alt=\"Logo Sugar Daddy Planeetta\" class=\"wp-image-7765\" srcset=\"https:\/\/sugardaddyplanet.com\/wp-content\/uploads\/2025\/10\/logosugardaddyplanet-500x101.avif 500w, https:\/\/sugardaddyplanet.com\/wp-content\/uploads\/2025\/10\/logosugardaddyplanet-200x40.avif 200w, https:\/\/sugardaddyplanet.com\/wp-content\/uploads\/2025\/10\/logosugardaddyplanet-768x155.avif 768w, https:\/\/sugardaddyplanet.com\/wp-content\/uploads\/2025\/10\/logosugardaddyplanet-1536x309.avif 1536w, https:\/\/sugardaddyplanet.com\/wp-content\/uploads\/2025\/10\/logosugardaddyplanet-18x4.avif 18w, https:\/\/sugardaddyplanet.com\/wp-content\/uploads\/2025\/10\/logosugardaddyplanet-800x161.avif 800w, https:\/\/sugardaddyplanet.com\/wp-content\/uploads\/2025\/10\/logosugardaddyplanet-938x189.avif 938w, https:\/\/sugardaddyplanet.com\/wp-content\/uploads\/2025\/10\/logosugardaddyplanet.avif 1911w\" sizes=\"(max-width: 500px) 100vw, 500px\" \/><\/figure>\n<\/div>\n\n\n<p><\/p>","protected":false},"excerpt":{"rendered":"<p>Sugar Daddy Planet was founded in 2025 as a merger of several local dating sites. After extensive user feedback across various countries and following Polaris Nexus acquisition of these local sites, the decision was made to unify them. Thus, Sugar Daddy Planet was born from the American company Polaris Nexus. Thanks to our simple registration [&hellip;]<\/p>\n","protected":false},"author":1,"featured_media":0,"parent":0,"menu_order":0,"comment_status":"closed","ping_status":"closed","template":"","meta":{"pmpro_default_level":"","footnotes":""},"class_list":["post-4878","page","type-page","status-publish","hentry","pmpro-has-access"],"featured_image_urls":{"full":"","thumbnail":"","medium":"","medium_large":"","large":"","1536x1536":"","2048x2048":"","trp-custom-language-flag":"","rt_media_thumbnail":"","rt_media_activity_image":"","rt_media_single_image":"","rt_media_featured_image":"","post-thumbnail":"","blog_carousel":""},"post_excerpt_stackable":"<p>Sugar Daddy Planet was founded in 2025 as a merger of several local dating sites. After extensive user feedback across various countries and following Polaris Nexus acquisition of these local sites, the decision was made to unify them. Thus, Sugar Daddy Planet was born from the American company Polaris Nexus. Thanks to our simple registration system, a fully local community, and smart anti-spam measures, we offer a unique experience where users can find genuine connections close to home. Our Values Following the acquisition of the various social networks, Polaris Nexus committed to continuing to uphold the values \u200b\u200bthat made all&hellip;<\/p>\n","category_list":"","author_info":{"name":"Administrador","url":"https:\/\/sugardaddyplanet.com\/fi\/author\/poweb\/"},"comments_num":"0 comments","featured_image_urls_v2":{"full":"","thumbnail":"","medium":"","medium_large":"","large":"","1536x1536":"","2048x2048":"","trp-custom-language-flag":"","rt_media_thumbnail":"","rt_media_activity_image":"","rt_media_single_image":"","rt_media_featured_image":"","post-thumbnail":"","blog_carousel":""},"post_excerpt_stackable_v2":"<p>Sugar Daddy Planet was founded in 2025 as a merger of several local dating sites. After extensive user feedback across various countries and following Polaris Nexus acquisition of these local sites, the decision was made to unify them. Thus, Sugar Daddy Planet was born from the American company Polaris Nexus. Thanks to our simple registration system, a fully local community, and smart anti-spam measures, we offer a unique experience where users can find genuine connections close to home. Our Values Following the acquisition of the various social networks, Polaris Nexus committed to continuing to uphold the values \u200b\u200bthat made all&hellip;<\/p>\n","category_list_v2":"","author_info_v2":{"name":"Administrador","url":"https:\/\/sugardaddyplanet.com\/fi\/author\/poweb\/"},"comments_num_v2":"0 comments","yoast_head":"<!-- This site is optimized with the Yoast SEO plugin v27.5 - https:\/\/yoast.com\/product\/yoast-seo-wordpress\/ -->\n<title>About US<\/title>\n<meta name=\"robots\" content=\"index, follow, max-snippet:-1, max-image-preview:large, max-video-preview:-1\" \/>\n<link rel=\"canonical\" href=\"https:\/\/sugardaddyplanet.com\/fi\/meista\/\" \/>\n<meta property=\"og:locale\" content=\"fi_FI\" \/>\n<meta property=\"og:type\" content=\"article\" \/>\n<meta property=\"og:title\" content=\"About US\" \/>\n<meta property=\"og:description\" content=\"Sugar Daddy Planet was founded in 2025 as a merger of several local dating sites. After extensive user feedback across various countries and following Polaris Nexus acquisition of these local sites, the decision was made to unify them. Thus, Sugar Daddy Planet was born from the American company Polaris Nexus. Thanks to our simple registration [&hellip;]\" \/>\n<meta property=\"og:url\" content=\"https:\/\/sugardaddyplanet.com\/fi\/meista\/\" \/>\n<meta property=\"og:site_name\" content=\"Sugar Daddy Planet\" \/>\n<meta property=\"article:modified_time\" content=\"2025-11-06T11:17:44+00:00\" \/>\n<meta name=\"twitter:card\" content=\"summary_large_image\" \/>\n<meta name=\"twitter:label1\" content=\"Arvioitu lukuaika\" \/>\n\t<meta name=\"twitter:data1\" content=\"3 minuuttia\" \/>\n<script type=\"application\/ld+json\" class=\"yoast-schema-graph\">{\"@context\":\"https:\\\/\\\/schema.org\",\"@graph\":[{\"@type\":\"WebPage\",\"@id\":\"https:\\\/\\\/sugardaddyplanet.com\\\/about-us\\\/\",\"url\":\"https:\\\/\\\/sugardaddyplanet.com\\\/about-us\\\/\",\"name\":\"About US\",\"isPartOf\":{\"@id\":\"https:\\\/\\\/sugardaddyplanet.com\\\/#website\"},\"primaryImageOfPage\":{\"@id\":\"https:\\\/\\\/sugardaddyplanet.com\\\/about-us\\\/#primaryimage\"},\"image\":{\"@id\":\"https:\\\/\\\/sugardaddyplanet.com\\\/about-us\\\/#primaryimage\"},\"thumbnailUrl\":\"https:\\\/\\\/sugardaddyplanet.com\\\/wp-content\\\/uploads\\\/2025\\\/10\\\/logosugardaddyplanet-500x101.avif\",\"datePublished\":\"2024-09-21T07:09:27+00:00\",\"dateModified\":\"2025-11-06T11:17:44+00:00\",\"breadcrumb\":{\"@id\":\"https:\\\/\\\/sugardaddyplanet.com\\\/about-us\\\/#breadcrumb\"},\"inLanguage\":\"fi\",\"potentialAction\":[{\"@type\":\"ReadAction\",\"target\":[\"https:\\\/\\\/sugardaddyplanet.com\\\/about-us\\\/\"]}]},{\"@type\":\"ImageObject\",\"inLanguage\":\"fi\",\"@id\":\"https:\\\/\\\/sugardaddyplanet.com\\\/about-us\\\/#primaryimage\",\"url\":\"https:\\\/\\\/sugardaddyplanet.com\\\/wp-content\\\/uploads\\\/2025\\\/10\\\/logosugardaddyplanet-500x101.avif\",\"contentUrl\":\"https:\\\/\\\/sugardaddyplanet.com\\\/wp-content\\\/uploads\\\/2025\\\/10\\\/logosugardaddyplanet-500x101.avif\"},{\"@type\":\"BreadcrumbList\",\"@id\":\"https:\\\/\\\/sugardaddyplanet.com\\\/about-us\\\/#breadcrumb\",\"itemListElement\":[{\"@type\":\"ListItem\",\"position\":1,\"name\":\"Home\",\"item\":\"https:\\\/\\\/sugardaddyplanet.com\\\/\"},{\"@type\":\"ListItem\",\"position\":2,\"name\":\"About US\"}]},{\"@type\":\"WebSite\",\"@id\":\"https:\\\/\\\/sugardaddyplanet.com\\\/#website\",\"url\":\"https:\\\/\\\/sugardaddyplanet.com\\\/\",\"name\":\"Sugar Daddy Planet\",\"description\":\"World social network for sugar daddies and sugar babies.\",\"publisher\":{\"@id\":\"https:\\\/\\\/sugardaddyplanet.com\\\/#organization\"},\"potentialAction\":[{\"@type\":\"SearchAction\",\"target\":{\"@type\":\"EntryPoint\",\"urlTemplate\":\"https:\\\/\\\/sugardaddyplanet.com\\\/?s={search_term_string}\"},\"query-input\":{\"@type\":\"PropertyValueSpecification\",\"valueRequired\":true,\"valueName\":\"search_term_string\"}}],\"inLanguage\":\"fi\"},{\"@type\":\"Organization\",\"@id\":\"https:\\\/\\\/sugardaddyplanet.com\\\/#organization\",\"name\":\"Sugar Daddy Planet\",\"url\":\"https:\\\/\\\/sugardaddyplanet.com\\\/\",\"logo\":{\"@type\":\"ImageObject\",\"inLanguage\":\"fi\",\"@id\":\"https:\\\/\\\/sugardaddyplanet.com\\\/#\\\/schema\\\/logo\\\/image\\\/\",\"url\":\"\",\"contentUrl\":\"\",\"caption\":\"Sugar Daddy Planet\"},\"image\":{\"@id\":\"https:\\\/\\\/sugardaddyplanet.com\\\/#\\\/schema\\\/logo\\\/image\\\/\"}}]}<\/script>\n<!-- \/ Yoast SEO plugin. -->","yoast_head_json":{"title":"Tietoa meist\u00e4","robots":{"index":"index","follow":"follow","max-snippet":"max-snippet:-1","max-image-preview":"max-image-preview:large","max-video-preview":"max-video-preview:-1"},"canonical":"https:\/\/sugardaddyplanet.com\/fi\/meista\/","og_locale":"fi_FI","og_type":"article","og_title":"About US","og_description":"Sugar Daddy Planet was founded in 2025 as a merger of several local dating sites. After extensive user feedback across various countries and following Polaris Nexus acquisition of these local sites, the decision was made to unify them. Thus, Sugar Daddy Planet was born from the American company Polaris Nexus. Thanks to our simple registration [&hellip;]","og_url":"https:\/\/sugardaddyplanet.com\/fi\/meista\/","og_site_name":"Sugar Daddy Planet","article_modified_time":"2025-11-06T11:17:44+00:00","twitter_card":"summary_large_image","twitter_misc":{"Arvioitu lukuaika":"3 minuuttia"},"schema":{"@context":"https:\/\/schema.org","@graph":[{"@type":"WebPage","@id":"https:\/\/sugardaddyplanet.com\/about-us\/","url":"https:\/\/sugardaddyplanet.com\/about-us\/","name":"Tietoa meist\u00e4","isPartOf":{"@id":"https:\/\/sugardaddyplanet.com\/#website"},"primaryImageOfPage":{"@id":"https:\/\/sugardaddyplanet.com\/about-us\/#primaryimage"},"image":{"@id":"https:\/\/sugardaddyplanet.com\/about-us\/#primaryimage"},"thumbnailUrl":"https:\/\/sugardaddyplanet.com\/wp-content\/uploads\/2025\/10\/logosugardaddyplanet-500x101.avif","datePublished":"2024-09-21T07:09:27+00:00","dateModified":"2025-11-06T11:17:44+00:00","breadcrumb":{"@id":"https:\/\/sugardaddyplanet.com\/about-us\/#breadcrumb"},"inLanguage":"fi","potentialAction":[{"@type":"ReadAction","target":["https:\/\/sugardaddyplanet.com\/about-us\/"]}]},{"@type":"ImageObject","inLanguage":"fi","@id":"https:\/\/sugardaddyplanet.com\/about-us\/#primaryimage","url":"https:\/\/sugardaddyplanet.com\/wp-content\/uploads\/2025\/10\/logosugardaddyplanet-500x101.avif","contentUrl":"https:\/\/sugardaddyplanet.com\/wp-content\/uploads\/2025\/10\/logosugardaddyplanet-500x101.avif"},{"@type":"BreadcrumbList","@id":"https:\/\/sugardaddyplanet.com\/about-us\/#breadcrumb","itemListElement":[{"@type":"ListItem","position":1,"name":"Home","item":"https:\/\/sugardaddyplanet.com\/"},{"@type":"ListItem","position":2,"name":"About US"}]},{"@type":"WebSite","@id":"https:\/\/sugardaddyplanet.com\/#website","url":"https:\/\/sugardaddyplanet.com\/","name":"Sugar Daddy Planet","description":"Maailman sosiaalinen verkosto sokeri-is\u00e4t ja sokeri vauvoja.","publisher":{"@id":"https:\/\/sugardaddyplanet.com\/#organization"},"potentialAction":[{"@type":"SearchAction","target":{"@type":"EntryPoint","urlTemplate":"https:\/\/sugardaddyplanet.com\/?s={search_term_string}"},"query-input":{"@type":"PropertyValueSpecification","valueRequired":true,"valueName":"search_term_string"}}],"inLanguage":"fi"},{"@type":"Organization","@id":"https:\/\/sugardaddyplanet.com\/#organization","name":"Sugar Daddy Planet","url":"https:\/\/sugardaddyplanet.com\/","logo":{"@type":"ImageObject","inLanguage":"fi","@id":"https:\/\/sugardaddyplanet.com\/#\/schema\/logo\/image\/","url":"","contentUrl":"","caption":"Sugar Daddy Planet"},"image":{"@id":"https:\/\/sugardaddyplanet.com\/#\/schema\/logo\/image\/"}}]}},"_links":{"self":[{"href":"https:\/\/sugardaddyplanet.com\/fi\/wp-json\/wp\/v2\/pages\/4878","targetHints":{"allow":["GET"]}}],"collection":[{"href":"https:\/\/sugardaddyplanet.com\/fi\/wp-json\/wp\/v2\/pages"}],"about":[{"href":"https:\/\/sugardaddyplanet.com\/fi\/wp-json\/wp\/v2\/types\/page"}],"author":[{"embeddable":true,"href":"https:\/\/sugardaddyplanet.com\/fi\/wp-json\/wp\/v2\/users\/1"}],"replies":[{"embeddable":true,"href":"https:\/\/sugardaddyplanet.com\/fi\/wp-json\/wp\/v2\/comments?post=4878"}],"version-history":[{"count":0,"href":"https:\/\/sugardaddyplanet.com\/fi\/wp-json\/wp\/v2\/pages\/4878\/revisions"}],"wp:attachment":[{"href":"https:\/\/sugardaddyplanet.com\/fi\/wp-json\/wp\/v2\/media?parent=4878"}],"curies":[{"name":"wp","href":"https:\/\/api.w.org\/{rel}","templated":true}]}}