
{"id":4878,"date":"2024-09-21T08:09:27","date_gmt":"2024-09-21T07:09:27","guid":{"rendered":"https:\/\/sugardaddyplanet.com\/?page_id=4878"},"modified":"2025-11-06T11:17:44","modified_gmt":"2025-11-06T11:17:44","slug":"uber-uns","status":"publish","type":"page","link":"https:\/\/sugardaddyplanet.com\/de\/about-us\/","title":{"rendered":"\u00dcber uns"},"content":{"rendered":"<p><strong><a href=\"https:\/\/sugardaddyplanet.com\/de\/\">Sugar Daddy Planet<\/a> wurde 2025 als Zusammenschluss mehrerer lokaler Dating-Seiten gegr\u00fcndet. <\/strong>Nach umfangreichem Nutzerfeedback aus verschiedenen L\u00e4ndern und nach dem Erwerb dieser lokalen Websites durch Polaris Nexus wurde die Entscheidung getroffen, diese zu vereinheitlichen. So entstand Sugar Daddy Planet aus dem amerikanischen Unternehmen Polaris Nexus. Dank unseres einfachen Registrierungssystems, einer vollst\u00e4ndig lokalen Community und intelligenter Anti-Spam-Ma\u00dfnahmen bieten wir ein einzigartiges Erlebnis, bei dem Nutzer echte Kontakte in ihrer N\u00e4he kn\u00fcpfen k\u00f6nnen.<\/p>\n\n\n\n<h2 class=\"wp-block-heading has-text-align-center\">Unsere Werte<\/h2>\n\n\n\n<p>Nach der \u00dcbernahme der verschiedenen sozialen Netzwerke verpflichtete sich Polaris Nexus, die Werte, die alle lokalen Websites zu Plattformen machten, weiterhin hochzuhalten <strong>der Liebe, Ehrlichkeit und Anstand<\/strong>. Deshalb ist es unser Engagement, dass diese Gemeinschaft eine gesunde Gemeinschaft bleibt, die die urspr\u00fcnglichen Werte hochh\u00e4lt:<\/p>\n\n\n\n<div class=\"wp-block-stackable-columns stk-block-columns stk-block stk-8742b59\" data-block-id=\"8742b59\"><div class=\"stk-row stk-inner-blocks stk-block-content stk-content-align stk-8742b59-column\">\n<div class=\"wp-block-stackable-column stk-block-column stk-column stk-block stk-25f475f\" data-v=\"4\" data-block-id=\"25f475f\"><div class=\"stk-column-wrapper stk-block-column__content stk-container stk-25f475f-container stk--no-background stk--no-padding\"><div class=\"stk-block-content stk-inner-blocks stk-25f475f-inner-blocks\">\n<h3 class=\"wp-block-heading has-text-align-center\">Sicherheit<\/h3>\n\n\n\n<p>Wir implementieren die h\u00f6chstm\u00f6glichen Sicherheitsstandards auf unserer Website, im vollst\u00e4ndigen Einklang mit den Datenschutzbestimmungen.<br>Wir bek\u00e4mpfen aktiv Spam, gef\u00e4lschte Profile und irref\u00fchrende Inhalte. Unsere Plattform f\u00f6rdert sicheres Online-Dating \u2013 sowohl auf unserer Seite als auch in der breiteren Welt des Sugar-Datings.<\/p>\n\n\n\n<h3 class=\"wp-block-heading has-text-align-center\">Vertrauen<\/h3>\n\n\n\n<p>Wir bieten volle Unterst\u00fctzung, klare Kommunikation und volle Transparenz.<br>Unser <a href=\"https:\/\/sugardaddyplanet.com\/de\/hilfezentrum-und-faqs\/\">Hilfe enth\u00e4lt FAQs<\/a> und die M\u00f6glichkeit, uns bei Fragen oder Unklarheiten direkt zu kontaktieren.<\/p>\n<\/div><\/div><\/div>\n\n\n\n<div class=\"wp-block-stackable-column stk-block-column stk-column stk-block stk-a0df324\" data-v=\"4\" data-block-id=\"a0df324\"><div class=\"stk-column-wrapper stk-block-column__content stk-container stk-a0df324-container stk--no-background stk--no-padding\"><div class=\"stk-block-content stk-inner-blocks stk-a0df324-inner-blocks\">\n<h3 class=\"wp-block-heading has-text-align-center\">Bildung<\/h3>\n\n\n\n<p>Wir bem\u00fchen uns, Sugar Dating, Sugar Daddy und Sugar Baby zu erkl\u00e4ren und ein echtes Verst\u00e4ndnis daf\u00fcr zu f\u00f6rdern. Wenn jemand beitritt, wei\u00df er genau, worum es in dieser Community geht.<br>Wir f\u00f6rdern auch das Bewusstsein f\u00fcr alternative Lebensstile und Beziehungen und positionieren Sugar Dating als M\u00f6glichkeit, das Leben zu bereichern, Ihren sozialen Kreis zu erweitern und neue Erfahrungen zu sammeln \u2013 nicht als letzte Rettung.<\/p>\n\n\n\n<h3 class=\"wp-block-heading has-text-align-center\">Transparenz<\/h3>\n\n\n\n<p>Von unserem Zahlungssystem bis zu unserem <a href=\"https:\/\/sugardaddyplanet.com\/de\/privacy-policy-page\/\">Datenschutz- und Mitgliedschaftsrichtlinien<\/a>, stellen wir genaue und vollst\u00e4ndige Informationen zur Verf\u00fcgung.<br><\/p>\n<\/div><\/div><\/div>\n<\/div><\/div>\n\n\n\n<h2 class=\"wp-block-heading has-text-align-center\">Was macht uns anders?<\/h2>\n\n\n\n<div class=\"wp-block-stackable-columns stk-block-columns stk-block stk-0bc0431\" data-block-id=\"0bc0431\"><div class=\"stk-row stk-inner-blocks stk-block-content stk-content-align stk-0bc0431-column\">\n<div class=\"wp-block-stackable-column stk-block-column stk-column stk-block stk-b9cb707\" data-v=\"4\" data-block-id=\"b9cb707\"><div class=\"stk-column-wrapper stk-block-column__content stk-container stk-b9cb707-container stk--no-background stk--no-padding\"><div class=\"stk-block-content stk-inner-blocks stk-b9cb707-inner-blocks\">\n<h3 class=\"wp-block-heading has-text-align-center\">Lokale Gemeinschaft<\/h3>\n\n\n\n<p>Unsere Mitglieder sind zu 100 %% Weltweit ans\u00e4ssig \u2013 keine nervigen Bot-Nachrichten oder gef\u00e4lschten Profile aus dem Ausland. Treffen Sie Menschen in Ihrer N\u00e4he, ohne Ablenkungen.<\/p>\n<\/div><\/div><\/div>\n\n\n\n<div class=\"wp-block-stackable-column stk-block-column stk-column stk-block stk-6d01bdc\" data-v=\"4\" data-block-id=\"6d01bdc\"><div class=\"stk-column-wrapper stk-block-column__content stk-container stk-6d01bdc-container stk--no-background stk--no-padding\"><div class=\"stk-block-content stk-inner-blocks stk-6d01bdc-inner-blocks\">\n<h3 class=\"wp-block-heading has-text-align-center\">Diskretion<\/h3>\n\n\n\n<p>Ihre Privatsph\u00e4re ist unsere Priorit\u00e4t. Keine st\u00e4ndigen Pop-ups, keine endlosen E-Mail-Angebote. Sie haben die Kontrolle \u2013 Benachrichtigungen sind optional und vollst\u00e4ndig anpassbar.<\/p>\n<\/div><\/div><\/div>\n\n\n\n<div class=\"wp-block-stackable-column stk-block-column stk-column stk-block stk-49cc98e\" data-v=\"4\" data-block-id=\"49cc98e\"><div class=\"stk-column-wrapper stk-block-column__content stk-container stk-49cc98e-container stk--no-background stk--no-padding\"><div class=\"stk-block-content stk-inner-blocks stk-49cc98e-inner-blocks\">\n<h3 class=\"wp-block-heading has-text-align-center\">Einfach zu bedienen<\/h3>\n\n\n\n<p>Keine Pay-per-Message-Gimmicks oder verwirrende Kreditkarten. Wenn du ein Sugar Baby bist, ist das Chatten kostenlos. Wenn du ein Sugar Daddy bist, zahlst du eine einfache monatliche Geb\u00fchr \u2013 keine Verpflichtungen, jederzeit k\u00fcndbar.<\/p>\n<\/div><\/div><\/div>\n<\/div><\/div>\n\n\n\n<h2 class=\"wp-block-heading has-text-align-center\">Unser Engagement f\u00fcr die Gemeinschaft<\/h2>\n\n\n\n<div class=\"wp-block-stackable-columns stk-block-columns stk-block stk-fed4f4c\" data-block-id=\"fed4f4c\"><div class=\"stk-row stk-inner-blocks stk-block-content stk-content-align stk-fed4f4c-column\">\n<div class=\"wp-block-stackable-column stk-block-column stk-column stk-block stk-cde7a34\" data-v=\"4\" data-block-id=\"cde7a34\"><div class=\"stk-column-wrapper stk-block-column__content stk-container stk-cde7a34-container stk--no-background stk--no-padding\"><div class=\"stk-block-content stk-inner-blocks stk-cde7a34-inner-blocks\">\n<h3 class=\"wp-block-heading has-text-align-center\">Sichere &amp; Positive Erlebnisse<\/h3>\n\n\n\n<p>Wir setzen uns f\u00fcr die Sicherheit und das Wohlergehen unserer Community ein. Auf der Grundlage von Blog-Feedback und Nutzererkenntnissen verbessern wir uns st\u00e4ndig, um ein respektvolles, authentisches Umfeld zu schaffen.<\/p>\n<\/div><\/div><\/div>\n\n\n\n<div class=\"wp-block-stackable-column stk-block-column stk-column stk-block stk-5c888d3\" data-v=\"4\" data-block-id=\"5c888d3\"><div class=\"stk-column-wrapper stk-block-column__content stk-container stk-5c888d3-container stk--no-background stk--no-padding\"><div class=\"stk-block-content stk-inner-blocks stk-5c888d3-inner-blocks\">\n<h3 class=\"wp-block-heading has-text-align-center\">Kontinuierliche Verbesserung<\/h3>\n\n\n\n<p>Benutzerfeedback treibt uns an. Wir h\u00f6ren unseren Mitgliedern zu und nutzen Ihre Vorschl\u00e4ge, um unsere Plattform noch besser zu machen.<br>Unser engagiertes Support- und Moderationsteam ist jederzeit f\u00fcr Sie da.<\/p>\n<\/div><\/div><\/div>\n\n\n\n<div class=\"wp-block-stackable-column stk-block-column stk-column stk-block stk-0d54d3e\" data-v=\"4\" data-block-id=\"0d54d3e\"><div class=\"stk-column-wrapper stk-block-column__content stk-container stk-0d54d3e-container stk--no-background stk--no-padding\"><div class=\"stk-block-content stk-inner-blocks stk-0d54d3e-inner-blocks\">\n<h3 class=\"wp-block-heading has-text-align-center\">Soziale Verantwortung<\/h3>\n\n\n\n<p>Wir unterst\u00fctzen aktiv eine sicherere digitale Kultur. Wir arbeiten mit Sensibilisierungskampagnen und Initiativen zusammen, die ein verantwortungsvolles Online-Verhalten f\u00f6rdern.<br>Au\u00dferdem unterst\u00fctzen wir den Kampf gegen den Menschenhandel und arbeiten mit Nichtregierungsorganisationen zusammen, um deren Werte und Aufgaben zu unterst\u00fctzen.<\/p>\n<\/div><\/div><\/div>\n<\/div><\/div>\n\n\n\n<h2 class=\"wp-block-heading has-text-align-center\">Ein Blick Nach Vorn<\/h2>\n\n\n\n<h3 class=\"wp-block-heading has-text-align-center\">Kontinuierliche Innovation<\/h3>\n\n\n\n<p>Wir entwickeln uns st\u00e4ndig weiter. Von intelligenterer Profilverifizierung bis hin zu fortschrittlichen Datenschutztools ist es unser Ziel, ein au\u00dfergew\u00f6hnliches Benutzererlebnis zu bieten.<br>Wir bleiben auf dem Laufenden \u00fcber technologische Innovationen und Markttrends, um Ihre Erwartungen zu erf\u00fcllen.<\/p>\n\n\n\n<h3 class=\"wp-block-heading has-text-align-center\">Starke Weltpr\u00e4senz<\/h3>\n\n\n\n<p>Sugar Daddy Planet hat sich zum Ziel gesetzt, die f\u00fchrende Plattform f\u00fcr diejenigen zu sein, die Beziehungen zu \u00e4lteren Erwachsenen in einem authentischen und echten Umfeld suchen. Unser Fokus ist international und passt sich den verschiedenen Kulturen und L\u00e4ndern an. Wir wissen, dass Sugar-Dating nicht \u00fcberall auf die gleiche Art und Weise gelebt wird, daher moderieren und erweitern wir unseren Blog, um durch international relevante Artikel weiter aufzukl\u00e4ren.<\/p>\n\n\n\n<p class=\"has-text-align-center\">Ihre Privatsph\u00e4re, Ihre Erfahrungen, Ihre Regeln - willkommen bei <strong>Sugar Daddy Planet<\/strong>.<\/p>\n\n\n<div class=\"wp-block-image\">\n<figure class=\"aligncenter size-large\"><img decoding=\"async\" width=\"500\" height=\"101\" src=\"https:\/\/sugardaddyplanet.com\/wp-content\/uploads\/2025\/10\/logosugardaddyplanet-500x101.avif\" alt=\"Logo Sugar Daddy Planet\" class=\"wp-image-7765\" srcset=\"https:\/\/sugardaddyplanet.com\/wp-content\/uploads\/2025\/10\/logosugardaddyplanet-500x101.avif 500w, https:\/\/sugardaddyplanet.com\/wp-content\/uploads\/2025\/10\/logosugardaddyplanet-200x40.avif 200w, https:\/\/sugardaddyplanet.com\/wp-content\/uploads\/2025\/10\/logosugardaddyplanet-768x155.avif 768w, https:\/\/sugardaddyplanet.com\/wp-content\/uploads\/2025\/10\/logosugardaddyplanet-1536x309.avif 1536w, https:\/\/sugardaddyplanet.com\/wp-content\/uploads\/2025\/10\/logosugardaddyplanet-18x4.avif 18w, https:\/\/sugardaddyplanet.com\/wp-content\/uploads\/2025\/10\/logosugardaddyplanet-800x161.avif 800w, https:\/\/sugardaddyplanet.com\/wp-content\/uploads\/2025\/10\/logosugardaddyplanet-938x189.avif 938w, https:\/\/sugardaddyplanet.com\/wp-content\/uploads\/2025\/10\/logosugardaddyplanet.avif 1911w\" sizes=\"(max-width: 500px) 100vw, 500px\" \/><\/figure>\n<\/div>\n\n\n<p><\/p>","protected":false},"excerpt":{"rendered":"<p>Sugar Daddy Planet was founded in 2025 as a merger of several local dating sites. After extensive user feedback across various countries and following Polaris Nexus acquisition of these local sites, the decision was made to unify them. Thus, Sugar Daddy Planet was born from the American company Polaris Nexus. Thanks to our simple registration [&hellip;]<\/p>\n","protected":false},"author":1,"featured_media":0,"parent":0,"menu_order":0,"comment_status":"closed","ping_status":"closed","template":"","meta":{"pmpro_default_level":"","footnotes":""},"class_list":["post-4878","page","type-page","status-publish","hentry","pmpro-has-access"],"featured_image_urls":{"full":"","thumbnail":"","medium":"","medium_large":"","large":"","1536x1536":"","2048x2048":"","trp-custom-language-flag":"","rt_media_thumbnail":"","rt_media_activity_image":"","rt_media_single_image":"","rt_media_featured_image":"","post-thumbnail":"","blog_carousel":""},"post_excerpt_stackable":"<p>Sugar Daddy Planet was founded in 2025 as a merger of several local dating sites. After extensive user feedback across various countries and following Polaris Nexus acquisition of these local sites, the decision was made to unify them. Thus, Sugar Daddy Planet was born from the American company Polaris Nexus. Thanks to our simple registration system, a fully local community, and smart anti-spam measures, we offer a unique experience where users can find genuine connections close to home. Our Values Following the acquisition of the various social networks, Polaris Nexus committed to continuing to uphold the values \u200b\u200bthat made all&hellip;<\/p>\n","category_list":"","author_info":{"name":"Administrador","url":"https:\/\/sugardaddyplanet.com\/de\/author\/poweb\/"},"comments_num":"0 comments","featured_image_urls_v2":{"full":"","thumbnail":"","medium":"","medium_large":"","large":"","1536x1536":"","2048x2048":"","trp-custom-language-flag":"","rt_media_thumbnail":"","rt_media_activity_image":"","rt_media_single_image":"","rt_media_featured_image":"","post-thumbnail":"","blog_carousel":""},"post_excerpt_stackable_v2":"<p>Sugar Daddy Planet was founded in 2025 as a merger of several local dating sites. After extensive user feedback across various countries and following Polaris Nexus acquisition of these local sites, the decision was made to unify them. Thus, Sugar Daddy Planet was born from the American company Polaris Nexus. Thanks to our simple registration system, a fully local community, and smart anti-spam measures, we offer a unique experience where users can find genuine connections close to home. Our Values Following the acquisition of the various social networks, Polaris Nexus committed to continuing to uphold the values \u200b\u200bthat made all&hellip;<\/p>\n","category_list_v2":"","author_info_v2":{"name":"Administrador","url":"https:\/\/sugardaddyplanet.com\/de\/author\/poweb\/"},"comments_num_v2":"0 comments","yoast_head":"<!-- This site is optimized with the Yoast SEO plugin v27.5 - https:\/\/yoast.com\/product\/yoast-seo-wordpress\/ -->\n<title>About US<\/title>\n<meta name=\"robots\" content=\"index, follow, max-snippet:-1, max-image-preview:large, max-video-preview:-1\" \/>\n<link rel=\"canonical\" href=\"https:\/\/sugardaddyplanet.com\/de\/uber-uns\/\" \/>\n<meta property=\"og:locale\" content=\"de_DE\" \/>\n<meta property=\"og:type\" content=\"article\" \/>\n<meta property=\"og:title\" content=\"About US\" \/>\n<meta property=\"og:description\" content=\"Sugar Daddy Planet was founded in 2025 as a merger of several local dating sites. After extensive user feedback across various countries and following Polaris Nexus acquisition of these local sites, the decision was made to unify them. Thus, Sugar Daddy Planet was born from the American company Polaris Nexus. Thanks to our simple registration [&hellip;]\" \/>\n<meta property=\"og:url\" content=\"https:\/\/sugardaddyplanet.com\/de\/uber-uns\/\" \/>\n<meta property=\"og:site_name\" content=\"Sugar Daddy Planet\" \/>\n<meta property=\"article:modified_time\" content=\"2025-11-06T11:17:44+00:00\" \/>\n<meta name=\"twitter:card\" content=\"summary_large_image\" \/>\n<meta name=\"twitter:label1\" content=\"Gesch\u00e4tzte Lesezeit\" \/>\n\t<meta name=\"twitter:data1\" content=\"3\u00a0Minuten\" \/>\n<script type=\"application\/ld+json\" class=\"yoast-schema-graph\">{\"@context\":\"https:\\\/\\\/schema.org\",\"@graph\":[{\"@type\":\"WebPage\",\"@id\":\"https:\\\/\\\/sugardaddyplanet.com\\\/about-us\\\/\",\"url\":\"https:\\\/\\\/sugardaddyplanet.com\\\/about-us\\\/\",\"name\":\"About US\",\"isPartOf\":{\"@id\":\"https:\\\/\\\/sugardaddyplanet.com\\\/#website\"},\"primaryImageOfPage\":{\"@id\":\"https:\\\/\\\/sugardaddyplanet.com\\\/about-us\\\/#primaryimage\"},\"image\":{\"@id\":\"https:\\\/\\\/sugardaddyplanet.com\\\/about-us\\\/#primaryimage\"},\"thumbnailUrl\":\"https:\\\/\\\/sugardaddyplanet.com\\\/wp-content\\\/uploads\\\/2025\\\/10\\\/logosugardaddyplanet-500x101.avif\",\"datePublished\":\"2024-09-21T07:09:27+00:00\",\"dateModified\":\"2025-11-06T11:17:44+00:00\",\"breadcrumb\":{\"@id\":\"https:\\\/\\\/sugardaddyplanet.com\\\/about-us\\\/#breadcrumb\"},\"inLanguage\":\"de\",\"potentialAction\":[{\"@type\":\"ReadAction\",\"target\":[\"https:\\\/\\\/sugardaddyplanet.com\\\/about-us\\\/\"]}]},{\"@type\":\"ImageObject\",\"inLanguage\":\"de\",\"@id\":\"https:\\\/\\\/sugardaddyplanet.com\\\/about-us\\\/#primaryimage\",\"url\":\"https:\\\/\\\/sugardaddyplanet.com\\\/wp-content\\\/uploads\\\/2025\\\/10\\\/logosugardaddyplanet-500x101.avif\",\"contentUrl\":\"https:\\\/\\\/sugardaddyplanet.com\\\/wp-content\\\/uploads\\\/2025\\\/10\\\/logosugardaddyplanet-500x101.avif\"},{\"@type\":\"BreadcrumbList\",\"@id\":\"https:\\\/\\\/sugardaddyplanet.com\\\/about-us\\\/#breadcrumb\",\"itemListElement\":[{\"@type\":\"ListItem\",\"position\":1,\"name\":\"Home\",\"item\":\"https:\\\/\\\/sugardaddyplanet.com\\\/\"},{\"@type\":\"ListItem\",\"position\":2,\"name\":\"About US\"}]},{\"@type\":\"WebSite\",\"@id\":\"https:\\\/\\\/sugardaddyplanet.com\\\/#website\",\"url\":\"https:\\\/\\\/sugardaddyplanet.com\\\/\",\"name\":\"Sugar Daddy Planet\",\"description\":\"World social network for sugar daddies and sugar babies.\",\"publisher\":{\"@id\":\"https:\\\/\\\/sugardaddyplanet.com\\\/#organization\"},\"potentialAction\":[{\"@type\":\"SearchAction\",\"target\":{\"@type\":\"EntryPoint\",\"urlTemplate\":\"https:\\\/\\\/sugardaddyplanet.com\\\/?s={search_term_string}\"},\"query-input\":{\"@type\":\"PropertyValueSpecification\",\"valueRequired\":true,\"valueName\":\"search_term_string\"}}],\"inLanguage\":\"de\"},{\"@type\":\"Organization\",\"@id\":\"https:\\\/\\\/sugardaddyplanet.com\\\/#organization\",\"name\":\"Sugar Daddy Planet\",\"url\":\"https:\\\/\\\/sugardaddyplanet.com\\\/\",\"logo\":{\"@type\":\"ImageObject\",\"inLanguage\":\"de\",\"@id\":\"https:\\\/\\\/sugardaddyplanet.com\\\/#\\\/schema\\\/logo\\\/image\\\/\",\"url\":\"\",\"contentUrl\":\"\",\"caption\":\"Sugar Daddy Planet\"},\"image\":{\"@id\":\"https:\\\/\\\/sugardaddyplanet.com\\\/#\\\/schema\\\/logo\\\/image\\\/\"}}]}<\/script>\n<!-- \/ Yoast SEO plugin. -->","yoast_head_json":{"title":"\u00dcber uns","robots":{"index":"index","follow":"follow","max-snippet":"max-snippet:-1","max-image-preview":"max-image-preview:large","max-video-preview":"max-video-preview:-1"},"canonical":"https:\/\/sugardaddyplanet.com\/de\/uber-uns\/","og_locale":"de_DE","og_type":"article","og_title":"About US","og_description":"Sugar Daddy Planet was founded in 2025 as a merger of several local dating sites. After extensive user feedback across various countries and following Polaris Nexus acquisition of these local sites, the decision was made to unify them. Thus, Sugar Daddy Planet was born from the American company Polaris Nexus. Thanks to our simple registration [&hellip;]","og_url":"https:\/\/sugardaddyplanet.com\/de\/uber-uns\/","og_site_name":"Sugar Daddy Planet","article_modified_time":"2025-11-06T11:17:44+00:00","twitter_card":"summary_large_image","twitter_misc":{"Gesch\u00e4tzte Lesezeit":"3\u00a0Minuten"},"schema":{"@context":"https:\/\/schema.org","@graph":[{"@type":"WebPage","@id":"https:\/\/sugardaddyplanet.com\/about-us\/","url":"https:\/\/sugardaddyplanet.com\/about-us\/","name":"\u00dcber uns","isPartOf":{"@id":"https:\/\/sugardaddyplanet.com\/#website"},"primaryImageOfPage":{"@id":"https:\/\/sugardaddyplanet.com\/about-us\/#primaryimage"},"image":{"@id":"https:\/\/sugardaddyplanet.com\/about-us\/#primaryimage"},"thumbnailUrl":"https:\/\/sugardaddyplanet.com\/wp-content\/uploads\/2025\/10\/logosugardaddyplanet-500x101.avif","datePublished":"2024-09-21T07:09:27+00:00","dateModified":"2025-11-06T11:17:44+00:00","breadcrumb":{"@id":"https:\/\/sugardaddyplanet.com\/about-us\/#breadcrumb"},"inLanguage":"de","potentialAction":[{"@type":"ReadAction","target":["https:\/\/sugardaddyplanet.com\/about-us\/"]}]},{"@type":"ImageObject","inLanguage":"de","@id":"https:\/\/sugardaddyplanet.com\/about-us\/#primaryimage","url":"https:\/\/sugardaddyplanet.com\/wp-content\/uploads\/2025\/10\/logosugardaddyplanet-500x101.avif","contentUrl":"https:\/\/sugardaddyplanet.com\/wp-content\/uploads\/2025\/10\/logosugardaddyplanet-500x101.avif"},{"@type":"BreadcrumbList","@id":"https:\/\/sugardaddyplanet.com\/about-us\/#breadcrumb","itemListElement":[{"@type":"ListItem","position":1,"name":"Home","item":"https:\/\/sugardaddyplanet.com\/"},{"@type":"ListItem","position":2,"name":"About US"}]},{"@type":"WebSite","@id":"https:\/\/sugardaddyplanet.com\/#website","url":"https:\/\/sugardaddyplanet.com\/","name":"Sugar Daddy Planet","description":"Weltweites soziales Netzwerk f\u00fcr Sugar Daddies und Sugar Babies.","publisher":{"@id":"https:\/\/sugardaddyplanet.com\/#organization"},"potentialAction":[{"@type":"SearchAction","target":{"@type":"EntryPoint","urlTemplate":"https:\/\/sugardaddyplanet.com\/?s={search_term_string}"},"query-input":{"@type":"PropertyValueSpecification","valueRequired":true,"valueName":"search_term_string"}}],"inLanguage":"de"},{"@type":"Organization","@id":"https:\/\/sugardaddyplanet.com\/#organization","name":"Sugar Daddy Planet","url":"https:\/\/sugardaddyplanet.com\/","logo":{"@type":"ImageObject","inLanguage":"de","@id":"https:\/\/sugardaddyplanet.com\/#\/schema\/logo\/image\/","url":"","contentUrl":"","caption":"Sugar Daddy Planet"},"image":{"@id":"https:\/\/sugardaddyplanet.com\/#\/schema\/logo\/image\/"}}]}},"_links":{"self":[{"href":"https:\/\/sugardaddyplanet.com\/de\/wp-json\/wp\/v2\/pages\/4878","targetHints":{"allow":["GET"]}}],"collection":[{"href":"https:\/\/sugardaddyplanet.com\/de\/wp-json\/wp\/v2\/pages"}],"about":[{"href":"https:\/\/sugardaddyplanet.com\/de\/wp-json\/wp\/v2\/types\/page"}],"author":[{"embeddable":true,"href":"https:\/\/sugardaddyplanet.com\/de\/wp-json\/wp\/v2\/users\/1"}],"replies":[{"embeddable":true,"href":"https:\/\/sugardaddyplanet.com\/de\/wp-json\/wp\/v2\/comments?post=4878"}],"version-history":[{"count":0,"href":"https:\/\/sugardaddyplanet.com\/de\/wp-json\/wp\/v2\/pages\/4878\/revisions"}],"wp:attachment":[{"href":"https:\/\/sugardaddyplanet.com\/de\/wp-json\/wp\/v2\/media?parent=4878"}],"curies":[{"name":"wp","href":"https:\/\/api.w.org\/{rel}","templated":true}]}}