
{"id":4878,"date":"2024-09-21T08:09:27","date_gmt":"2024-09-21T07:09:27","guid":{"rendered":"https:\/\/sugardaddyplanet.com\/?page_id=4878"},"modified":"2025-11-06T11:17:44","modified_gmt":"2025-11-06T11:17:44","slug":"om-os","status":"publish","type":"page","link":"https:\/\/sugardaddyplanet.com\/da\/about-us\/","title":{"rendered":"Om os"},"content":{"rendered":"<p><strong><a href=\"https:\/\/sugardaddyplanet.com\/da\/\">Sugar Daddy Planet<\/a> blev grundlagt i 2025 som en fusion af flere lokale datingsider. <\/strong>Efter omfattende brugerfeedback fra forskellige lande og efter Polaris Nexus' opk\u00f8b af disse lokale sider, blev.<\/p>\n\n\n\n<h2 class=\"wp-block-heading has-text-align-center\">Vores v\u00e6rdier<\/h2>\n\n\n\n<p>Efter opk\u00f8bet af de forskellige sociale netv\u00e6rk har Polaris Nexus forpligtet sig til at forts\u00e6tte med at opretholde de v\u00e6rdier, der gjorde alle de lokale hjemmesider til platforme. <strong>af k\u00e6rlighed, \u00e6rlighed og anst\u00e6ndighed<\/strong>. Derfor er vores forpligtelse, at dette f\u00e6llesskab forbliver et sundt f\u00e6llesskab, der opretholder de oprindelige v\u00e6rdier:<\/p>\n\n\n\n<div class=\"wp-block-stackable-columns stk-block-columns stk-block stk-8742b59\" data-block-id=\"8742b59\"><div class=\"stk-row stk-inner-blocks stk-block-content stk-content-align stk-8742b59-column\">\n<div class=\"wp-block-stackable-column stk-block-column stk-column stk-block stk-25f475f\" data-v=\"4\" data-block-id=\"25f475f\"><div class=\"stk-column-wrapper stk-block-column__content stk-container stk-25f475f-container stk--no-background stk--no-padding\"><div class=\"stk-block-content stk-inner-blocks stk-25f475f-inner-blocks\">\n<h3 class=\"wp-block-heading has-text-align-center\">Sikkerhed<\/h3>\n\n\n\n<p>Vi implementerer de h\u00f8jest mulige sikkerhedsstandarder p\u00e5 hele vores hjemmeside i fuld overensstemmelse med databeskyttelsesreglerne.<br>Vi bek\u00e6mper aktivt spam, falske profiler og vildledende indhold. Vores platform fremmer sikker online-dating - b\u00e5de p\u00e5 vores side og i den bredere sugardating-verden.<\/p>\n\n\n\n<h3 class=\"wp-block-heading has-text-align-center\">Tillid<\/h3>\n\n\n\n<p>Vi tilbyder fuld support, klar kommunikation og fuld gennemsigtighed.<br>Vores <a href=\"https:\/\/sugardaddyplanet.com\/da\/help-center-og-ofte-stillede-sporgsmal\/\">Hj\u00e6lpecenter inkluderer ofte stillede sp\u00f8rgsm\u00e5l<\/a> og muligheden for at kontakte os direkte ved tvivl eller sp\u00f8rgsm\u00e5l.<\/p>\n<\/div><\/div><\/div>\n\n\n\n<div class=\"wp-block-stackable-column stk-block-column stk-column stk-block stk-a0df324\" data-v=\"4\" data-block-id=\"a0df324\"><div class=\"stk-column-wrapper stk-block-column__content stk-container stk-a0df324-container stk--no-background stk--no-padding\"><div class=\"stk-block-content stk-inner-blocks stk-a0df324-inner-blocks\">\n<h3 class=\"wp-block-heading has-text-align-center\">Uddannelse<\/h3>\n\n\n\n<p>Vi str\u00e6ber efter at forklare og fremme en reel forst\u00e5else af sugar dating, sugar daddy og sugar baby. N\u00e5r nogen melder sig ind, ved de pr\u00e6cis, hvad dette f\u00e6llesskab handler om.<br>Vi skaber ogs\u00e5 opm\u00e6rksomhed omkring alternative livsstile og forhold, og positionerer sugar dating som en m\u00e5de at forbedre livet p\u00e5, udvide din sociale omgangskreds og nyde nye oplevelser \u2013 ikke som en sidste udvej.<\/p>\n\n\n\n<h3 class=\"wp-block-heading has-text-align-center\">Gennemsigtighed<\/h3>\n\n\n\n<p>Fra vores betalingssystem til vores <a href=\"https:\/\/sugardaddyplanet.com\/da\/privacy-policy-page\/\">Privatlivs- og medlemskabspolitik<\/a>, leverer vi pr\u00e6cis og fuldst\u00e6ndig information.<br><\/p>\n<\/div><\/div><\/div>\n<\/div><\/div>\n\n\n\n<h2 class=\"wp-block-heading has-text-align-center\">Hvad g\u00f8r os anderledes?<\/h2>\n\n\n\n<div class=\"wp-block-stackable-columns stk-block-columns stk-block stk-0bc0431\" data-block-id=\"0bc0431\"><div class=\"stk-row stk-inner-blocks stk-block-content stk-content-align stk-0bc0431-column\">\n<div class=\"wp-block-stackable-column stk-block-column stk-column stk-block stk-b9cb707\" data-v=\"4\" data-block-id=\"b9cb707\"><div class=\"stk-column-wrapper stk-block-column__content stk-container stk-b9cb707-container stk--no-background stk--no-padding\"><div class=\"stk-block-content stk-inner-blocks stk-b9cb707-inner-blocks\">\n<h3 class=\"wp-block-heading has-text-align-center\">Lokalsamfund<\/h3>\n\n\n\n<p>Vores medlemmer er 100% fra hele verden \u2013 ingen irriterende botbeskeder eller falske profiler fra udlandet. M\u00f8d folk i n\u00e6rheden af dig, uden distraktioner.<\/p>\n<\/div><\/div><\/div>\n\n\n\n<div class=\"wp-block-stackable-column stk-block-column stk-column stk-block stk-6d01bdc\" data-v=\"4\" data-block-id=\"6d01bdc\"><div class=\"stk-column-wrapper stk-block-column__content stk-container stk-6d01bdc-container stk--no-background stk--no-padding\"><div class=\"stk-block-content stk-inner-blocks stk-6d01bdc-inner-blocks\">\n<h3 class=\"wp-block-heading has-text-align-center\">Diskretion<\/h3>\n\n\n\n<p>Dit privatliv er vores prioritet. Ingen konstante pop-ups, ingen endel\u00f8se e-mailtilbud. Du har kontrollen \u2013 notifikationer er valgfrie og fuldt tilpasselige.<\/p>\n<\/div><\/div><\/div>\n\n\n\n<div class=\"wp-block-stackable-column stk-block-column stk-column stk-block stk-49cc98e\" data-v=\"4\" data-block-id=\"49cc98e\"><div class=\"stk-column-wrapper stk-block-column__content stk-container stk-49cc98e-container stk--no-background stk--no-padding\"><div class=\"stk-block-content stk-inner-blocks stk-49cc98e-inner-blocks\">\n<h3 class=\"wp-block-heading has-text-align-center\">Let at bruge<\/h3>\n\n\n\n<p>Ingen betal-per-besked-tricks eller forvirrende kreditsystemer. Hvis du er en sugar baby, er det gratis at chatte. Hvis du er en sugar daddy, betaler du et simpelt m\u00e5nedligt gebyr \u2013 ingen binding, opsig n\u00e5r som helst.<\/p>\n<\/div><\/div><\/div>\n<\/div><\/div>\n\n\n\n<h2 class=\"wp-block-heading has-text-align-center\">Vores engagement i lokalsamfundet<\/h2>\n\n\n\n<div class=\"wp-block-stackable-columns stk-block-columns stk-block stk-fed4f4c\" data-block-id=\"fed4f4c\"><div class=\"stk-row stk-inner-blocks stk-block-content stk-content-align stk-fed4f4c-column\">\n<div class=\"wp-block-stackable-column stk-block-column stk-column stk-block stk-cde7a34\" data-v=\"4\" data-block-id=\"cde7a34\"><div class=\"stk-column-wrapper stk-block-column__content stk-container stk-cde7a34-container stk--no-background stk--no-padding\"><div class=\"stk-block-content stk-inner-blocks stk-cde7a34-inner-blocks\">\n<h3 class=\"wp-block-heading has-text-align-center\">Sikre og positive oplevelser<\/h3>\n\n\n\n<p>Vi er fuldt ud dedikerede til sikkerheden og trivslen i vores f\u00e6llesskab. Baseret p\u00e5 blogfeedback og brugerindsigter forbedrer vi os konstant for at sikre et respektfuldt og \u00e6gte milj\u00f8.<\/p>\n<\/div><\/div><\/div>\n\n\n\n<div class=\"wp-block-stackable-column stk-block-column stk-column stk-block stk-5c888d3\" data-v=\"4\" data-block-id=\"5c888d3\"><div class=\"stk-column-wrapper stk-block-column__content stk-container stk-5c888d3-container stk--no-background stk--no-padding\"><div class=\"stk-block-content stk-inner-blocks stk-5c888d3-inner-blocks\">\n<h3 class=\"wp-block-heading has-text-align-center\">Kontinuerlig forbedring<\/h3>\n\n\n\n<p>Brugerfeedback driver os. Vi lytter til vores medlemmer og bruger jeres forslag til at g\u00f8re vores platform endnu bedre.<br>Vores dedikerede support- og moderationsteam er altid klar til at hj\u00e6lpe.<\/p>\n<\/div><\/div><\/div>\n\n\n\n<div class=\"wp-block-stackable-column stk-block-column stk-column stk-block stk-0d54d3e\" data-v=\"4\" data-block-id=\"0d54d3e\"><div class=\"stk-column-wrapper stk-block-column__content stk-container stk-0d54d3e-container stk--no-background stk--no-padding\"><div class=\"stk-block-content stk-inner-blocks stk-0d54d3e-inner-blocks\">\n<h3 class=\"wp-block-heading has-text-align-center\">Social ansvarlighed<\/h3>\n\n\n\n<p>Vi st\u00f8tter aktivt en mere sikker digital kultur. Vi samarbejder med oplysningskampagner og initiativer, der fremmer ansvarlig onlineadf\u00e6rd.<br>Vi st\u00f8tter ogs\u00e5 kampen mod menneskehandel og samarbejder med NGO'er for at v\u00e6re p\u00e5 linje med deres v\u00e6rdier og st\u00f8tte deres mission.<\/p>\n<\/div><\/div><\/div>\n<\/div><\/div>\n\n\n\n<h2 class=\"wp-block-heading has-text-align-center\">Fremtidsudsigter<\/h2>\n\n\n\n<h3 class=\"wp-block-heading has-text-align-center\">Kontinuerlig innovation<\/h3>\n\n\n\n<p>Vi udvikler os hele tiden. Fra smartere profilverifikation til avancerede privatlivsv\u00e6rkt\u00f8jer sigter vi mod at tilbyde en enest\u00e5ende brugeroplevelse.<br>Vi holder os ajour med teknologisk innovation og markedstendenser for at opfylde dine forventninger.<\/p>\n\n\n\n<h3 class=\"wp-block-heading has-text-align-center\">St\u00e6rk global tilstedev\u00e6relse<\/h3>\n\n\n\n<p>Sugar Daddy Planet sigter mod at v\u00e6re den f\u00f8rende platform for dem, der s\u00f8ger forhold med \u00e6ldre voksne i et autentisk og oprigtigt milj\u00f8. Vores fokus er internationalt og tilpasser sig forskellige kulturer og lande. Vi forst\u00e5r, at \"sugar dating\" ikke opleves ens overalt, s\u00e5 vi modererer og udvider vores blog for fortsat at uddanne gennem internationalt relevante artikler.<\/p>\n\n\n\n<p class=\"has-text-align-center\">Dit privatliv, din oplevelse, dine regler \u2014 velkommen til <strong>Sugar Daddy Planet<\/strong>.<\/p>\n\n\n<div class=\"wp-block-image\">\n<figure class=\"aligncenter size-large\"><img decoding=\"async\" width=\"500\" height=\"101\" src=\"https:\/\/sugardaddyplanet.com\/wp-content\/uploads\/2025\/10\/logosugardaddyplanet-500x101.avif\" alt=\"Logo Sukker Papi Planet\" class=\"wp-image-7765\" srcset=\"https:\/\/sugardaddyplanet.com\/wp-content\/uploads\/2025\/10\/logosugardaddyplanet-500x101.avif 500w, https:\/\/sugardaddyplanet.com\/wp-content\/uploads\/2025\/10\/logosugardaddyplanet-200x40.avif 200w, https:\/\/sugardaddyplanet.com\/wp-content\/uploads\/2025\/10\/logosugardaddyplanet-768x155.avif 768w, https:\/\/sugardaddyplanet.com\/wp-content\/uploads\/2025\/10\/logosugardaddyplanet-1536x309.avif 1536w, https:\/\/sugardaddyplanet.com\/wp-content\/uploads\/2025\/10\/logosugardaddyplanet-18x4.avif 18w, https:\/\/sugardaddyplanet.com\/wp-content\/uploads\/2025\/10\/logosugardaddyplanet-800x161.avif 800w, https:\/\/sugardaddyplanet.com\/wp-content\/uploads\/2025\/10\/logosugardaddyplanet-938x189.avif 938w, https:\/\/sugardaddyplanet.com\/wp-content\/uploads\/2025\/10\/logosugardaddyplanet.avif 1911w\" sizes=\"(max-width: 500px) 100vw, 500px\" \/><\/figure>\n<\/div>\n\n\n<p><\/p>","protected":false},"excerpt":{"rendered":"<p>Sugar Daddy Planet was founded in 2025 as a merger of several local dating sites. After extensive user feedback across various countries and following Polaris Nexus acquisition of these local sites, the decision was made to unify them. Thus, Sugar Daddy Planet was born from the American company Polaris Nexus. Thanks to our simple registration [&hellip;]<\/p>\n","protected":false},"author":1,"featured_media":0,"parent":0,"menu_order":0,"comment_status":"closed","ping_status":"closed","template":"","meta":{"pmpro_default_level":"","footnotes":""},"class_list":["post-4878","page","type-page","status-publish","hentry","pmpro-has-access"],"featured_image_urls":{"full":"","thumbnail":"","medium":"","medium_large":"","large":"","1536x1536":"","2048x2048":"","trp-custom-language-flag":"","rt_media_thumbnail":"","rt_media_activity_image":"","rt_media_single_image":"","rt_media_featured_image":"","post-thumbnail":"","blog_carousel":""},"post_excerpt_stackable":"<p>Sugar Daddy Planet was founded in 2025 as a merger of several local dating sites. After extensive user feedback across various countries and following Polaris Nexus acquisition of these local sites, the decision was made to unify them. Thus, Sugar Daddy Planet was born from the American company Polaris Nexus. Thanks to our simple registration system, a fully local community, and smart anti-spam measures, we offer a unique experience where users can find genuine connections close to home. Our Values Following the acquisition of the various social networks, Polaris Nexus committed to continuing to uphold the values \u200b\u200bthat made all&hellip;<\/p>\n","category_list":"","author_info":{"name":"Administrador","url":"https:\/\/sugardaddyplanet.com\/da\/author\/poweb\/"},"comments_num":"0 comments","featured_image_urls_v2":{"full":"","thumbnail":"","medium":"","medium_large":"","large":"","1536x1536":"","2048x2048":"","trp-custom-language-flag":"","rt_media_thumbnail":"","rt_media_activity_image":"","rt_media_single_image":"","rt_media_featured_image":"","post-thumbnail":"","blog_carousel":""},"post_excerpt_stackable_v2":"<p>Sugar Daddy Planet was founded in 2025 as a merger of several local dating sites. After extensive user feedback across various countries and following Polaris Nexus acquisition of these local sites, the decision was made to unify them. Thus, Sugar Daddy Planet was born from the American company Polaris Nexus. Thanks to our simple registration system, a fully local community, and smart anti-spam measures, we offer a unique experience where users can find genuine connections close to home. Our Values Following the acquisition of the various social networks, Polaris Nexus committed to continuing to uphold the values \u200b\u200bthat made all&hellip;<\/p>\n","category_list_v2":"","author_info_v2":{"name":"Administrador","url":"https:\/\/sugardaddyplanet.com\/da\/author\/poweb\/"},"comments_num_v2":"0 comments","yoast_head":"<!-- This site is optimized with the Yoast SEO plugin v27.5 - https:\/\/yoast.com\/product\/yoast-seo-wordpress\/ -->\n<title>About US<\/title>\n<meta name=\"robots\" content=\"index, follow, max-snippet:-1, max-image-preview:large, max-video-preview:-1\" \/>\n<link rel=\"canonical\" href=\"https:\/\/sugardaddyplanet.com\/da\/om-os\/\" \/>\n<meta property=\"og:locale\" content=\"da_DK\" \/>\n<meta property=\"og:type\" content=\"article\" \/>\n<meta property=\"og:title\" content=\"About US\" \/>\n<meta property=\"og:description\" content=\"Sugar Daddy Planet was founded in 2025 as a merger of several local dating sites. After extensive user feedback across various countries and following Polaris Nexus acquisition of these local sites, the decision was made to unify them. Thus, Sugar Daddy Planet was born from the American company Polaris Nexus. Thanks to our simple registration [&hellip;]\" \/>\n<meta property=\"og:url\" content=\"https:\/\/sugardaddyplanet.com\/da\/om-os\/\" \/>\n<meta property=\"og:site_name\" content=\"Sugar Daddy Planet\" \/>\n<meta property=\"article:modified_time\" content=\"2025-11-06T11:17:44+00:00\" \/>\n<meta name=\"twitter:card\" content=\"summary_large_image\" \/>\n<meta name=\"twitter:label1\" content=\"Estimeret l\u00e6setid\" \/>\n\t<meta name=\"twitter:data1\" content=\"3 minutter\" \/>\n<script type=\"application\/ld+json\" class=\"yoast-schema-graph\">{\"@context\":\"https:\\\/\\\/schema.org\",\"@graph\":[{\"@type\":\"WebPage\",\"@id\":\"https:\\\/\\\/sugardaddyplanet.com\\\/about-us\\\/\",\"url\":\"https:\\\/\\\/sugardaddyplanet.com\\\/about-us\\\/\",\"name\":\"About US\",\"isPartOf\":{\"@id\":\"https:\\\/\\\/sugardaddyplanet.com\\\/#website\"},\"primaryImageOfPage\":{\"@id\":\"https:\\\/\\\/sugardaddyplanet.com\\\/about-us\\\/#primaryimage\"},\"image\":{\"@id\":\"https:\\\/\\\/sugardaddyplanet.com\\\/about-us\\\/#primaryimage\"},\"thumbnailUrl\":\"https:\\\/\\\/sugardaddyplanet.com\\\/wp-content\\\/uploads\\\/2025\\\/10\\\/logosugardaddyplanet-500x101.avif\",\"datePublished\":\"2024-09-21T07:09:27+00:00\",\"dateModified\":\"2025-11-06T11:17:44+00:00\",\"breadcrumb\":{\"@id\":\"https:\\\/\\\/sugardaddyplanet.com\\\/about-us\\\/#breadcrumb\"},\"inLanguage\":\"da-DK\",\"potentialAction\":[{\"@type\":\"ReadAction\",\"target\":[\"https:\\\/\\\/sugardaddyplanet.com\\\/about-us\\\/\"]}]},{\"@type\":\"ImageObject\",\"inLanguage\":\"da-DK\",\"@id\":\"https:\\\/\\\/sugardaddyplanet.com\\\/about-us\\\/#primaryimage\",\"url\":\"https:\\\/\\\/sugardaddyplanet.com\\\/wp-content\\\/uploads\\\/2025\\\/10\\\/logosugardaddyplanet-500x101.avif\",\"contentUrl\":\"https:\\\/\\\/sugardaddyplanet.com\\\/wp-content\\\/uploads\\\/2025\\\/10\\\/logosugardaddyplanet-500x101.avif\"},{\"@type\":\"BreadcrumbList\",\"@id\":\"https:\\\/\\\/sugardaddyplanet.com\\\/about-us\\\/#breadcrumb\",\"itemListElement\":[{\"@type\":\"ListItem\",\"position\":1,\"name\":\"Home\",\"item\":\"https:\\\/\\\/sugardaddyplanet.com\\\/\"},{\"@type\":\"ListItem\",\"position\":2,\"name\":\"About US\"}]},{\"@type\":\"WebSite\",\"@id\":\"https:\\\/\\\/sugardaddyplanet.com\\\/#website\",\"url\":\"https:\\\/\\\/sugardaddyplanet.com\\\/\",\"name\":\"Sugar Daddy Planet\",\"description\":\"World social network for sugar daddies and sugar babies.\",\"publisher\":{\"@id\":\"https:\\\/\\\/sugardaddyplanet.com\\\/#organization\"},\"potentialAction\":[{\"@type\":\"SearchAction\",\"target\":{\"@type\":\"EntryPoint\",\"urlTemplate\":\"https:\\\/\\\/sugardaddyplanet.com\\\/?s={search_term_string}\"},\"query-input\":{\"@type\":\"PropertyValueSpecification\",\"valueRequired\":true,\"valueName\":\"search_term_string\"}}],\"inLanguage\":\"da-DK\"},{\"@type\":\"Organization\",\"@id\":\"https:\\\/\\\/sugardaddyplanet.com\\\/#organization\",\"name\":\"Sugar Daddy Planet\",\"url\":\"https:\\\/\\\/sugardaddyplanet.com\\\/\",\"logo\":{\"@type\":\"ImageObject\",\"inLanguage\":\"da-DK\",\"@id\":\"https:\\\/\\\/sugardaddyplanet.com\\\/#\\\/schema\\\/logo\\\/image\\\/\",\"url\":\"\",\"contentUrl\":\"\",\"caption\":\"Sugar Daddy Planet\"},\"image\":{\"@id\":\"https:\\\/\\\/sugardaddyplanet.com\\\/#\\\/schema\\\/logo\\\/image\\\/\"}}]}<\/script>\n<!-- \/ Yoast SEO plugin. -->","yoast_head_json":{"title":"Om os","robots":{"index":"index","follow":"follow","max-snippet":"max-snippet:-1","max-image-preview":"max-image-preview:large","max-video-preview":"max-video-preview:-1"},"canonical":"https:\/\/sugardaddyplanet.com\/da\/om-os\/","og_locale":"da_DK","og_type":"article","og_title":"About US","og_description":"Sugar Daddy Planet was founded in 2025 as a merger of several local dating sites. After extensive user feedback across various countries and following Polaris Nexus acquisition of these local sites, the decision was made to unify them. Thus, Sugar Daddy Planet was born from the American company Polaris Nexus. Thanks to our simple registration [&hellip;]","og_url":"https:\/\/sugardaddyplanet.com\/da\/om-os\/","og_site_name":"Sugar Daddy Planet","article_modified_time":"2025-11-06T11:17:44+00:00","twitter_card":"summary_large_image","twitter_misc":{"Estimeret l\u00e6setid":"3 minutter"},"schema":{"@context":"https:\/\/schema.org","@graph":[{"@type":"WebPage","@id":"https:\/\/sugardaddyplanet.com\/about-us\/","url":"https:\/\/sugardaddyplanet.com\/about-us\/","name":"Om os","isPartOf":{"@id":"https:\/\/sugardaddyplanet.com\/#website"},"primaryImageOfPage":{"@id":"https:\/\/sugardaddyplanet.com\/about-us\/#primaryimage"},"image":{"@id":"https:\/\/sugardaddyplanet.com\/about-us\/#primaryimage"},"thumbnailUrl":"https:\/\/sugardaddyplanet.com\/wp-content\/uploads\/2025\/10\/logosugardaddyplanet-500x101.avif","datePublished":"2024-09-21T07:09:27+00:00","dateModified":"2025-11-06T11:17:44+00:00","breadcrumb":{"@id":"https:\/\/sugardaddyplanet.com\/about-us\/#breadcrumb"},"inLanguage":"da-DK","potentialAction":[{"@type":"ReadAction","target":["https:\/\/sugardaddyplanet.com\/about-us\/"]}]},{"@type":"ImageObject","inLanguage":"da-DK","@id":"https:\/\/sugardaddyplanet.com\/about-us\/#primaryimage","url":"https:\/\/sugardaddyplanet.com\/wp-content\/uploads\/2025\/10\/logosugardaddyplanet-500x101.avif","contentUrl":"https:\/\/sugardaddyplanet.com\/wp-content\/uploads\/2025\/10\/logosugardaddyplanet-500x101.avif"},{"@type":"BreadcrumbList","@id":"https:\/\/sugardaddyplanet.com\/about-us\/#breadcrumb","itemListElement":[{"@type":"ListItem","position":1,"name":"Home","item":"https:\/\/sugardaddyplanet.com\/"},{"@type":"ListItem","position":2,"name":"About US"}]},{"@type":"WebSite","@id":"https:\/\/sugardaddyplanet.com\/#website","url":"https:\/\/sugardaddyplanet.com\/","name":"Sugar Daddy Planet","description":"Verdens sociale netv\u00e6rk for sugar daddies og sugar babies.","publisher":{"@id":"https:\/\/sugardaddyplanet.com\/#organization"},"potentialAction":[{"@type":"SearchAction","target":{"@type":"EntryPoint","urlTemplate":"https:\/\/sugardaddyplanet.com\/?s={search_term_string}"},"query-input":{"@type":"PropertyValueSpecification","valueRequired":true,"valueName":"search_term_string"}}],"inLanguage":"da-DK"},{"@type":"Organization","@id":"https:\/\/sugardaddyplanet.com\/#organization","name":"Sugar Daddy Planet","url":"https:\/\/sugardaddyplanet.com\/","logo":{"@type":"ImageObject","inLanguage":"da-DK","@id":"https:\/\/sugardaddyplanet.com\/#\/schema\/logo\/image\/","url":"","contentUrl":"","caption":"Sugar Daddy Planet"},"image":{"@id":"https:\/\/sugardaddyplanet.com\/#\/schema\/logo\/image\/"}}]}},"_links":{"self":[{"href":"https:\/\/sugardaddyplanet.com\/da\/wp-json\/wp\/v2\/pages\/4878","targetHints":{"allow":["GET"]}}],"collection":[{"href":"https:\/\/sugardaddyplanet.com\/da\/wp-json\/wp\/v2\/pages"}],"about":[{"href":"https:\/\/sugardaddyplanet.com\/da\/wp-json\/wp\/v2\/types\/page"}],"author":[{"embeddable":true,"href":"https:\/\/sugardaddyplanet.com\/da\/wp-json\/wp\/v2\/users\/1"}],"replies":[{"embeddable":true,"href":"https:\/\/sugardaddyplanet.com\/da\/wp-json\/wp\/v2\/comments?post=4878"}],"version-history":[{"count":0,"href":"https:\/\/sugardaddyplanet.com\/da\/wp-json\/wp\/v2\/pages\/4878\/revisions"}],"wp:attachment":[{"href":"https:\/\/sugardaddyplanet.com\/da\/wp-json\/wp\/v2\/media?parent=4878"}],"curies":[{"name":"wp","href":"https:\/\/api.w.org\/{rel}","templated":true}]}}