
{"id":6207,"date":"2025-08-21T08:05:16","date_gmt":"2025-08-21T07:05:16","guid":{"rendered":"https:\/\/sugardaddyplanet.com\/?page_id=6207"},"modified":"2025-08-23T06:05:30","modified_gmt":"2025-08-23T05:05:30","slug":"zasady-oprav","status":"publish","type":"page","link":"https:\/\/sugardaddyplanet.com\/cs\/correction-policy\/","title":{"rendered":"Z\u00e1sady oprav"},"content":{"rendered":"<p>Na <a href=\"https:\/\/sugardaddyplanet.com\/cs\/blog-cukr\/\"><strong>Sugar Daddy Planet<\/strong> blog<\/a> Zavazujeme se k p\u0159esn\u00e9mu, jasn\u00e9mu a zodpov\u011bdn\u00e9mu obsahu.<br>Kdy\u017e zjist\u00edme chyby, opravujeme je transparentn\u011b, bez senzace nebo klamn\u00fdch slib\u016f a vedeme si z\u00e1znamy o zm\u011bn\u00e1ch.<br>U\u017eivatel\u016fm tak\u00e9 nab\u00edz\u00edme mo\u017enost publikovat \u010dl\u00e1nky - v\u00edce informac\u00ed naleznete v \u010d\u00e1sti <a href=\"https:\/\/sugardaddyplanet.com\/cs\/collaborations\/\">Spolupr\u00e1ce<\/a>.<\/p>\n\n\n\n<h2 class=\"wp-block-heading\">Rozsah<\/h2>\n\n\n\n<p>Tato z\u00e1sada se vztahuje na redak\u010dn\u00ed obsah blogu.<br>Obsah generovan\u00fd u\u017eivateli platformy (profily, zpr\u00e1vy atd.) je spravov\u00e1n v souladu s <a href=\"https:\/\/sugardaddyplanet.com\/cs\/active-response\/\">Politika aktivn\u00ed odezvy<\/a> a to <a href=\"https:\/\/sugardaddyplanet.com\/cs\/podminky-pouziti\/\">Podm\u00ednky pou\u017eit\u00ed<\/a>.<\/p>\n\n\n\n<h2 class=\"wp-block-heading\">Typy zm\u011bn a jak je ozna\u010dujeme<\/h2>\n\n\n\n<figure class=\"wp-block-table\"><table class=\"has-fixed-layout\"><thead><tr><th>Typ<\/th><th>Definice<\/th><th>Jak se zobrazuje<\/th><\/tr><\/thead><tbody><tr><td><strong>Oprava<\/strong><\/td><td>Opravuje nep\u0159esn\u00fd detail (datum, \u010d\u00edslo, jm\u00e9no, odkaz).<\/td><td>Pozn\u00e1mka na za\u010d\u00e1tku nebo na konci: \u201cOprava (dd\/mm\/yyyy hh:mm CET): \u2026\u201d<\/td><\/tr><tr><td><strong>Vyjasn\u011bn\u00ed<\/strong><\/td><td>P\u0159id\u00e1v\u00e1 kontext, aby se p\u0159ede\u0161lo nedorozum\u011bn\u00edm.<\/td><td>\u201cUp\u0159esn\u011bn\u00ed (dd\/mm\/yyyy hh:mm CET): \u2026\u201d<\/td><\/tr><tr><td><strong>Aktualizace<\/strong><\/td><td>Zahrnuje nov\u00e9 relevantn\u00ed informace, ani\u017e by p\u016fvodn\u00ed zn\u011bl nespr\u00e1vn\u011b.<\/td><td>\u201cAktualizace (dd\/mm\/yyyy hh:mm CET): \u2026\u201d<\/td><\/tr><tr><td><strong>Rectification\/Withdrawal<\/strong><\/td><td>Kdy\u017e je j\u00e1dro \u010dl\u00e1nku nespr\u00e1vn\u00e9 nebo problematick\u00e9.<\/td><td>\u201cOprava\/Sta\u017een\u00ed (dd\/mm\/yyyy hh:mm CET): \u2026\u201d s vysv\u011btlen\u00edm; m\u016f\u017ee zahrnovat zru\u0161en\u00ed publikace s ozn\u00e1men\u00edm.<\/td><\/tr><\/tbody><\/table><\/figure>\n\n\n\n<p>Nikdy nem\u011bn\u00edme podstatn\u00fd obsah bez zanech\u00e1n\u00ed stopy.<br>Drobn\u00fdch p\u0159eklep\u016f lze opravit bez pozn\u00e1mky, pokud nem\u011bn\u00ed v\u00fdznam.<\/p>\n\n\n\n<h2 class=\"wp-block-heading\">Proces redak\u010dn\u00ed korektury<\/h2>\n\n\n\n<ol class=\"wp-block-list\">\n<li><strong>Detekce<\/strong> (intern\u00ed nebo extern\u00ed ozn\u00e1men\u00ed).<\/li>\n\n\n\n<li><strong>Ov\u011b\u0159en\u00ed informac\u00ed<\/strong> (zdroje a d\u016fkazy).<\/li>\n\n\n\n<li><strong>Oprava a viditeln\u00e1 pozn\u00e1mka<\/strong> (podle v\u00fd\u0161e uveden\u00e9 tabulky).<\/li>\n\n\n\n<li><strong>Z\u00e1znam v historii zm\u011bn \u010dl\u00e1nku<\/strong>.<\/li>\n\n\n\n<li><strong>Fin\u00e1ln\u00ed kontrola<\/strong> redakc\u00ed.<\/li>\n<\/ol>\n\n\n\n<h2 class=\"wp-block-heading\">Jak nahl\u00e1sit chybu<\/h2>\n\n\n\n<p>Po\u0161lete n\u00e1m e-mail na <strong>corrections@sugardaddyplanet.com<\/strong> s:<\/p>\n\n\n\n<ul class=\"wp-block-list\">\n<li>Adresa URL \u010dl\u00e1nku a p\u0159esn\u00fd odstavec.<\/li>\n\n\n\n<li>Popis mo\u017en\u00e9 chyby.<\/li>\n\n\n\n<li>Zdroje nebo d\u016fkazy (odkazy, dokumenty).<\/li>\n\n\n\n<li>Va\u0161e kontaktn\u00ed \u00fadaje (nepovinn\u00e9, pro p\u0159\u00edpadn\u00e9 dal\u0161\u00ed informace).<\/li>\n<\/ul>\n\n\n\n<p><strong>Orienta\u010dn\u00ed \u010dasov\u00e9 r\u00e1mce<\/strong> (viz podrobnosti v Z\u00e1sad\u00e1ch aktivn\u00ed reakce):<\/p>\n\n\n\n<ul class=\"wp-block-list\">\n<li>Potvrzen\u00ed: 48 h.<\/li>\n\n\n\n<li>Prvn\u00ed v\u011bcn\u00e1 odpov\u011b\u010f: 2-3 dny.<\/li>\n\n\n\n<li>Vysok\u00e1 slo\u017eitost: budeme v\u00e1s informovat o nov\u00e9m odhadu.<\/li>\n<\/ul>\n\n\n\n<h2 class=\"wp-block-heading\">Pr\u00e1vo na odpov\u011b\u010f<\/h2>\n\n\n\n<p>Pokud se domn\u00edv\u00e1te, \u017ee v\u00e1s publikace ovliv\u0148uje a chcete reagovat, napi\u0161te na <strong>appeals@sugardaddyplanet.com<\/strong> s:<\/p>\n\n\n\n<ul class=\"wp-block-list\">\n<li>Identifikace a vztah k obsahu.<\/li>\n\n\n\n<li>Navrhovan\u00fd text (max. 300\u2013500 slov) a podp\u016frn\u00e1 dokumentace.<\/li>\n<\/ul>\n\n\n\n<p>P\u0159ijet\u00ed a forma publikace z\u016fst\u00e1vaj\u00ed v diskr\u00e9tn\u00edm rozhodnut\u00ed redak\u010dn\u00edho t\u00fdmu, kter\u00fd zaji\u0161\u0165uje spravedliv\u00e9 zach\u00e1zen\u00ed a kontext.<\/p>\n\n\n\n<h2 class=\"wp-block-heading\">Osobn\u00ed \u00fadaje <\/h2>\n\n\n\n<ul class=\"wp-block-list\">\n<li>Pokud \u010dl\u00e1nek obsahuje nep\u0159esn\u00e9 osobn\u00ed \u00fadaje nebo si p\u0159ejete uplatnit sv\u00e1 pr\u00e1va (p\u0159\u00edstup, opravu, v\u00fdmaz, n\u00e1mitku, p\u0159enositelnost), pi\u0161te na <strong>privacy@sugardaddyplanet.com<\/strong>.<\/li>\n\n\n\n<li>N\u00e1prava osobn\u00edch \u00fadaj\u016f m\u016f\u017ee b\u00fdt pro transparentnost sou\u010dasn\u011b s pozn\u00e1mkou o redak\u010dn\u00ed oprav\u011b.<\/li>\n<\/ul>\n\n\n\n<hr class=\"wp-block-separator has-alpha-channel-opacity\"\/>\n\n\n\n<h2 class=\"wp-block-heading\">Historie zm\u011bn<\/h2>\n\n\n\n<p>Ka\u017ed\u00fd \u010dl\u00e1nek udr\u017euje na konci blok se svou histori\u00ed:<\/p>\n\n\n\n<p><strong>Historie zm\u011bn<\/strong><\/p>\n\n\n\n<ul class=\"wp-block-list\">\n<li>20. 8. 2025 10:15 CET \u2014 Oprava: detail X uv\u00e1d\u011bl \u201cA\u201d a byl zm\u011bn\u011bn na \u201cB\u201d.<\/li>\n\n\n\n<li>18\/08\/2025 09:00 CET - Aktualizace: p\u0159id\u00e1na studie 2025.<\/li>\n<\/ul>\n\n\n\n<h2 class=\"wp-block-heading\">Co je <strong>Ne<\/strong> Zp\u0159esn\u011bn\u00ed<\/h2>\n\n\n\n<ul class=\"wp-block-list\">\n<li>Rozd\u00edly v n\u00e1zorech nebo redak\u010dn\u00edch p\u0159\u00edstupech.<\/li>\n\n\n\n<li>\u017d\u00e1dosti o odstran\u011bn\u00ed p\u0159esn\u00fdch informac\u00ed legitimn\u00edho z\u00e1jmu.<\/li>\n\n\n\n<li>K \u0993\u09b7\u09c1\u09a7\u09c7\u09b0 \u09aa\u09b0\u09bf\u09ac\u09b0\u09cd\u09a4\u09a8, kter\u00e9 nem\u011bn\u00ed smysl.<\/li>\n<\/ul>\n\n\n\n<h2 class=\"wp-block-heading\">Kontakt<\/h2>\n\n\n\n<ul class=\"wp-block-list\">\n<li><strong>Opravy<\/strong>: corrections@sugardaddyplanet.com<\/li>\n\n\n\n<li><strong>Odvol\u00e1n\u00ed\/Pr\u00e1vo na odpov\u011b\u010f<\/strong>: odvolani@sugardaddyplanet.com<\/li>\n\n\n\n<li><strong>Soukrom\u00ed<\/strong>: privacy@sugardaddyplanet.com<\/li>\n<\/ul>\n\n\n\n<h2 class=\"wp-block-heading\">Aktualizace<\/h2>\n\n\n\n<p>Posledn\u00ed recenze: <strong>20\/08\/2025<\/strong>.<br>T Pol\u00edtica m\u016f\u017eeme aktualizovat za \u00fa\u010delem zlep\u0161en\u00ed postup\u016f nebo dodr\u017eov\u00e1n\u00ed p\u0159edpis\u016f.<\/p>","protected":false},"excerpt":{"rendered":"<p>On the Sugar Daddy Planet blog we commit to accurate, clear, and responsible content.When we detect errors, we correct them with transparency, without sensationalism or misleading promises, and we keep a record of the changes.We also offer users the opportunity to publish articles \u2014 see more in Collaborations. Scope This policy applies to the editorial [&hellip;]<\/p>\n","protected":false},"author":1,"featured_media":0,"parent":0,"menu_order":0,"comment_status":"closed","ping_status":"closed","template":"","meta":{"pmpro_default_level":"","footnotes":""},"class_list":["post-6207","page","type-page","status-publish","hentry","pmpro-has-access"],"featured_image_urls":{"full":"","thumbnail":"","medium":"","medium_large":"","large":"","1536x1536":"","2048x2048":"","trp-custom-language-flag":"","rt_media_thumbnail":"","rt_media_activity_image":"","rt_media_single_image":"","rt_media_featured_image":"","post-thumbnail":"","blog_carousel":""},"post_excerpt_stackable":"<p>On the Sugar Daddy Planet blog we commit to accurate, clear, and responsible content.When we detect errors, we correct them with transparency, without sensationalism or misleading promises, and we keep a record of the changes.We also offer users the opportunity to publish articles \u2014 see more in Collaborations. Scope This policy applies to the editorial content of the blog.Content generated by platform users (profiles, messages, etc.) is managed according to the Active Response Policy and the Terms of Use. Types of Changes and How We Indicate Them TypeDefinitionHow it is shownCorrectionFixes an inaccurate detail (date, figure, name, link).Note at the&hellip;<\/p>\n","category_list":"","author_info":{"name":"Administrador","url":"https:\/\/sugardaddyplanet.com\/cs\/author\/poweb\/"},"comments_num":"0 comments","featured_image_urls_v2":{"full":"","thumbnail":"","medium":"","medium_large":"","large":"","1536x1536":"","2048x2048":"","trp-custom-language-flag":"","rt_media_thumbnail":"","rt_media_activity_image":"","rt_media_single_image":"","rt_media_featured_image":"","post-thumbnail":"","blog_carousel":""},"post_excerpt_stackable_v2":"<p>On the Sugar Daddy Planet blog we commit to accurate, clear, and responsible content.When we detect errors, we correct them with transparency, without sensationalism or misleading promises, and we keep a record of the changes.We also offer users the opportunity to publish articles \u2014 see more in Collaborations. Scope This policy applies to the editorial content of the blog.Content generated by platform users (profiles, messages, etc.) is managed according to the Active Response Policy and the Terms of Use. Types of Changes and How We Indicate Them TypeDefinitionHow it is shownCorrectionFixes an inaccurate detail (date, figure, name, link).Note at the&hellip;<\/p>\n","category_list_v2":"","author_info_v2":{"name":"Administrador","url":"https:\/\/sugardaddyplanet.com\/cs\/author\/poweb\/"},"comments_num_v2":"0 comments","yoast_head":"<!-- This site is optimized with the Yoast SEO plugin v27.5 - https:\/\/yoast.com\/product\/yoast-seo-wordpress\/ -->\n<title>Correction Policy<\/title>\n<meta name=\"robots\" content=\"index, follow, max-snippet:-1, max-image-preview:large, max-video-preview:-1\" \/>\n<link rel=\"canonical\" href=\"https:\/\/sugardaddyplanet.com\/cs\/zasady-oprav\/\" \/>\n<meta property=\"og:locale\" content=\"cs_CZ\" \/>\n<meta property=\"og:type\" content=\"article\" \/>\n<meta property=\"og:title\" content=\"Correction Policy\" \/>\n<meta property=\"og:description\" content=\"On the Sugar Daddy Planet blog we commit to accurate, clear, and responsible content.When we detect errors, we correct them with transparency, without sensationalism or misleading promises, and we keep a record of the changes.We also offer users the opportunity to publish articles \u2014 see more in Collaborations. Scope This policy applies to the editorial [&hellip;]\" \/>\n<meta property=\"og:url\" content=\"https:\/\/sugardaddyplanet.com\/cs\/zasady-oprav\/\" \/>\n<meta property=\"og:site_name\" content=\"Sugar Daddy Planet\" \/>\n<meta property=\"article:modified_time\" content=\"2025-08-23T05:05:30+00:00\" \/>\n<meta name=\"twitter:card\" content=\"summary_large_image\" \/>\n<meta name=\"twitter:label1\" content=\"Odhadovan\u00e1 doba \u010dten\u00ed\" \/>\n\t<meta name=\"twitter:data1\" content=\"2 minuty\" \/>\n<script type=\"application\/ld+json\" class=\"yoast-schema-graph\">{\"@context\":\"https:\\\/\\\/schema.org\",\"@graph\":[{\"@type\":\"WebPage\",\"@id\":\"https:\\\/\\\/sugardaddyplanet.com\\\/correction-policy\\\/\",\"url\":\"https:\\\/\\\/sugardaddyplanet.com\\\/correction-policy\\\/\",\"name\":\"Correction Policy\",\"isPartOf\":{\"@id\":\"https:\\\/\\\/sugardaddyplanet.com\\\/#website\"},\"datePublished\":\"2025-08-21T07:05:16+00:00\",\"dateModified\":\"2025-08-23T05:05:30+00:00\",\"breadcrumb\":{\"@id\":\"https:\\\/\\\/sugardaddyplanet.com\\\/correction-policy\\\/#breadcrumb\"},\"inLanguage\":\"cs\",\"potentialAction\":[{\"@type\":\"ReadAction\",\"target\":[\"https:\\\/\\\/sugardaddyplanet.com\\\/correction-policy\\\/\"]}]},{\"@type\":\"BreadcrumbList\",\"@id\":\"https:\\\/\\\/sugardaddyplanet.com\\\/correction-policy\\\/#breadcrumb\",\"itemListElement\":[{\"@type\":\"ListItem\",\"position\":1,\"name\":\"Home\",\"item\":\"https:\\\/\\\/sugardaddyplanet.com\\\/\"},{\"@type\":\"ListItem\",\"position\":2,\"name\":\"Correction Policy\"}]},{\"@type\":\"WebSite\",\"@id\":\"https:\\\/\\\/sugardaddyplanet.com\\\/#website\",\"url\":\"https:\\\/\\\/sugardaddyplanet.com\\\/\",\"name\":\"Sugar Daddy Planet\",\"description\":\"World social network for sugar daddies and sugar babies.\",\"publisher\":{\"@id\":\"https:\\\/\\\/sugardaddyplanet.com\\\/#organization\"},\"potentialAction\":[{\"@type\":\"SearchAction\",\"target\":{\"@type\":\"EntryPoint\",\"urlTemplate\":\"https:\\\/\\\/sugardaddyplanet.com\\\/?s={search_term_string}\"},\"query-input\":{\"@type\":\"PropertyValueSpecification\",\"valueRequired\":true,\"valueName\":\"search_term_string\"}}],\"inLanguage\":\"cs\"},{\"@type\":\"Organization\",\"@id\":\"https:\\\/\\\/sugardaddyplanet.com\\\/#organization\",\"name\":\"Sugar Daddy Planet\",\"url\":\"https:\\\/\\\/sugardaddyplanet.com\\\/\",\"logo\":{\"@type\":\"ImageObject\",\"inLanguage\":\"cs\",\"@id\":\"https:\\\/\\\/sugardaddyplanet.com\\\/#\\\/schema\\\/logo\\\/image\\\/\",\"url\":\"\",\"contentUrl\":\"\",\"caption\":\"Sugar Daddy Planet\"},\"image\":{\"@id\":\"https:\\\/\\\/sugardaddyplanet.com\\\/#\\\/schema\\\/logo\\\/image\\\/\"}}]}<\/script>\n<!-- \/ Yoast SEO plugin. -->","yoast_head_json":{"title":"Z\u00e1sady oprav","robots":{"index":"index","follow":"follow","max-snippet":"max-snippet:-1","max-image-preview":"max-image-preview:large","max-video-preview":"max-video-preview:-1"},"canonical":"https:\/\/sugardaddyplanet.com\/cs\/zasady-oprav\/","og_locale":"cs_CZ","og_type":"article","og_title":"Correction Policy","og_description":"On the Sugar Daddy Planet blog we commit to accurate, clear, and responsible content.When we detect errors, we correct them with transparency, without sensationalism or misleading promises, and we keep a record of the changes.We also offer users the opportunity to publish articles \u2014 see more in Collaborations. Scope This policy applies to the editorial [&hellip;]","og_url":"https:\/\/sugardaddyplanet.com\/cs\/zasady-oprav\/","og_site_name":"Sugar Daddy Planet","article_modified_time":"2025-08-23T05:05:30+00:00","twitter_card":"summary_large_image","twitter_misc":{"Odhadovan\u00e1 doba \u010dten\u00ed":"2 minuty"},"schema":{"@context":"https:\/\/schema.org","@graph":[{"@type":"WebPage","@id":"https:\/\/sugardaddyplanet.com\/correction-policy\/","url":"https:\/\/sugardaddyplanet.com\/correction-policy\/","name":"Z\u00e1sady oprav","isPartOf":{"@id":"https:\/\/sugardaddyplanet.com\/#website"},"datePublished":"2025-08-21T07:05:16+00:00","dateModified":"2025-08-23T05:05:30+00:00","breadcrumb":{"@id":"https:\/\/sugardaddyplanet.com\/correction-policy\/#breadcrumb"},"inLanguage":"cs","potentialAction":[{"@type":"ReadAction","target":["https:\/\/sugardaddyplanet.com\/correction-policy\/"]}]},{"@type":"BreadcrumbList","@id":"https:\/\/sugardaddyplanet.com\/correction-policy\/#breadcrumb","itemListElement":[{"@type":"ListItem","position":1,"name":"Home","item":"https:\/\/sugardaddyplanet.com\/"},{"@type":"ListItem","position":2,"name":"Correction Policy"}]},{"@type":"WebSite","@id":"https:\/\/sugardaddyplanet.com\/#website","url":"https:\/\/sugardaddyplanet.com\/","name":"Sugar Daddy Planet","description":"Sv\u011btov\u00e1 soci\u00e1ln\u00ed s\u00ed\u0165 pro sugar daddies a sugar babies.","publisher":{"@id":"https:\/\/sugardaddyplanet.com\/#organization"},"potentialAction":[{"@type":"SearchAction","target":{"@type":"EntryPoint","urlTemplate":"https:\/\/sugardaddyplanet.com\/?s={search_term_string}"},"query-input":{"@type":"PropertyValueSpecification","valueRequired":true,"valueName":"search_term_string"}}],"inLanguage":"cs"},{"@type":"Organization","@id":"https:\/\/sugardaddyplanet.com\/#organization","name":"Sugar Daddy Planet","url":"https:\/\/sugardaddyplanet.com\/","logo":{"@type":"ImageObject","inLanguage":"cs","@id":"https:\/\/sugardaddyplanet.com\/#\/schema\/logo\/image\/","url":"","contentUrl":"","caption":"Sugar Daddy Planet"},"image":{"@id":"https:\/\/sugardaddyplanet.com\/#\/schema\/logo\/image\/"}}]}},"_links":{"self":[{"href":"https:\/\/sugardaddyplanet.com\/cs\/wp-json\/wp\/v2\/pages\/6207","targetHints":{"allow":["GET"]}}],"collection":[{"href":"https:\/\/sugardaddyplanet.com\/cs\/wp-json\/wp\/v2\/pages"}],"about":[{"href":"https:\/\/sugardaddyplanet.com\/cs\/wp-json\/wp\/v2\/types\/page"}],"author":[{"embeddable":true,"href":"https:\/\/sugardaddyplanet.com\/cs\/wp-json\/wp\/v2\/users\/1"}],"replies":[{"embeddable":true,"href":"https:\/\/sugardaddyplanet.com\/cs\/wp-json\/wp\/v2\/comments?post=6207"}],"version-history":[{"count":0,"href":"https:\/\/sugardaddyplanet.com\/cs\/wp-json\/wp\/v2\/pages\/6207\/revisions"}],"wp:attachment":[{"href":"https:\/\/sugardaddyplanet.com\/cs\/wp-json\/wp\/v2\/media?parent=6207"}],"curies":[{"name":"wp","href":"https:\/\/api.w.org\/{rel}","templated":true}]}}