
{"id":595,"date":"2018-08-07T15:53:43","date_gmt":"2018-08-07T15:53:43","guid":{"rendered":"https:\/\/sugardaddyplanet.com\/?page_id=595"},"modified":"2025-10-16T13:48:51","modified_gmt":"2025-10-16T12:48:51","slug":"blog-cukr","status":"publish","type":"page","link":"https:\/\/sugardaddyplanet.com\/cs\/blog-sugar\/","title":{"rendered":"Blog"},"content":{"rendered":"<div class=\"wp-block-ugb-blog-posts ugb-blog-posts ugb-5c495c2 ugb-blog-posts--v2 ugb-blog-posts--design-basic ugb-blog-posts--columns-3 ugb-main-block\"><div class=\"ugb-inner-block\"><div class=\"ugb-block-content\"><article class=\"ugb-blog-posts__item\"><div class=\"ugb-blog-posts__content\"><figure class=\"ugb-blog-posts__featured-image ugb--shadow-3\"><a href=\"https:\/\/sugardaddyplanet.com\/cs\/how-to-talk-about-expectations-without-sounding-transactional\/\"><img decoding=\"async\" width=\"980\" height=\"653\" src=\"https:\/\/sugardaddyplanet.com\/wp-content\/uploads\/2026\/03\/image-undefined-25.avif\" class=\"attachment-large size-large wp-post-image\" alt=\"Two people having coffee conversation about relationship expectations\" srcset=\"https:\/\/sugardaddyplanet.com\/wp-content\/uploads\/2026\/03\/image-undefined-25.avif 1296w, https:\/\/sugardaddyplanet.com\/wp-content\/uploads\/2026\/03\/image-undefined-25-500x333.avif 500w, https:\/\/sugardaddyplanet.com\/wp-content\/uploads\/2026\/03\/image-undefined-25-150x100.avif 150w, https:\/\/sugardaddyplanet.com\/wp-content\/uploads\/2026\/03\/image-undefined-25-768x512.avif 768w, https:\/\/sugardaddyplanet.com\/wp-content\/uploads\/2026\/03\/image-undefined-25-18x12.avif 18w, https:\/\/sugardaddyplanet.com\/wp-content\/uploads\/2026\/03\/image-undefined-25-800x533.avif 800w, https:\/\/sugardaddyplanet.com\/wp-content\/uploads\/2026\/03\/image-undefined-25-938x625.avif 938w\" sizes=\"(max-width: 980px) 100vw, 980px\" \/><\/a><\/figure><h3 class=\"ugb-blog-posts__title\"><a href=\"https:\/\/sugardaddyplanet.com\/cs\/how-to-talk-about-expectations-without-sounding-transactional\/\">How to Talk About Expectations Without Sounding Transactional<\/a><\/h3><div class=\"ugb-blog-posts__excerpt\"><p>Discussing what you hope to get out of a relationship can feel tricky, especially when you want to keep things genuine and connected. In sugar dating arrangements, where mutual benefits often play a central role,&#8230;<\/div><p class=\"ugb-blog-posts__readmore\"><a href=\"https:\/\/sugardaddyplanet.com\/cs\/how-to-talk-about-expectations-without-sounding-transactional\/\">\u010c\u00edst v\u00edce<\/a><\/p><\/div><\/article><article class=\"ugb-blog-posts__item\"><div class=\"ugb-blog-posts__content\"><figure class=\"ugb-blog-posts__featured-image ugb--shadow-3\"><a href=\"https:\/\/sugardaddyplanet.com\/cs\/my-sugar-daddy-is-falling-in-love-with-me-how-should-i-react\/\"><img decoding=\"async\" width=\"980\" height=\"535\" src=\"https:\/\/sugardaddyplanet.com\/wp-content\/uploads\/2026\/03\/image-undefined-20.avif\" class=\"attachment-large size-large wp-post-image\" alt=\"Chytr\u00fd telefon zobrazuj\u00edc\u00ed emotivn\u00ed textovou zpr\u00e1vu na mramorov\u00e9m povrchu\" srcset=\"https:\/\/sugardaddyplanet.com\/wp-content\/uploads\/2026\/03\/image-undefined-20.avif 1408w, https:\/\/sugardaddyplanet.com\/wp-content\/uploads\/2026\/03\/image-undefined-20-500x273.avif 500w, https:\/\/sugardaddyplanet.com\/wp-content\/uploads\/2026\/03\/image-undefined-20-150x82.avif 150w, https:\/\/sugardaddyplanet.com\/wp-content\/uploads\/2026\/03\/image-undefined-20-768x419.avif 768w, https:\/\/sugardaddyplanet.com\/wp-content\/uploads\/2026\/03\/image-undefined-20-18x10.avif 18w, https:\/\/sugardaddyplanet.com\/wp-content\/uploads\/2026\/03\/image-undefined-20-800x436.avif 800w, https:\/\/sugardaddyplanet.com\/wp-content\/uploads\/2026\/03\/image-undefined-20-938x512.avif 938w\" sizes=\"(max-width: 980px) 100vw, 980px\" \/><\/a><\/figure><h3 class=\"ugb-blog-posts__title\"><a href=\"https:\/\/sugardaddyplanet.com\/cs\/my-sugar-daddy-is-falling-in-love-with-me-how-should-i-react\/\">M\u016fj Sugar Daddy se do m\u011b zamilov\u00e1v\u00e1: Jak bych m\u011bla reagovat?<\/a><\/h3><div class=\"ugb-blog-posts__excerpt\"><p>Jde o situaci, kter\u00e1 m\u016f\u017ee ka\u017ed\u00e9ho v oblasti sugar dating p\u0159ekvapit. U\u017e\u00edv\u00e1te si v\u00fdhody \u2013 elegantn\u00ed ve\u010de\u0159e, spont\u00e1nn\u00ed v\u00fdlety, up\u0159\u00edmn\u00e9 rozhovory \u2013 a najednou se v\u011bci zvrtnou. V\u00e1\u0161 sugar daddy\u2026<\/div><p class=\"ugb-blog-posts__readmore\"><a href=\"https:\/\/sugardaddyplanet.com\/cs\/my-sugar-daddy-is-falling-in-love-with-me-how-should-i-react\/\">\u010c\u00edst v\u00edce<\/a><\/p><\/div><\/article><article class=\"ugb-blog-posts__item\"><div class=\"ugb-blog-posts__content\"><figure class=\"ugb-blog-posts__featured-image ugb--shadow-3\"><a href=\"https:\/\/sugardaddyplanet.com\/cs\/how-to-spot-a-fake-sugar-daddy-15-red-flags-you-cant-ignore\/\"><img decoding=\"async\" width=\"980\" height=\"535\" src=\"https:\/\/sugardaddyplanet.com\/wp-content\/uploads\/2026\/03\/image-undefined-10.avif\" class=\"attachment-large size-large wp-post-image\" alt=\"\u010cerven\u00e9 prapory symbolizuj\u00edc\u00ed varovn\u00e9 sign\u00e1ly a opatrnost ve vztaz\u00edch\" srcset=\"https:\/\/sugardaddyplanet.com\/wp-content\/uploads\/2026\/03\/image-undefined-10.avif 1408w, https:\/\/sugardaddyplanet.com\/wp-content\/uploads\/2026\/03\/image-undefined-10-500x273.avif 500w, https:\/\/sugardaddyplanet.com\/wp-content\/uploads\/2026\/03\/image-undefined-10-150x82.avif 150w, https:\/\/sugardaddyplanet.com\/wp-content\/uploads\/2026\/03\/image-undefined-10-768x419.avif 768w, https:\/\/sugardaddyplanet.com\/wp-content\/uploads\/2026\/03\/image-undefined-10-18x10.avif 18w, https:\/\/sugardaddyplanet.com\/wp-content\/uploads\/2026\/03\/image-undefined-10-800x436.avif 800w, https:\/\/sugardaddyplanet.com\/wp-content\/uploads\/2026\/03\/image-undefined-10-938x512.avif 938w\" sizes=\"(max-width: 980px) 100vw, 980px\" \/><\/a><\/figure><h3 class=\"ugb-blog-posts__title\"><a href=\"https:\/\/sugardaddyplanet.com\/cs\/how-to-spot-a-fake-sugar-daddy-15-red-flags-you-cant-ignore\/\">Jak poznat fale\u0161n\u00e9ho sugar dady: 15 varovn\u00fdch sign\u00e1l\u016f, kter\u00e9 nem\u016f\u017eete ignorovat<\/a><\/h3><div class=\"ugb-blog-posts__excerpt\"><p>Sv\u011bt sugar datingu nab\u00edz\u00ed skute\u010dn\u00e9 p\u0159\u00edle\u017eitosti k oboustrann\u011b prosp\u011b\u0161n\u00fdm vztah\u016fm, ale je to tak\u00e9 prostor, kde p\u016fsob\u00ed podvodn\u00edci. Podle \u00fadaj\u016f FTC tvo\u0159ily romantick\u00e9 podvody p\u0159es $1,3 miliardy p\u0159iznan\u00fdch ztr\u00e1t v\u2026<\/div><p class=\"ugb-blog-posts__readmore\"><a href=\"https:\/\/sugardaddyplanet.com\/cs\/how-to-spot-a-fake-sugar-daddy-15-red-flags-you-cant-ignore\/\">\u010c\u00edst v\u00edce<\/a><\/p><\/div><\/article><article class=\"ugb-blog-posts__item\"><div class=\"ugb-blog-posts__content\"><figure class=\"ugb-blog-posts__featured-image ugb--shadow-3\"><a href=\"https:\/\/sugardaddyplanet.com\/cs\/what-is-sugar-dating-complete-guide-2025\/\"><img decoding=\"async\" width=\"720\" height=\"960\" src=\"https:\/\/sugardaddyplanet.com\/wp-content\/uploads\/2026\/02\/imagen-1-1.avif\" class=\"attachment-large size-large wp-post-image\" alt=\"\u017dena proch\u00e1z\u00ed aplikaci pro sugar dating na telefonu v kav\u00e1rn\u011b\" srcset=\"https:\/\/sugardaddyplanet.com\/wp-content\/uploads\/2026\/02\/imagen-1-1.avif 720w, https:\/\/sugardaddyplanet.com\/wp-content\/uploads\/2026\/02\/imagen-1-1-375x500.avif 375w, https:\/\/sugardaddyplanet.com\/wp-content\/uploads\/2026\/02\/imagen-1-1-113x150.avif 113w, https:\/\/sugardaddyplanet.com\/wp-content\/uploads\/2026\/02\/imagen-1-1-9x12.avif 9w\" sizes=\"(max-width: 720px) 100vw, 720px\" \/><\/a><\/figure><h3 class=\"ugb-blog-posts__title\"><a href=\"https:\/\/sugardaddyplanet.com\/cs\/what-is-sugar-dating-complete-guide-2025\/\">Co je Sugar Dating: Kompletn\u00ed pr\u016fvodce 2025<\/a><\/h3><div class=\"ugb-blog-posts__excerpt\"><p>Sugar dating se vyvinul v uzn\u00e1vanou formu modern\u00ed vztahov\u00e9 dynamiky, kde se jednotlivci propojuj\u00ed na z\u00e1klad\u011b vz\u00e1jemn\u00fdch z\u00e1jm\u016f, spole\u010dnosti a sd\u00edlen\u00fdch z\u00e1\u017eitk\u016f. V podstat\u011b jde o vytv\u00e1\u0159en\u00ed spojen\u00ed, kter\u00e1 \u010dasto kombinuj\u00ed mentorstv\u00ed, dobrodru\u017estv\u00ed,\u2026<\/div><p class=\"ugb-blog-posts__readmore\"><a href=\"https:\/\/sugardaddyplanet.com\/cs\/what-is-sugar-dating-complete-guide-2025\/\">\u010c\u00edst v\u00edce<\/a><\/p><\/div><\/article><\/div><\/div><\/div>","protected":false},"excerpt":{"rendered":"<p>How to Talk About Expectations Without Sounding Transactional Discussing what you hope to get out of a relationship can feel tricky, especially when you want to keep things genuine and connected. In sugar dating arrangements, where mutual benefits often play a central role,&#8230; Leer M\u00e1s My Sugar Daddy Is Falling in Love With Me: How [&hellip;]<\/p>\n","protected":false},"author":1,"featured_media":0,"parent":0,"menu_order":0,"comment_status":"closed","ping_status":"closed","template":"","meta":{"pmpro_default_level":"","footnotes":""},"class_list":["post-595","page","type-page","status-publish","hentry","pmpro-has-access"],"featured_image_urls":{"full":"","thumbnail":"","medium":"","medium_large":"","large":"","1536x1536":"","2048x2048":"","trp-custom-language-flag":"","rt_media_thumbnail":"","rt_media_activity_image":"","rt_media_single_image":"","rt_media_featured_image":"","post-thumbnail":"","blog_carousel":""},"post_excerpt_stackable":"<p>How to Talk About Expectations Without Sounding TransactionalDiscussing what you hope to get out of a relationship can feel tricky, especially when you want to keep things genuine and connected. In sugar dating arrangements, where mutual benefits often play a central role,&#8230;Leer M\u00e1sMy Sugar Daddy Is Falling in Love With Me: How Should I React?It&#8217;s a situation that can catch anyone off guard in the world of sugar dating. You&#8217;ve been enjoying the perks \u2013 elegant dinners, spontaneous trips, genuine conversation \u2013 and suddenly, things shift. Your sugar daddy&#8230;Leer M\u00e1sHow to Spot a Fake Sugar Daddy: 15 Red Flags You&hellip;<\/p>\n","category_list":"","author_info":{"name":"Administrador","url":"https:\/\/sugardaddyplanet.com\/cs\/author\/poweb\/"},"comments_num":"0 comments","featured_image_urls_v2":{"full":"","thumbnail":"","medium":"","medium_large":"","large":"","1536x1536":"","2048x2048":"","trp-custom-language-flag":"","rt_media_thumbnail":"","rt_media_activity_image":"","rt_media_single_image":"","rt_media_featured_image":"","post-thumbnail":"","blog_carousel":""},"post_excerpt_stackable_v2":"<p>How to Talk About Expectations Without Sounding TransactionalDiscussing what you hope to get out of a relationship can feel tricky, especially when you want to keep things genuine and connected. In sugar dating arrangements, where mutual benefits often play a central role,&#8230;Leer M\u00e1sMy Sugar Daddy Is Falling in Love With Me: How Should I React?It&#8217;s a situation that can catch anyone off guard in the world of sugar dating. You&#8217;ve been enjoying the perks \u2013 elegant dinners, spontaneous trips, genuine conversation \u2013 and suddenly, things shift. Your sugar daddy&#8230;Leer M\u00e1sHow to Spot a Fake Sugar Daddy: 15 Red Flags You&hellip;<\/p>\n","category_list_v2":"","author_info_v2":{"name":"Administrador","url":"https:\/\/sugardaddyplanet.com\/cs\/author\/poweb\/"},"comments_num_v2":"0 comments","yoast_head":"<!-- This site is optimized with the Yoast SEO plugin v27.5 - https:\/\/yoast.com\/product\/yoast-seo-wordpress\/ -->\n<title>Blog<\/title>\n<meta name=\"robots\" content=\"index, follow, max-snippet:-1, max-image-preview:large, max-video-preview:-1\" \/>\n<link rel=\"canonical\" href=\"https:\/\/sugardaddyplanet.com\/cs\/blog-cukr\/\" \/>\n<meta property=\"og:locale\" content=\"cs_CZ\" \/>\n<meta property=\"og:type\" content=\"article\" \/>\n<meta property=\"og:title\" content=\"Blog\" \/>\n<meta property=\"og:description\" content=\"How to Talk About Expectations Without Sounding Transactional Discussing what you hope to get out of a relationship can feel tricky, especially when you want to keep things genuine and connected. In sugar dating arrangements, where mutual benefits often play a central role,&#8230; Leer M\u00e1s My Sugar Daddy Is Falling in Love With Me: How [&hellip;]\" \/>\n<meta property=\"og:url\" content=\"https:\/\/sugardaddyplanet.com\/cs\/blog-cukr\/\" \/>\n<meta property=\"og:site_name\" content=\"Sugar Daddy Planet\" \/>\n<meta property=\"article:modified_time\" content=\"2025-10-16T12:48:51+00:00\" \/>\n<meta name=\"twitter:card\" content=\"summary_large_image\" \/>\n<script type=\"application\/ld+json\" class=\"yoast-schema-graph\">{\"@context\":\"https:\\\/\\\/schema.org\",\"@graph\":[{\"@type\":\"WebPage\",\"@id\":\"https:\\\/\\\/sugardaddyplanet.com\\\/blog-sugar\\\/\",\"url\":\"https:\\\/\\\/sugardaddyplanet.com\\\/blog-sugar\\\/\",\"name\":\"Blog\",\"isPartOf\":{\"@id\":\"https:\\\/\\\/sugardaddyplanet.com\\\/#website\"},\"datePublished\":\"2018-08-07T15:53:43+00:00\",\"dateModified\":\"2025-10-16T12:48:51+00:00\",\"breadcrumb\":{\"@id\":\"https:\\\/\\\/sugardaddyplanet.com\\\/blog-sugar\\\/#breadcrumb\"},\"inLanguage\":\"cs\",\"potentialAction\":[{\"@type\":\"ReadAction\",\"target\":[\"https:\\\/\\\/sugardaddyplanet.com\\\/blog-sugar\\\/\"]}]},{\"@type\":\"BreadcrumbList\",\"@id\":\"https:\\\/\\\/sugardaddyplanet.com\\\/blog-sugar\\\/#breadcrumb\",\"itemListElement\":[{\"@type\":\"ListItem\",\"position\":1,\"name\":\"Home\",\"item\":\"https:\\\/\\\/sugardaddyplanet.com\\\/\"},{\"@type\":\"ListItem\",\"position\":2,\"name\":\"Blog\"}]},{\"@type\":\"WebSite\",\"@id\":\"https:\\\/\\\/sugardaddyplanet.com\\\/#website\",\"url\":\"https:\\\/\\\/sugardaddyplanet.com\\\/\",\"name\":\"Sugar Daddy Planet\",\"description\":\"World social network for sugar daddies and sugar babies.\",\"publisher\":{\"@id\":\"https:\\\/\\\/sugardaddyplanet.com\\\/#organization\"},\"potentialAction\":[{\"@type\":\"SearchAction\",\"target\":{\"@type\":\"EntryPoint\",\"urlTemplate\":\"https:\\\/\\\/sugardaddyplanet.com\\\/?s={search_term_string}\"},\"query-input\":{\"@type\":\"PropertyValueSpecification\",\"valueRequired\":true,\"valueName\":\"search_term_string\"}}],\"inLanguage\":\"cs\"},{\"@type\":\"Organization\",\"@id\":\"https:\\\/\\\/sugardaddyplanet.com\\\/#organization\",\"name\":\"Sugar Daddy Planet\",\"url\":\"https:\\\/\\\/sugardaddyplanet.com\\\/\",\"logo\":{\"@type\":\"ImageObject\",\"inLanguage\":\"cs\",\"@id\":\"https:\\\/\\\/sugardaddyplanet.com\\\/#\\\/schema\\\/logo\\\/image\\\/\",\"url\":\"\",\"contentUrl\":\"\",\"caption\":\"Sugar Daddy Planet\"},\"image\":{\"@id\":\"https:\\\/\\\/sugardaddyplanet.com\\\/#\\\/schema\\\/logo\\\/image\\\/\"}}]}<\/script>\n<!-- \/ Yoast SEO plugin. -->","yoast_head_json":{"title":"Blog","robots":{"index":"index","follow":"follow","max-snippet":"max-snippet:-1","max-image-preview":"max-image-preview:large","max-video-preview":"max-video-preview:-1"},"canonical":"https:\/\/sugardaddyplanet.com\/cs\/blog-cukr\/","og_locale":"cs_CZ","og_type":"article","og_title":"Blog","og_description":"How to Talk About Expectations Without Sounding Transactional Discussing what you hope to get out of a relationship can feel tricky, especially when you want to keep things genuine and connected. In sugar dating arrangements, where mutual benefits often play a central role,&#8230; Leer M\u00e1s My Sugar Daddy Is Falling in Love With Me: How [&hellip;]","og_url":"https:\/\/sugardaddyplanet.com\/cs\/blog-cukr\/","og_site_name":"Sugar Daddy Planet","article_modified_time":"2025-10-16T12:48:51+00:00","twitter_card":"summary_large_image","schema":{"@context":"https:\/\/schema.org","@graph":[{"@type":"WebPage","@id":"https:\/\/sugardaddyplanet.com\/blog-sugar\/","url":"https:\/\/sugardaddyplanet.com\/blog-sugar\/","name":"Blog","isPartOf":{"@id":"https:\/\/sugardaddyplanet.com\/#website"},"datePublished":"2018-08-07T15:53:43+00:00","dateModified":"2025-10-16T12:48:51+00:00","breadcrumb":{"@id":"https:\/\/sugardaddyplanet.com\/blog-sugar\/#breadcrumb"},"inLanguage":"cs","potentialAction":[{"@type":"ReadAction","target":["https:\/\/sugardaddyplanet.com\/blog-sugar\/"]}]},{"@type":"BreadcrumbList","@id":"https:\/\/sugardaddyplanet.com\/blog-sugar\/#breadcrumb","itemListElement":[{"@type":"ListItem","position":1,"name":"Home","item":"https:\/\/sugardaddyplanet.com\/"},{"@type":"ListItem","position":2,"name":"Blog"}]},{"@type":"WebSite","@id":"https:\/\/sugardaddyplanet.com\/#website","url":"https:\/\/sugardaddyplanet.com\/","name":"Sugar Daddy Planet","description":"Sv\u011btov\u00e1 soci\u00e1ln\u00ed s\u00ed\u0165 pro sugar daddies a sugar babies.","publisher":{"@id":"https:\/\/sugardaddyplanet.com\/#organization"},"potentialAction":[{"@type":"SearchAction","target":{"@type":"EntryPoint","urlTemplate":"https:\/\/sugardaddyplanet.com\/?s={search_term_string}"},"query-input":{"@type":"PropertyValueSpecification","valueRequired":true,"valueName":"search_term_string"}}],"inLanguage":"cs"},{"@type":"Organization","@id":"https:\/\/sugardaddyplanet.com\/#organization","name":"Sugar Daddy Planet","url":"https:\/\/sugardaddyplanet.com\/","logo":{"@type":"ImageObject","inLanguage":"cs","@id":"https:\/\/sugardaddyplanet.com\/#\/schema\/logo\/image\/","url":"","contentUrl":"","caption":"Sugar Daddy Planet"},"image":{"@id":"https:\/\/sugardaddyplanet.com\/#\/schema\/logo\/image\/"}}]}},"_links":{"self":[{"href":"https:\/\/sugardaddyplanet.com\/cs\/wp-json\/wp\/v2\/pages\/595","targetHints":{"allow":["GET"]}}],"collection":[{"href":"https:\/\/sugardaddyplanet.com\/cs\/wp-json\/wp\/v2\/pages"}],"about":[{"href":"https:\/\/sugardaddyplanet.com\/cs\/wp-json\/wp\/v2\/types\/page"}],"author":[{"embeddable":true,"href":"https:\/\/sugardaddyplanet.com\/cs\/wp-json\/wp\/v2\/users\/1"}],"replies":[{"embeddable":true,"href":"https:\/\/sugardaddyplanet.com\/cs\/wp-json\/wp\/v2\/comments?post=595"}],"version-history":[{"count":0,"href":"https:\/\/sugardaddyplanet.com\/cs\/wp-json\/wp\/v2\/pages\/595\/revisions"}],"wp:attachment":[{"href":"https:\/\/sugardaddyplanet.com\/cs\/wp-json\/wp\/v2\/media?parent=595"}],"curies":[{"name":"wp","href":"https:\/\/api.w.org\/{rel}","templated":true}]}}